{"id":62744,"date":"2025-04-23T22:34:04","date_gmt":"2025-04-24T02:34:04","guid":{"rendered":"https:\/\/www.easternmennonite.org\/?page_id=62744"},"modified":"2025-09-19T13:55:29","modified_gmt":"2025-09-19T17:55:29","slug":"auction","status":"publish","type":"page","link":"https:\/\/www.easternmennonite.org\/es\/support\/auction\/","title":{"rendered":"Subasta de oto\u00f1o de Fan the Flame 2025"},"content":{"rendered":"<a href=\"https:\/\/app.donorview.com\/Auction\/AuctionInfo?prm=1ll7PRF8QmErcAyv1bQsRqRvCJ8mkZ1xH4AiDWXRu-Z50vohLiiv40gvFRgD_jGiGqPs-M4I4hyEl5itcFciow9H-UH5MHliAnaz4a6BxgMm3vwBuQzNq6GWm4Q1msuJ9liQJbfNGRz8fO4xeQbC3f9-9_LFOYcpTCYitz28UUXvukf9XHD4VPz4_85DcjIAkWqlF3Y-3pHk7b0lfXVEl8LrfVjuBWCJWQF1lF9mNRdQMQiLrvr3AQl7mPFhmcC10\" target=\"_blank\" rel=\"noopener\">\n\t\t\t\t\t\tVer subasta aqu\u00ed\n\t\t\t\t\t<\/a>\n\t<h4><strong>\u00a1JUNTOS, HAC\u00c9IS EMS M\u00c1S FUERTE!<\/strong><\/h4>\n<p>La subasta anual de oto\u00f1o beneficia a <a href=\"https:\/\/www.easternmennonite.org\/es\/support\/flames-fund\/\">Fondo de llamas<\/a>\u00a0En EMS. Los donantes pueden contribuir a lo que les inspira: apoyo a la pertenencia estudiantil, excelencia docente, mejoras en el campus, valores fundamentales y donde m\u00e1s se necesite para fortalecer nuestra visi\u00f3n y misi\u00f3n.<\/p>\n<p>Extendemos nuestra m\u00e1s sincera gratitud a todos por su apoyo y compromiso para avivar la llama. Juntos, podemos marcar una diferencia significativa.<\/p>\n\t\t\t\t<img decoding=\"async\" src=\"https:\/\/www.easternmennonite.org\/wp-content\/uploads\/2024\/11\/FlamesFund-Color-web-300x211.png\" alt=\"FlamesFund-Color-web\" itemprop=\"image\" height=\"211\" width=\"300\" title=\"Fondo FlamesFund-Color-web\" onerror=\"this.style.display='none'\" loading=\"lazy\" \/>\n\t<h2>\u00a0Subasta en l\u00ednea \u2013 del 5 al 15 de septiembre<\/h2>\n\t<ul>\n<li>\u00a1La subasta en l\u00ednea se abrir\u00e1 para ofertas el viernes 5 de septiembre!<\/li>\n<li>Se clausurar\u00e1 el lunes 15 de septiembre a las 21 horas.<\/li>\n<li><strong>Reg\u00edstrese para ofertar:<\/strong>\n<ul>\n<li>Registrados en el evento: si se registr\u00f3 para el evento, recibir\u00e1 un correo electr\u00f3nico de DonorView con la informaci\u00f3n de su cuenta del portal. Al iniciar sesi\u00f3n en su portal, podr\u00e1 realizar ofertas para la subasta en l\u00ednea.<\/li>\n<li>Entrada al portal: haga clic en el <a href=\"https:\/\/app.donorview.com\/Auction\/AuctionInfo?prm=1ll7PRF8QmErcAyv1bQsRqRvCJ8mkZ1xH4AiDWXRu-Z50vohLiiv40gvFRgD_jGiGqPs-M4I4hyEl5itcFciow9H-UH5MHliAnaz4a6BxgMm3vwBuQzNq6GWm4Q1msuJ9liQJbfNGRz8fO4xeQbC3f9-9_LFOYcpTCYitz28UUXvukf9XHD4VPz4_85DcjIAkWqlF3Y-3pHk7b0lfXVEl8LrfVjuBWCJWQF1lF9mNRdQMQiLrvr3AQl7mPFhmcC10\" target=\"_blank\" rel=\"noopener\">enlace de subasta<\/a> \u00a1Registrarse o iniciar sesi\u00f3n para ofertar!<\/li>\n<\/ul>\n<\/li>\n<\/ul>\n\t\t\t\t<img decoding=\"async\" src=\"https:\/\/www.easternmennonite.org\/wp-content\/uploads\/2025\/07\/image0-4-150x150.jpeg\" alt=\"Gluten Free Cake\" itemprop=\"image\" height=\"150\" width=\"150\" title=\"subasta:pastel sin gluten\" onerror=\"this.style.display='none'\" loading=\"lazy\" \/>\n\t\tPastel sin gluten\n\t\t\t\t<img decoding=\"async\" src=\"https:\/\/www.easternmennonite.org\/wp-content\/uploads\/2025\/07\/pjj-logo-border-150x150.jpg\" alt=\"Phil&#039;s Just Java freshly roasted coffee beans\" itemprop=\"image\" height=\"150\" width=\"150\" title=\"subasta:caf\u00e9\" onerror=\"this.style.display='none'\" loading=\"lazy\" \/>\n\t\tGranos de caf\u00e9 reci\u00e9n tostados Just Java de Phil\n\t\t\t\t<img decoding=\"async\" src=\"https:\/\/www.easternmennonite.org\/wp-content\/uploads\/2024\/09\/Sunset-150x150.jpg\" alt=\"Summit Airbnb\" itemprop=\"image\" height=\"150\" width=\"150\" title=\"Atardecer\" onerror=\"this.style.display='none'\" loading=\"lazy\" \/>\n\t\tCumbre Airbnb\n\t<h1>DETALLES DEL EVENTO EN VIVO<\/h1>\n<h1>Cena \u00b7 M\u00fasica \u00b7 Subasta<\/h1>\n<h3><strong><a href=\"https:\/\/www.facebook.com\/libertystloft\/\"><em>El loft en la calle Liberty<\/em><\/a><\/strong>:<br \/>\nUn impresionante lugar en el centro con detalles bellamente conservados y refinamiento moderno.<\/h3>\n<h3>S\u00e1bado, 13 de septiembre de 2025 a las 17:30<\/h3>\n<h3><em>Una reuni\u00f3n para adultos que se preocupan por los EMS<\/em><\/h3>\n\t\t\t\t<img decoding=\"async\" src=\"https:\/\/www.easternmennonite.org\/wp-content\/uploads\/2025\/05\/20240913_163909-666x476.jpg\" alt=\"The Loft at Liberty\" itemprop=\"image\" height=\"476\" width=\"666\" title=\"2024.Subasta\" onerror=\"this.style.display='none'\" loading=\"lazy\" \/>\n\t\tEl loft en la libertad\n\t\t\t\t<img decoding=\"async\" src=\"https:\/\/www.easternmennonite.org\/wp-content\/uploads\/2024\/05\/Adam_YoderIMG_1396_cropped-666x476.jpg\" alt=\"Hosted by Adam Yoder\" itemprop=\"image\" height=\"476\" width=\"666\" title=\"Adam_YoderIMG_1396_cropped\" onerror=\"this.style.display='none'\" loading=\"lazy\" \/>\n\t\tAnfitri\u00f3n: Adam Yoder\n\t\t\t\t<img decoding=\"async\" src=\"https:\/\/www.easternmennonite.org\/wp-content\/uploads\/2025\/05\/Thaddeus-Jackson-2024-crop-666x476.jpg\" alt=\"Thaddeus Jackson&#039; 20\" itemprop=\"image\" height=\"476\" width=\"666\" title=\"Cosecha de Thaddeus Jackson 2024\" onerror=\"this.style.display='none'\" loading=\"lazy\" \/>\n\t\tLos 20 de Thaddeus Jackson\n\t<h4><strong>HORARIO DE LA TARDE<\/strong><\/h4>\n<p><strong>M\u00fasica \u2013 5:30 PM<\/strong><\/p>\n<p>El ex alumno Thaddeus Jackson &#039;20 est\u00e1 formando un cuarteto de jazz para tocar durante la hora social.<\/p>\n<p><strong>Cena \u2013 6:30 p.m.<\/strong><\/p>\n<p>Un men\u00fa moderno inspirado en la temporada atendido por Magpie Diner (<a href=\"https:\/\/www.easternmennonite.org\/es\/2019\/09\/restauranteur-and-entrepeneur-kirsten-nafziger-89-moore-honored-with-community-engagement-award\/\">Kirsten Nafziger &#039;89<\/a>)<\/p>\n<p><strong>Subasta<\/strong><\/p>\n<p>Despu\u00e9s de la cena, habr\u00e1 una subasta en vivo de experiencias \u00fanicas, organizada por Adam Yoder, padre de un exalumno de EMS, trabajador social y un divertido subastador. Lo recaudado se destinar\u00e1 al Fondo EMS Flames.<\/p>\n<p>\u00a1Vea una vista previa de las subastas en vivo y silenciosas aqu\u00ed! <em>(cuando se abre)<\/em><\/p>\n\t<p><strong>Consejos para los asistentes:<\/strong><\/p>\n<ul>\n<li>\u00a1Atuendo elegante y c\u00f3modo (c\u00f3ctel opcional) para salir por la noche!<\/li>\n<li>Estacionamiento: estacionamiento en la calle, estacionamiento del edificio municipal del condado de Rockingham, estacionamiento Magpie y Mercantile, o estacionamiento accesible detr\u00e1s del Loft.<\/li>\n<\/ul>\n<p><b>MEN\u00da<\/b><\/p>\n<b>Aperitivos para la hora social:<br \/>\n<\/b>Huevos rellenos de bagel con salm\u00f3n ahumado (sin gluten)<br \/>\nCrostini de burrata y miel picante (v)<br \/>\nPanceta de cerdo quemada con pepino encurtido (sin gluten)\u00a0\n<b>Men\u00fa Buffet:<br \/>\n<\/b>Ensalada C\u00e9sar con ma\u00edz dulce flameado (v, gf)<br \/>\nPanecillos calientes con mantequilla de hierbas (v)<br \/>\nPechuga de res ahumada (sin gluten, sin l\u00e1cteos)<br \/>\nMuslos de pollo asados con miel picante y lima (sin gluten, sin l\u00e1cteos)<br \/>\nMacarrones con queso gouda ahumado (v)<br \/>\nAlubias verdes con ajo (veganas, sin gluten)<br \/>\nEnsalada de papa carbonizada con chimichurri (vegana, sin gluten)<br \/>\nCalabac\u00edn asado con lim\u00f3n y hierbas (vegano, sin gluten)\u00a0\n<b>Postres:<br \/>\n<\/b>Tartas de chocolate S&#039;mores con merengue de malvavisco tostado (v)<br \/>\nTartas de merengue de lim\u00f3n asado<br \/>\nParfaits de yogur con miel batida y frutas asadas de finales de verano (vegano, sin gluten, sin l\u00e1cteos) \n<h3>\n\t\t\t\u00a1Gracias a nuestros generosos patrocinadores del 2025!\t<\/h3>\n\t\t\t\t<img decoding=\"async\" src=\"https:\/\/www.easternmennonite.org\/wp-content\/uploads\/2022\/02\/PBMares-screenshot-300x132.jpg\" alt=\"Music Sponsor\" itemprop=\"image\" height=\"132\" width=\"300\" title=\"Captura de pantalla de PBMare\" onerror=\"this.style.display='none'\" loading=\"lazy\" \/>\n\t\tPatrocinador musical\n\t\t\t\t<a href=\"https:\/\/www.thegainesgroup.com\/\"  target=\"_blank\" rel=\"noopener\"  itemprop=\"url\">\n\t\t\t\t<img decoding=\"async\" src=\"https:\/\/www.easternmennonite.org\/wp-content\/uploads\/2025\/07\/Full_Logo_Stacked_color-1-300x135.png\" alt=\"Invitation Sponsor\" itemprop=\"image\" height=\"135\" width=\"300\" title=\"GainesGroup.Logotipo completo apilado en color\" onerror=\"this.style.display='none'\" loading=\"lazy\" \/>\n\t\t\t\t<\/a>\n\t\tPatrocinador de la invitaci\u00f3n\n\t\t\t\t<img decoding=\"async\" src=\"https:\/\/www.easternmennonite.org\/wp-content\/uploads\/2019\/09\/Everence_H_cmyk-300x65.jpg\" alt=\" Dessert Sponsor\" itemprop=\"image\" height=\"65\" width=\"300\" title=\"Everence_H_cmyk\" onerror=\"this.style.display='none'\" loading=\"lazy\" \/>\n\t\t Patrocinador de postres\n\t\t\t\t<img decoding=\"async\" src=\"https:\/\/www.easternmennonite.org\/wp-content\/uploads\/2025\/03\/ldb_logo-transparent.png\" alt=\"ldb_logo transparent\" itemprop=\"image\" height=\"145\" width=\"217\" title=\"ldb_logo transparente\" onerror=\"this.style.display='none'\" loading=\"lazy\" \/>\n\t\t\t\t<img decoding=\"async\" src=\"https:\/\/www.easternmennonite.org\/wp-content\/plugins\/bb-plugin\/img\/pixel.png\" alt=\"\" itemprop=\"image\" onerror=\"this.style.display='none'\" loading=\"lazy\" \/>\n\t\t\t\t<img decoding=\"async\" src=\"https:\/\/www.easternmennonite.org\/wp-content\/uploads\/2023\/03\/MAPLEWOOD-VALLEY-2023-DTF-300x205.jpg\" alt=\"Untitled-1\" itemprop=\"image\" height=\"205\" width=\"300\" title=\"Sin t\u00edtulo-1\" onerror=\"this.style.display='none'\" loading=\"lazy\" \/>\n\t\t\t\t<img decoding=\"async\" src=\"https:\/\/www.easternmennonite.org\/wp-content\/uploads\/2025\/09\/tdc-marketing-2024-Logo-stacked-300x84.png\" alt=\"tdc marketing - 2024 Logo - stacked\" itemprop=\"image\" height=\"84\" width=\"300\" title=\"tdc marketing - Logotipo 2024 - apilado\" onerror=\"this.style.display='none'\" loading=\"lazy\" \/>\n\t\t\t\t<a href=\"https:\/\/www.weaversflooringamericaharrisonburg.com\/\"  target=\"_blank\" rel=\"noopener\"  itemprop=\"url\">\n\t\t\t\t<img decoding=\"async\" src=\"https:\/\/www.easternmennonite.org\/wp-content\/uploads\/2019\/04\/Weavers-FA-Mf1695_01_VTg_RGB-300x190.jpg\" alt=\"Weaver&#039;s Flooring Logo\" itemprop=\"image\" height=\"190\" width=\"300\" title=\"FA-Mf1695_01_VTg_CMYK\" onerror=\"this.style.display='none'\" loading=\"lazy\" \/>\n\t\t\t\t<\/a>\n\t<h1><strong>An\u00f3nimo<\/strong><\/h1>\n\t\t\t\t<a href=\"https:\/\/www.venturebuildersinc.com\/\"  target=\"_blank\" rel=\"noopener\"  itemprop=\"url\">\n\t\t\t\t<img decoding=\"async\" src=\"https:\/\/www.easternmennonite.org\/wp-content\/uploads\/2019\/04\/Venture-Builders-Logo-300x96.png\" alt=\"Venture Builders Logo\" itemprop=\"image\" height=\"96\" width=\"300\" onerror=\"this.style.display='none'\" loading=\"lazy\" \/>\n\t\t\t\t<\/a>\n\t\t\t\t<img decoding=\"async\" src=\"https:\/\/www.easternmennonite.org\/wp-content\/uploads\/2020\/10\/AMYoder-crop-margin-300x168.jpg\" alt=\"AM Yoder Logo\" itemprop=\"image\" height=\"168\" width=\"300\" title=\"Margen de cultivo AMYoder\" onerror=\"this.style.display='none'\" loading=\"lazy\" \/>\n\t\t\t\t<img decoding=\"async\" src=\"https:\/\/www.easternmennonite.org\/wp-content\/uploads\/2025\/09\/asdelia-logo_primary-logo-ink-300x155.png\" alt=\"asdelia-logo_primary-logo-ink\" itemprop=\"image\" height=\"155\" width=\"300\" title=\"asdelia-logo_logotipo-primario-tinta\" onerror=\"this.style.display='none'\" loading=\"lazy\" \/>\n\t\t\t\t<a href=\"https:\/\/rockingham.insure\/?utm_source=partner&#038;utm_medium=logo&#038;utm_content=emhs_auction\"  target=\"_blank\" rel=\"noopener\"  itemprop=\"url\">\n\t\t\t\t<img decoding=\"async\" src=\"https:\/\/www.easternmennonite.org\/wp-content\/uploads\/2019\/04\/ParkViewLogo-300x75.jpg\" alt=\"Park View Federal Credit Union\" itemprop=\"image\" height=\"75\" width=\"300\" title=\"Park View Federal Credit Union\" onerror=\"this.style.display='none'\" loading=\"lazy\" \/>\n\t\t\t\t<\/a>\n\t\t\t\t<img decoding=\"async\" src=\"https:\/\/www.easternmennonite.org\/wp-content\/uploads\/2024\/08\/Final-Logo-Dark-Blue-Full-Width-300x78.png\" alt=\"Final-Logo-Dark-Blue-Full-Width\" itemprop=\"image\" height=\"78\" width=\"300\" title=\"Logotipo final azul oscuro de ancho completo\" onerror=\"this.style.display='none'\" loading=\"lazy\" \/>","protected":false},"excerpt":{"rendered":"<p>Ver subasta aqu\u00ed. \u00a1JUNTOS, FORTALECEMOS A EMS! La subasta anual de oto\u00f1o beneficia al Fondo Flames de EMS. Los donantes pueden contribuir a lo que les inspira: apoyo a la pertenencia estudiantil, excelencia educativa, mejoras en el campus, valores fundamentales y donde m\u00e1s se necesite para fortalecer nuestra visi\u00f3n y misi\u00f3n. Les expresamos nuestro m\u00e1s sincero agradecimiento a todos por su apoyo y\u2026<\/p>","protected":false},"author":1,"featured_media":46678,"parent":37,"menu_order":0,"comment_status":"closed","ping_status":"closed","template":"","meta":{"_acf_changed":false,"footnotes":""},"class_list":["post-62744","page","type-page","status-publish","has-post-thumbnail","hentry"],"acf":[],"_links":{"self":[{"href":"https:\/\/www.easternmennonite.org\/es\/wp-json\/wp\/v2\/pages\/62744","targetHints":{"allow":["GET"]}}],"collection":[{"href":"https:\/\/www.easternmennonite.org\/es\/wp-json\/wp\/v2\/pages"}],"about":[{"href":"https:\/\/www.easternmennonite.org\/es\/wp-json\/wp\/v2\/types\/page"}],"author":[{"embeddable":true,"href":"https:\/\/www.easternmennonite.org\/es\/wp-json\/wp\/v2\/users\/1"}],"replies":[{"embeddable":true,"href":"https:\/\/www.easternmennonite.org\/es\/wp-json\/wp\/v2\/comments?post=62744"}],"version-history":[{"count":6,"href":"https:\/\/www.easternmennonite.org\/es\/wp-json\/wp\/v2\/pages\/62744\/revisions"}],"predecessor-version":[{"id":77121,"href":"https:\/\/www.easternmennonite.org\/es\/wp-json\/wp\/v2\/pages\/62744\/revisions\/77121"}],"up":[{"embeddable":true,"href":"https:\/\/www.easternmennonite.org\/es\/wp-json\/wp\/v2\/pages\/37"}],"wp:featuredmedia":[{"embeddable":true,"href":"https:\/\/www.easternmennonite.org\/es\/wp-json\/wp\/v2\/media\/46678"}],"wp:attachment":[{"href":"https:\/\/www.easternmennonite.org\/es\/wp-json\/wp\/v2\/media?parent=62744"}],"curies":[{"name":"gracias","href":"https:\/\/api.w.org\/{rel}","templated":true}]}}