{"id":64523,"date":"2025-01-21T10:56:31","date_gmt":"2025-01-21T15:56:31","guid":{"rendered":"https:\/\/www.easternmennonite.org\/?page_id=64523"},"modified":"2025-02-07T15:14:06","modified_gmt":"2025-02-07T20:14:06","slug":"mec","status":"publish","type":"page","link":"https:\/\/www.easternmennonite.org\/es\/mec\/","title":{"rendered":"Conferencia de educadores menonitas 2025"},"content":{"rendered":"<a href=\"https:\/\/www.easternmennonite.org\/wp-content\/uploads\/2025\/02\/MEC-2025-Program-Book-FINAL.pdf\" target=\"_blank\" rel=\"noopener\">\n\t\t\t\t\t\t\tHaga clic aqu\u00ed para ver el programa\n\t\t\t\t\t<\/a>\n\t\t\t<a href=\"https:\/\/drive.google.com\/drive\/folders\/1dPKD9ENmml5dztou6l2saUN1sPLxzLXU?usp=drive_link\" target=\"_blank\" rel=\"noopener\">\n\t\t\t\t\t\t\tPor favor robe esta presentaci\u00f3n\n\t\t\t\t\t<\/a>\n\t<h2><a href=\"https:\/\/www.easternmennonite.org\/wp-content\/uploads\/2025\/02\/MEC-2025-Program-Book-FINAL.pdf\">Libro de programa<\/a><\/h2>\n<p>Construyendo puentes<\/p>\n<h2>6 al 8 de febrero de 2025<\/h2>\n<p><a href=\"https:\/\/www.conferencecenter.com\/\">El Centro Nacional de Conferencias<\/a><\/p>\n<p>Leesburg, Virginia<\/p>\n<h2>Vers\u00edculo<\/h2>\n<p>1 Corintios 3:9-11, <em>CEB<\/em><\/p>\n<p>Somos colaboradores de Dios, y ustedes son el campo de Dios, el edificio de Dios. Yo, como buen arquitecto, puse los cimientos conforme a la gracia de Dios que me fue dada, pero otro est\u00e1 edificando encima. Cada uno debe prestar atenci\u00f3n a c\u00f3mo edifica sobre ellos.<\/p>\n<p>Nadie puede poner otro fundamento que el que est\u00e1 puesto, el cual es Jesucristo.<\/p>\n<h2><a href=\"https:\/\/www.easternmennonite.org\/wp-content\/uploads\/2025\/01\/MEC-2025-Certificate-of-Participation.png\">Certificado de participaci\u00f3n<\/a><\/h2>\n\t<p><img loading=\"lazy\" decoding=\"async\" src=\"https:\/\/www.easternmennonite.org\/wp-content\/uploads\/2025\/01\/Cover-2.png\" alt=\"\" width=\"1200\" height=\"403\" \/><\/p>\n<h2>\n\t\tPatrocinadores de la Conferencia de Educadores Menonitas 2025\n\t<\/h2>","protected":false},"excerpt":{"rendered":"<p>Haga clic aqu\u00ed para el programa. Por favor, obtenga este programa de presentaciones. Construyendo Puentes, 6 al 8 de febrero de 2025. Centro Nacional de Conferencias, Leesburg, Virginia. Vers\u00edculo 1 Corintios 3:9-11, NVI. Nosotros somos colaboradores de Dios, y ustedes son labranza de Dios, edificio de Dios. Puse los cimientos como un perito arquitecto, conforme a la gracia de Dios que...<\/p>","protected":false},"author":30,"featured_media":50277,"parent":0,"menu_order":0,"comment_status":"closed","ping_status":"closed","template":"","meta":{"_acf_changed":false,"footnotes":""},"class_list":["post-64523","page","type-page","status-publish","has-post-thumbnail","hentry"],"acf":[],"_links":{"self":[{"href":"https:\/\/www.easternmennonite.org\/es\/wp-json\/wp\/v2\/pages\/64523","targetHints":{"allow":["GET"]}}],"collection":[{"href":"https:\/\/www.easternmennonite.org\/es\/wp-json\/wp\/v2\/pages"}],"about":[{"href":"https:\/\/www.easternmennonite.org\/es\/wp-json\/wp\/v2\/types\/page"}],"author":[{"embeddable":true,"href":"https:\/\/www.easternmennonite.org\/es\/wp-json\/wp\/v2\/users\/30"}],"replies":[{"embeddable":true,"href":"https:\/\/www.easternmennonite.org\/es\/wp-json\/wp\/v2\/comments?post=64523"}],"version-history":[{"count":0,"href":"https:\/\/www.easternmennonite.org\/es\/wp-json\/wp\/v2\/pages\/64523\/revisions"}],"wp:featuredmedia":[{"embeddable":true,"href":"https:\/\/www.easternmennonite.org\/es\/wp-json\/wp\/v2\/media\/50277"}],"wp:attachment":[{"href":"https:\/\/www.easternmennonite.org\/es\/wp-json\/wp\/v2\/media?parent=64523"}],"curies":[{"name":"gracias","href":"https:\/\/api.w.org\/{rel}","templated":true}]}}