{"id":6917,"date":"2019-01-31T16:00:14","date_gmt":"2019-01-31T21:00:14","guid":{"rendered":"https:\/\/emsdev.digpants.com\/?page_id=6917"},"modified":"2025-12-12T08:34:52","modified_gmt":"2025-12-12T13:34:52","slug":"flames-fund","status":"publish","type":"page","link":"https:\/\/www.easternmennonite.org\/es\/support\/flames-fund\/","title":{"rendered":"Fondo de llamas"},"content":{"rendered":"<a href=\"https:\/\/www.easternmennonite.org\/es\/support\/christmas-fund-drive\/\" target=\"_self\">\n\t\t\t\t\t\tRecaudaci\u00f3n de fondos\n\t\t\t\t\t<\/a>\n\t\t\t<a href=\"https:\/\/www.easternmennonite.org\/es\/support\/virginia-tax-credits\/\" target=\"_self\">\n\t\t\t\t\t\tCr\u00e9dito fiscal del VA\n\t\t\t\t\t<\/a>\n\t\t\t<a href=\"\" target=\"_self\">\n\t\t\t\t\t\tGive now!\n\t\t\t\t\t<\/a>\n\t<h2>\u00bfQu\u00e9 te inspira?<\/h2>\n<p>El Fondo Flames de la Escuela Menonita del Este apoya el acceso de los estudiantes, la excelencia educativa, las mejoras del campus, los valores fundamentales y fortalece nuestra visi\u00f3n y misi\u00f3n.<\/p>\n<h4>Dona a tu \u00e1rea de impacto seleccionada:<\/h4>\n\t\t<h4>\n\t\t\tModal Box\n\t\t\t\t\t<\/h4>\n\t\t<h5>modal-<\/h5>\n\t\tClick here to edit the &#8220;modal-box&#8221; settings. This text is only for editing and will not appear after you publish the changes.\t\n\t\t\t\t\t\tPreview\n\t\t\tmodal-\n\t\t\t\t\t\t<img decoding=\"async\" src=\"https:\/\/www.easternmennonite.org\/wp-content\/plugins\/bbpowerpack\/assets\/images\/ajax-loader.gif\" alt=\"loader\" \/>\t\t\t\t\t\n\t\t\t\t<img decoding=\"async\" src=\"https:\/\/www.easternmennonite.org\/wp-content\/uploads\/2025\/10\/25-26-Flames-Fund-Pie.jpg\" alt=\"25-26 Flames Fund Pie\" itemprop=\"image\" height=\"1168\" width=\"638\" title=\"25-26 Pastel del Fondo de Llamas\" onerror=\"this.style.display='none'\" loading=\"lazy\" \/>\n<h2>\n\t\t\tFormas de donar que fortalecen el Fondo Flames\t<\/h2>\n\t<ul>\n<li><strong>Regalos anuales. <\/strong><a href=\"https:\/\/app.dvforms.net\/api\/dv\/nyMjq\" target=\"_blank\" rel=\"noopener\">Give online<\/a> O con cheque a nombre de Eastern Mennonite School, con la palabra &quot;Flames Fund&quot; y su designaci\u00f3n, si lo desea, en la l\u00ednea de notas. \u00danase a nuestro C\u00edrculo de Luces de Anclaje con una donaci\u00f3n mensual fiel para que cada estudiante brille. Env\u00ede por correo a: 801 Parkwood Drive, Harrisonburg, VA 22802.<\/li>\n<li><a href=\"https:\/\/www.easternmennonite.org\/es\/christmas-fund-drive\/\"><strong>Christmas Fund Drive<\/strong><\/a>El objetivo de recaudaci\u00f3n de fondos de se fortalece en el Fondo Flames y brinda a los estudiantes la oportunidad de aprender sobre la generosidad de primera mano.<\/li>\n<li><strong><a href=\"https:\/\/www.easternmennonite.org\/es\/support\/virginia-tax-credits\/\">Programa de cr\u00e9dito fiscal para becas de mejora del Departamento de Educaci\u00f3n de Virginia<\/a> <\/strong>financia directamente la ayuda estudiantil en el Fondo Flames.<\/li>\n<li><strong>Aprenda m\u00e1s sobre la creatividad <a href=\"https:\/\/www.easternmennonite.org\/es\/support\/ways-to-give\/\" target=\"_blank\" rel=\"noopener\">maneras de dar<\/a>,<\/strong> incluyendo donaciones de acciones, bienes ra\u00edces, distribuciones caritativas calificadas, obsequios a trav\u00e9s de testamentos y otros activos.<\/li>\n<\/ul>\n<p><img loading=\"lazy\" decoding=\"async\" src=\"https:\/\/www.easternmennonite.org\/wp-content\/uploads\/2024\/11\/FlamesFund-Color-web.png\" alt=\"\" width=\"590\" height=\"415\" \/><\/p>\n<h3>\n\t\t\tSupport\t<\/h3>\n\t\t\t<h3>Why do you give?<\/h3>\n\t\t\t<blockquote><h4>\u201cSeguimos dando porque queremos que otros estudiantes tengan la misma experiencia en EMS que tuvo nuestro hijo\u201d.<\/h4><h4>Madre del alumno del 93.<\/h4><\/blockquote>\t\t\n<h2>\n\t\t\tAnnual Giving Levels\t<\/h2>\n\t<ul>\n<li>Chispa \u2014 $1 \u2013 $249<\/li>\n<li>Parpadeo \u2014 $250 \u2013 $499<\/li>\n<li>Ascua \u2014 $500 \u2013 $999<\/li>\n<li>Llamarada: $1000 \u2013 4999<\/li>\n<li>Llama: $5,000 y superiores<\/li>\n<\/ul>\n\t<p>Become a Sustaining School Supporter through monthly contributions!<a href=\"https:\/\/app.donorview.com\/EKGA\"> Sign up for automatic payments<\/a>\u00a0for easy, regular giving.<\/p>\n<ul>\n<li>$10 a month = Spark level<\/li>\n<li>$25 a month = Flicker level<\/li>\n<li>$50 a month = Ember level<\/li>\n<li>$84 a month = Flare level<\/li>\n<\/ul>","protected":false},"excerpt":{"rendered":"<p>Fund Drive VA Tax Credit Give now! What inspires you? The Flames Fund at Eastern Mennonite School supports student access, educator excellence, campus improvements, core values, and strengthens our vision and mission. Give to your selected area of impact: Modal Box modal- Click here to edit the &#8220;modal-box&#8221; settings. This text is only for editing&hellip;<\/p>","protected":false},"author":1,"featured_media":22592,"parent":37,"menu_order":0,"comment_status":"closed","ping_status":"closed","template":"","meta":{"_acf_changed":false,"footnotes":""},"class_list":["post-6917","page","type-page","status-publish","has-post-thumbnail","hentry"],"acf":[],"_links":{"self":[{"href":"https:\/\/www.easternmennonite.org\/es\/wp-json\/wp\/v2\/pages\/6917","targetHints":{"allow":["GET"]}}],"collection":[{"href":"https:\/\/www.easternmennonite.org\/es\/wp-json\/wp\/v2\/pages"}],"about":[{"href":"https:\/\/www.easternmennonite.org\/es\/wp-json\/wp\/v2\/types\/page"}],"author":[{"embeddable":true,"href":"https:\/\/www.easternmennonite.org\/es\/wp-json\/wp\/v2\/users\/1"}],"replies":[{"embeddable":true,"href":"https:\/\/www.easternmennonite.org\/es\/wp-json\/wp\/v2\/comments?post=6917"}],"version-history":[{"count":3,"href":"https:\/\/www.easternmennonite.org\/es\/wp-json\/wp\/v2\/pages\/6917\/revisions"}],"predecessor-version":[{"id":78182,"href":"https:\/\/www.easternmennonite.org\/es\/wp-json\/wp\/v2\/pages\/6917\/revisions\/78182"}],"up":[{"embeddable":true,"href":"https:\/\/www.easternmennonite.org\/es\/wp-json\/wp\/v2\/pages\/37"}],"wp:featuredmedia":[{"embeddable":true,"href":"https:\/\/www.easternmennonite.org\/es\/wp-json\/wp\/v2\/media\/22592"}],"wp:attachment":[{"href":"https:\/\/www.easternmennonite.org\/es\/wp-json\/wp\/v2\/media?parent=6917"}],"curies":[{"name":"gracias","href":"https:\/\/api.w.org\/{rel}","templated":true}]}}