{"id":6921,"date":"2019-01-31T16:00:38","date_gmt":"2019-01-31T21:00:38","guid":{"rendered":"https:\/\/emsdev.digpants.com\/?page_id=6921"},"modified":"2024-08-28T14:24:02","modified_gmt":"2024-08-28T18:24:02","slug":"raise-the-roof","status":"publish","type":"page","link":"https:\/\/www.easternmennonite.org\/es\/support\/raise-the-roof\/","title":{"rendered":"Levantar el techo"},"content":{"rendered":"<h2>Nosotros <em>\u00a1Levant\u00f3 el techo!<\/em><\/h2>\n<div id=\"attachment_9157\" style=\"width: 310px\" class=\"wp-caption alignright\"><img loading=\"lazy\" decoding=\"async\" aria-describedby=\"caption-attachment-9157\" src=\"https:\/\/www.easternmennonite.org\/wp-content\/uploads\/2019\/03\/roof-300x184.png\" alt=\"\" width=\"300\" height=\"184\" \/><p id=\"caption-attachment-9157\" class=\"wp-caption-text\">Las secciones coloreadas son partes m\u00e1s antiguas del techo que fueron reemplazadas. Secci\u00f3n azul: 2000 pies cuadrados. Secci\u00f3n naranja: 18,000 pies cuadrados. Secci\u00f3n verde: 7300 pies cuadrados. Secci\u00f3n roja: 7200 pies cuadrados. Total: 34,500 pies cuadrados.<\/p><\/div>\n<p>\u00a1Reemplazamos el techo del edificio superior del campus (escuela intermedia y secundaria) en el verano de 2019 gracias en parte al apoyo de los donantes!<\/p>\n<p>El techo m\u00e1s antiguo se instal\u00f3 en 1987 y ten\u00eda varias \u00e1reas problem\u00e1ticas importantes:<\/p>\n<ul>\n<li>El techo no drenaba adecuadamente, lo que provoc\u00f3 un importante encharcamiento de agua despu\u00e9s de una lluvia.  Algunos desag\u00fces del techo estaban m\u00e1s altos que el \u00e1rea a su alrededor, lo que imped\u00eda que el agua drenara adecuadamente.<\/li>\n<li>Las uniones del material de caucho del techo se estaban separando, provocando frecuentes filtraciones dentro del edificio. Gran parte de nuestro techo estaba compuesto de parches, que a\u00f1ad\u00edan m\u00e1s uniones, aumentando los posibles puntos de falla.<\/li>\n<li>2018 tuvo precipitaciones r\u00e9cord y alta humedad, y experimentamos importantes problemas de humedad en todo el edificio. Esto result\u00f3 en que en varias habitaciones creciera moho en libros, muebles e instrumentos.  La humedad en el edificio cre\u00f3 un ambiente de trabajo inc\u00f3modo, provoc\u00f3 atascos de papel en las impresoras y gener\u00f3 problemas de salud.<\/li>\n<li>Nuestro viejo techo tiene una clasificaci\u00f3n de aislamiento de R9 (aunque en realidad experimentamos menos que eso debido a su condici\u00f3n degradada). El nuevo techo nos proporciona al menos R20, lo que ha mejorado significativamente la eficiencia energ\u00e9tica y el confort ambiental de nuestro edificio al abordar los problemas de humedad mencionados anteriormente.<\/li>\n<li>Un techo con goteras cre\u00f3 problemas est\u00e9ticos y de percepci\u00f3n p\u00fablica. Durante los d\u00edas de lluvia, se colocaban baldes alrededor del edificio para capturar el agua que goteaba de los techos y, a menudo, necesit\u00e1bamos limpiar los charcos donde aparec\u00edan fugas inesperadas.  Las losas del techo deb\u00edan ser reemplazadas con frecuencia porque se manchaban con el agua.<\/li>\n<\/ul>\n<p>Tenemos la oportunidad de asociarnos con <a href=\"https:\/\/securefutures.solar\/\">Futuros seguros, LLC<\/a> instalar paneles solares en nuestro tejado sin desembolso de capital.  Es imperativo que se instale un techo nuevo antes de instalar los paneles solares. Solarizar nuestro techo ser\u00e1 bueno para el medio ambiente, brindar\u00e1 oportunidades educativas a nuestros estudiantes y, eventualmente, reducir\u00e1 nuestros costos de energ\u00eda.<\/p>\n<p>Un techo nuevo tendr\u00e1 una garant\u00eda de 20 a\u00f1os, durante los cuales cualquier gotera se reparar\u00e1 sin costo para la escuela.  Debido a las mejoras en la tecnolog\u00eda de techado en los \u00faltimos 30 a\u00f1os, un techo nuevo deber\u00eda durar mucho m\u00e1s all\u00e1 de ese per\u00edodo de garant\u00eda. Un nuevo techo proporcionar\u00e1 un ambiente m\u00e1s c\u00f3modo, energ\u00e9ticamente eficiente y saludable para nuestros estudiantes y maestros. . . \u00a1Y proporci\u00f3nenos energ\u00eda renovable en los a\u00f1os venideros!<\/p>\n<p><b><i>Para analizar c\u00f3mo puede apoyar el nuevo proyecto de techo solarizado en EMS, comun\u00edquese con <a href=\"https:\/\/www.easternmennonite.org\/facultystaff\/paul-leaman\/\">Paul Leaman<\/a>, Director de la escuela, <\/i><\/b><a href=\"mailto:leamanp@easternmennonite.org\"><b><i>leamanp@easternmennonite.org<\/i><\/b><\/a><b><i> o 540-236-6012<\/i><\/b><\/p>\n<h3>\n\t\tSupport\n\t<\/h3>","protected":false},"excerpt":{"rendered":"<p>\u00a1Levantamos el techo! \u00a1Reemplazamos el techo del edificio superior del campus (escuela intermedia y secundaria) en el verano de 2019 gracias en parte al apoyo de los donantes! El techo m\u00e1s antiguo se instal\u00f3 en 1987 y ten\u00eda varias \u00e1reas problem\u00e1ticas importantes: el techo no drenaba adecuadamente, lo que provoc\u00f3 un importante estancamiento de agua despu\u00e9s...<\/p>","protected":false},"author":1,"featured_media":9157,"parent":37,"menu_order":0,"comment_status":"closed","ping_status":"closed","template":"","meta":{"_acf_changed":false,"footnotes":""},"class_list":["post-6921","page","type-page","status-publish","has-post-thumbnail","hentry"],"acf":[],"_links":{"self":[{"href":"https:\/\/www.easternmennonite.org\/es\/wp-json\/wp\/v2\/pages\/6921","targetHints":{"allow":["GET"]}}],"collection":[{"href":"https:\/\/www.easternmennonite.org\/es\/wp-json\/wp\/v2\/pages"}],"about":[{"href":"https:\/\/www.easternmennonite.org\/es\/wp-json\/wp\/v2\/types\/page"}],"author":[{"embeddable":true,"href":"https:\/\/www.easternmennonite.org\/es\/wp-json\/wp\/v2\/users\/1"}],"replies":[{"embeddable":true,"href":"https:\/\/www.easternmennonite.org\/es\/wp-json\/wp\/v2\/comments?post=6921"}],"version-history":[{"count":0,"href":"https:\/\/www.easternmennonite.org\/es\/wp-json\/wp\/v2\/pages\/6921\/revisions"}],"up":[{"embeddable":true,"href":"https:\/\/www.easternmennonite.org\/es\/wp-json\/wp\/v2\/pages\/37"}],"wp:featuredmedia":[{"embeddable":true,"href":"https:\/\/www.easternmennonite.org\/es\/wp-json\/wp\/v2\/media\/9157"}],"wp:attachment":[{"href":"https:\/\/www.easternmennonite.org\/es\/wp-json\/wp\/v2\/media?parent=6921"}],"curies":[{"name":"gracias","href":"https:\/\/api.w.org\/{rel}","templated":true}]}}