{"id":6923,"date":"2019-01-31T16:00:48","date_gmt":"2019-01-31T21:00:48","guid":{"rendered":"https:\/\/emsdev.digpants.com\/?page_id=6923"},"modified":"2025-11-13T13:04:01","modified_gmt":"2025-11-13T18:04:01","slug":"ways-to-give","status":"publish","type":"page","link":"https:\/\/www.easternmennonite.org\/es\/support\/ways-to-give\/","title":{"rendered":"Formas de donar"},"content":{"rendered":"<h2>\n\t\t\t\u00a1Sus donaciones, dadas de diversas maneras, apoyan a nuestros estudiantes!\t<\/h2>\n<h2>\n\t\t\t&#8220;Cash&#8221; Gifts for impact NOW:\t<\/h2>\n<ul>\n<li><b>Cash:<\/b> Las donaciones en efectivo o su equivalente pueden ser deducibles de impuestos, con mayor beneficio si detalla sus gastos. \u00a1Las donaciones recurrentes tambi\u00e9n son bienvenidas! <a href=\"https:\/\/app.donorview.com\/g173g\" target=\"_blank\" rel=\"noopener\">donate online<\/a> or make checks payable to EMS and mail to Development, 801 Parkwood Drive, Harrisonburg, VA 22802.<\/li>\n<li><strong><b>Matching Gifts: <\/b><\/strong>We welcome contributions that encourage others to give through matching. Also, some employers match employee charitable giving.<\/li>\n<li><strong>VA Dept of Education Improvement Scholarships Tax Credit Program:<\/strong> If you pay Virginia state taxes, you can complete some simple paperwork to have your gifts (cash, stock, or IRA) triple in value AND support students! <a href=\"https:\/\/www.easternmennonite.org\/es\/support\/virginia-tax-credits\/\" target=\"_blank\" rel=\"noopener\">Learn more.<\/a><\/li>\n<li>La herramienta de donaci\u00f3n de Park View Federal Credit Union: \u00a1tambi\u00e9n es ideal para donaciones recurrentes! <a href=\"https:\/\/www.pvfcu.org\/donate\/\" target=\"_blank\" rel=\"noopener\">Learn more.<\/a><\/li>\n<\/ul>\n<p>&nbsp;<\/p>\n<h3>\n\t\t\tSupport\t<\/h3>\n<h2>\n\t\t\tDonaciones de activos para generar impacto AHORA\t<\/h2>\n\t<ul>\n<li><strong>Donor-Advised Funds: <\/strong>Consider EMS for grants and donations if you have a donor-advised fund. You can also name EMS as the beneficiary of your fund for future impact.<\/li>\n<li><b>Appreciated stocks:<\/b> Contact us to learn about donating long-term appreciated securities to EMS. This is one of the best and easiest ways to give more (rather than selling the assets and donating the cash proceeds). Take advantage of the applicable tax incentives, while you significantly increase the amount of funds you can donate.<\/li>\n<li><b>Retirement plans: <\/b>Donors between the ages of 59 1\/2 and 70 1\/2 may withdraw funds from IRAs or other pension plans without penalty to make donations. These withdrawals will be considered taxable income, but will be offset by a charitable tax deduction, to the extent allowed by the Internal Revenue Code. Donors 70 \u00bd and older can make a Qualified Charitable Donation of up to $100,000 from IRAs or other pension plans, tax-free. The gift must come directly to EMS.<\/li>\n<li><b>Real estate<\/b>: A gift of real estate, which can include residences, acreage, farms, and vacation properties to EMS avoids capital gains taxes and can provide a charitable deduction for the full value of the property, subject to the 30% limitation.<\/li>\n<li><strong>Cryptocurrency.<\/strong> We have partnered with Crypto for Charity to accept donations of crypto through this 3rd party. <a href=\"https:\/\/www.cryptoforcharity.io\" target=\"_blank\" rel=\"noopener\">Pulse aqu\u00ed<\/a> to see view their platform and select Eastern Mennonite School as your nonprofit.<\/li>\n<li><strong>VA Dept of Education Improvement Scholarships Tax Credit Program:<\/strong> If you pay Virginia state taxes, you can complete some simple paperwork to have your gifts (cash, stock, or IRA) triple in value AND support students! <a href=\"https:\/\/www.easternmennonite.org\/es\/support\/virginia-tax-credits\/\" target=\"_blank\" rel=\"noopener\">Learn more.<\/a><\/li>\n<\/ul>\n<h2>\n\t\t\tAproveche sus activos para generar un impacto FUTURO\t<\/h2>\n\t<p><strong>Leverage your assets for FUTURE impact through:<\/strong><\/p>\n<ul>\n<li><b>Life insurance:<\/b> Muchas personas pasan por alto el valor de una p\u00f3liza de seguro que ya no necesitan, pero que estar\u00eda incluida en su patrimonio. Cuando nombra a EMS como propietario de una p\u00f3liza pagada, la deducci\u00f3n caritativa generalmente es por el valor de rescate en efectivo de la p\u00f3liza o las primas netas pagadas por la p\u00f3liza.<\/li>\n<li><b>Estate gifts:<\/b> Identify EMS as a beneficiary in your estate plan and support the institution long term. Planned gifts often grow our endowment funds, ensuring gifts will continue to have positive impact far into the future. <a href=\"https:\/\/www.easternmennonite.org\/es\/support\/planned-giving\/\">Read more about charitable planned giving<\/a>. And how to join our 1917 circle.<\/li>\n<\/ul>\n\t\t\t<a href=\"https:\/\/www.easternmennonite.org\/es\/support\/other-ways-to-give\/\" target=\"_self\">\n\t\t\t\t\t\t\tSupport EMS with your purchases!\n\t\t\t\t\t<\/a>\n<h2>\n\t\t\tContact us!\t<\/h2>\n\t<h4><b>Please consult with your financial or tax advisor. <\/b><strong>We welcome talking with you! <\/strong><\/h4>\n<p>Contact Paul Leaman, head of school, at 540-236-6012 or <a href=\"mailto:leamanp@easternmennonite.org\">leamanp@easternmennonite.org<\/a>, or Trisha Blosser, director of advancement, at 540-236-6024\u00a0 or <a href=\"mailto:blossert@easternmennonite.org\">blossert@easternmennonite.org<\/a>.<\/p>\n<em>Name: <\/em>Eastern Mennonite High School (DBA Eastern Mennonite School)<br \/>\n<em>Address:<\/em> 801 Parkwood Drive, Harrisonburg, VA 22802<br \/>\n<em>Federal ID Number: <\/em>54-1194342","protected":false},"excerpt":{"rendered":"<p>Your gifts &#8211; given in a variety of ways &#8211; support our students! &#8220;Cash&#8221; Gifts for impact NOW: Cash: Gifts of cash or its equivalent may be tax-deductible, with greater benefit if\u00a0 you itemize. Recurring donations are also welcome! Please donate online or make checks payable to EMS and mail to Development, 801 Parkwood Drive,&hellip;<\/p>","protected":false},"author":1,"featured_media":9181,"parent":37,"menu_order":0,"comment_status":"closed","ping_status":"closed","template":"","meta":{"_acf_changed":false,"footnotes":""},"class_list":["post-6923","page","type-page","status-publish","has-post-thumbnail","hentry"],"acf":[],"_links":{"self":[{"href":"https:\/\/www.easternmennonite.org\/es\/wp-json\/wp\/v2\/pages\/6923","targetHints":{"allow":["GET"]}}],"collection":[{"href":"https:\/\/www.easternmennonite.org\/es\/wp-json\/wp\/v2\/pages"}],"about":[{"href":"https:\/\/www.easternmennonite.org\/es\/wp-json\/wp\/v2\/types\/page"}],"author":[{"embeddable":true,"href":"https:\/\/www.easternmennonite.org\/es\/wp-json\/wp\/v2\/users\/1"}],"replies":[{"embeddable":true,"href":"https:\/\/www.easternmennonite.org\/es\/wp-json\/wp\/v2\/comments?post=6923"}],"version-history":[{"count":2,"href":"https:\/\/www.easternmennonite.org\/es\/wp-json\/wp\/v2\/pages\/6923\/revisions"}],"predecessor-version":[{"id":77845,"href":"https:\/\/www.easternmennonite.org\/es\/wp-json\/wp\/v2\/pages\/6923\/revisions\/77845"}],"up":[{"embeddable":true,"href":"https:\/\/www.easternmennonite.org\/es\/wp-json\/wp\/v2\/pages\/37"}],"wp:featuredmedia":[{"embeddable":true,"href":"https:\/\/www.easternmennonite.org\/es\/wp-json\/wp\/v2\/media\/9181"}],"wp:attachment":[{"href":"https:\/\/www.easternmennonite.org\/es\/wp-json\/wp\/v2\/media?parent=6923"}],"curies":[{"name":"gracias","href":"https:\/\/api.w.org\/{rel}","templated":true}]}}