{"id":6925,"date":"2019-01-31T16:01:00","date_gmt":"2019-01-31T21:01:00","guid":{"rendered":"https:\/\/emsdev.digpants.com\/?page_id=6925"},"modified":"2024-08-28T14:23:32","modified_gmt":"2024-08-28T18:23:32","slug":"let-the-children-come","status":"publish","type":"page","link":"https:\/\/www.easternmennonite.org\/es\/support\/let-the-children-come\/","title":{"rendered":"Let the Children Come"},"content":{"rendered":"<p>Al 21 de marzo de 2019,\u00a0<strong><a href=\"https:\/\/www.easternmennonite.org\/es\/2019\/03\/ems-meets-move-in-goal-for-elementary-building\/\" target=\"_blank\" rel=\"noopener\">hemos financiado el objetivo de mudanza<\/a><\/strong>\u00a0para nuestra campa\u00f1a \u00a1Que vengan los ni\u00f1os!<\/p>\n<h4>\u00a1Gracias a las docenas de donantes que han hecho donaciones y promesas por un total de alrededor de $3,68 millones!<\/h4>\n<p>La campa\u00f1a nos ayud\u00f3 a reunir todo nuestro programa K-12 en un solo campus despu\u00e9s de estar separados desde 2005, cuando establecimos nuestro programa K-5.<\/p>\n<h3>Las donaciones nos permiten:<\/h3>\n<ul>\n<li>\u00a1Dale nueva vida a un edificio antiguo!<\/li>\n<li>Renovar las aulas del primer y segundo piso del edificio.<\/li>\n<li>Agregue una entrada acogedora con espacio para oficina.<\/li>\n<li>Salas completas de m\u00fasica y arte en el nivel inferior.<\/li>\n<\/ul>\n<h3>Desde el verano de 2018, tenemos:<\/h3>\n<ul>\n<li>Se traslad\u00f3 K-5 al edificio principal para el per\u00edodo de renovaci\u00f3n.<\/li>\n<li>Se complet\u00f3 la reducci\u00f3n de amianto y la remoci\u00f3n de \u00e1rboles.<\/li>\n<li>Destrip\u00f3 el edificio<\/li>\n<li>Demolido el estudio de grabaci\u00f3n.<\/li>\n<li>Obtuvo permisos de cimentaci\u00f3n y alteraci\u00f3n del suelo de la ciudad.<\/li>\n<li>Construy\u00f3 un estanque de sedimentos para controlar la erosi\u00f3n.<\/li>\n<li>Muros y cimientos del nivel inferior reforzados con acero y lechada en preparaci\u00f3n para la instalaci\u00f3n de pilares helicoidales<\/li>\n<li>Aberturas de ventanas ampliadas para dejar entrar una luz natural \u00f3ptima<\/li>\n<\/ul>\n<h3>\n\t\tSupport\n\t<\/h3>\n\t<p>&nbsp;<\/p>\n<p>Incluso mientras avanzamos en la renovaci\u00f3n, estamos buscando fondos para <a href=\"https:\/\/www.easternmennonite.org\/es\/support\/build-a-bridge\/\">Build a Bridge<\/a>. Este espacio de aprendizaje al aire libre conectar\u00e1 los dos sitios escolares y garantizar\u00e1 que dejar y recoger a los estudiantes sea fluido.<\/p>\n<p>En el futuro, buscaremos apoyo para agregar un espacio de reuni\u00f3n al edificio renovado. Esta instalaci\u00f3n ser\u00e1 un lugar donde se desarrollar\u00e1 la comunidad todos los d\u00edas, muy parecido a la sala familiar de la casa.<\/p>\n<h3>Apoya el proyecto<\/h3>\n<p>Para hablar sobre c\u00f3mo puedes seguir apoyando el proyecto, contacta <a href=\"..\/..\/facultystaff\/paul-leaman\/\">Paul Leaman<\/a>, director de escuela, 540-236-6012.<\/p>\n\t<p>\u00bfQuieres leer m\u00e1s sobre el proyecto? Consulte estos art\u00edculos de noticias:<\/p>\n<ul>\n<li><a href=\"https:\/\/www.easternmennonite.org\/es\/2018\/10\/circle-continues-as-recording-studio-is-demolished-for-elementary-program\/\" target=\"_blank\" rel=\"noopener\" data-saferedirecturl=\"https:\/\/www.google.com\/url?q=https:\/\/www.easternmennonite.org\/2018\/10\/circle-continues-as-recording-studio-is-demolished-for-elementary-program\/&amp;source=gmail&amp;ust=1640717946359000&amp;usg=AOvVaw2_zN74wEMCkvJl3LB8mGGY\">El c\u00edrculo contin\u00faa mientras se derriba el estudio de grabaci\u00f3n del edificio de primaria<\/a>\u00a0(\u00a1Este fue un esfuerzo por enmarcar como positivo algo sobre lo que algunos se sent\u00edan negativos!)<\/li>\n<li><a href=\"https:\/\/www.easternmennonite.org\/es\/2019\/04\/board-staff-and-donors-bless-building\/\" target=\"_blank\" rel=\"noopener\" data-saferedirecturl=\"https:\/\/www.google.com\/url?q=https:\/\/www.easternmennonite.org\/2019\/04\/board-staff-and-donors-bless-building\/&amp;source=gmail&amp;ust=1640717946359000&amp;usg=AOvVaw20Ufd9v5mT-SBVZ8tMOqj9\">La junta directiva, el personal y los donantes bendicen el edificio<\/a><\/li>\n<li><a href=\"https:\/\/www.easternmennonite.org\/es\/2019\/04\/purchase-a-brick-to-build-a-bridge\/\" target=\"_blank\" rel=\"noopener\" data-saferedirecturl=\"https:\/\/www.google.com\/url?q=https:\/\/www.easternmennonite.org\/2019\/04\/purchase-a-brick-to-build-a-bridge\/&amp;source=gmail&amp;ust=1640717946359000&amp;usg=AOvVaw0a2WhLOTuE8LxBlOuc3-3o\">Compra un ladrillo para construir un puente.<\/a><\/li>\n<li><a href=\"https:\/\/www.easternmennonite.org\/es\/2019\/08\/new-emes-playground-uses-natural-and-reclaimed-materials\/\" target=\"_blank\" rel=\"noopener\" data-saferedirecturl=\"https:\/\/www.google.com\/url?q=https:\/\/www.easternmennonite.org\/2019\/08\/new-emes-playground-uses-natural-and-reclaimed-materials\/&amp;source=gmail&amp;ust=1640717946359000&amp;usg=AOvVaw2CaI2oOB3OpKr6VeDwE9_z\">El nuevo parque infantil de EMES utiliza materiales naturales y recuperados<\/a>\u00a0(parte de la historia en curso\u2026)<\/li>\n<li><a href=\"https:\/\/www.easternmennonite.org\/es\/2019\/09\/middle-school-students-learn-science-on-playground\/\" target=\"_blank\" rel=\"noopener\" data-saferedirecturl=\"https:\/\/www.google.com\/url?q=https:\/\/www.easternmennonite.org\/2019\/09\/middle-school-students-learn-science-on-playground\/&amp;source=gmail&amp;ust=1640717946359000&amp;usg=AOvVaw0IL3EQ_Bz49Y1NtH70e-sr\">El proyecto Playground ofrece lecciones pr\u00e1cticas de ciencias<\/a><\/li>\n<li><a href=\"https:\/\/www.easternmennonite.org\/es\/2019\/09\/k-5-team-visits-building-renovation\/\" target=\"_blank\" rel=\"noopener\" data-saferedirecturl=\"https:\/\/www.google.com\/url?q=https:\/\/www.easternmennonite.org\/2019\/09\/k-5-team-visits-building-renovation\/&amp;source=gmail&amp;ust=1640717946360000&amp;usg=AOvVaw3PJRk7GXlenndBTv2lTZL4\">El equipo de K-5 visita la renovaci\u00f3n del edificio<\/a><\/li>\n<li><a href=\"https:\/\/www.easternmennonite.org\/es\/2019\/11\/bridge-footers-symbolize-new-era\/\" target=\"_blank\" rel=\"noopener\" data-saferedirecturl=\"https:\/\/www.google.com\/url?q=https:\/\/www.easternmennonite.org\/2019\/11\/bridge-footers-symbolize-new-era\/&amp;source=gmail&amp;ust=1640717946360000&amp;usg=AOvVaw1mzGjw-9L95BFOgSrVfhwu\">Los pies de p\u00e1gina de los puentes marcan el comienzo de una nueva era<\/a><\/li>\n<li><a href=\"https:\/\/www.easternmennonite.org\/es\/2019\/12\/after-14-years-elementary-program-has-a-home\/\" target=\"_blank\" rel=\"noopener\" data-saferedirecturl=\"https:\/\/www.google.com\/url?q=https:\/\/www.easternmennonite.org\/2019\/12\/after-14-years-elementary-program-has-a-home\/&amp;source=gmail&amp;ust=1640717946360000&amp;usg=AOvVaw2D9HXN8Fvn0OxQBKf3Vz0x\">Despu\u00e9s de 14 a\u00f1os, programa de primaria tiene hogar<\/a><\/li>\n<li><a href=\"https:\/\/www.easternmennonite.org\/es\/2020\/01\/emes-celebrates-building-renovation\/\" target=\"_blank\" rel=\"noopener\" data-saferedirecturl=\"https:\/\/www.google.com\/url?q=https:\/\/www.easternmennonite.org\/2020\/01\/emes-celebrates-building-renovation\/&amp;source=gmail&amp;ust=1640717946360000&amp;usg=AOvVaw04VNTVAVy01QK-kQ79-Wj-\">EMES celebra la renovaci\u00f3n del edificio<\/a><\/li>\n<li><a href=\"https:\/\/www.easternmennonite.org\/es\/2019\/12\/kindergartners-put-new-kitchen-to-work\/\" target=\"_blank\" rel=\"noopener\" data-saferedirecturl=\"https:\/\/www.google.com\/url?q=https:\/\/www.easternmennonite.org\/2019\/12\/kindergartners-put-new-kitchen-to-work\/&amp;source=gmail&amp;ust=1640717946360000&amp;usg=AOvVaw2zJ3vQUmd72niW2sl5tvY2\">Los ni\u00f1os de jard\u00edn de infantes ponen a funcionar una nueva cocina<\/a><\/li>\n<li><a href=\"https:\/\/www.easternmennonite.org\/es\/2020\/10\/volunteers-move-outdoor-learning-vision-to-final-stages\/\" target=\"_blank\" rel=\"noopener\" data-saferedirecturl=\"https:\/\/www.google.com\/url?q=https:\/\/www.easternmennonite.org\/2020\/10\/volunteers-move-outdoor-learning-vision-to-final-stages\/&amp;source=gmail&amp;ust=1640717946360000&amp;usg=AOvVaw1JsJf177r-bvklv_E9Xrkt\">Los voluntarios llevan la visi\u00f3n del aprendizaje al aire libre a las etapas finales<\/a><\/li>\n<li><a href=\"https:\/\/www.easternmennonite.org\/es\/2021\/04\/emes-library-has-new-home-after-11-years\/\" target=\"_blank\" rel=\"noopener\" data-saferedirecturl=\"https:\/\/www.google.com\/url?q=https:\/\/www.easternmennonite.org\/2021\/04\/emes-library-has-new-home-after-11-years\/&amp;source=gmail&amp;ust=1640717946360000&amp;usg=AOvVaw3GMq7l-XDvKzaafcvp2sGa\">La biblioteca de la EMES aterriza en su sede permanente<\/a><\/li>\n<\/ul>","protected":false},"excerpt":{"rendered":"<p>\u00a1A partir del 21 de marzo de 2019, hemos financiado el objetivo de mudanza para nuestra campa\u00f1a Let the Children Come! \u00a1Gracias a las docenas de donantes que han hecho donaciones y promesas por un total de alrededor de $3,68 millones! La campa\u00f1a nos ayud\u00f3 a reunir nuestro programa completo K-12 en un solo campus despu\u00e9s de estar separados desde 2005 cuando establecimos nuestro K-5...<\/p>","protected":false},"author":1,"featured_media":10132,"parent":37,"menu_order":0,"comment_status":"closed","ping_status":"closed","template":"","meta":{"_acf_changed":false,"footnotes":""},"class_list":["post-6925","page","type-page","status-publish","has-post-thumbnail","hentry"],"acf":[],"_links":{"self":[{"href":"https:\/\/www.easternmennonite.org\/es\/wp-json\/wp\/v2\/pages\/6925","targetHints":{"allow":["GET"]}}],"collection":[{"href":"https:\/\/www.easternmennonite.org\/es\/wp-json\/wp\/v2\/pages"}],"about":[{"href":"https:\/\/www.easternmennonite.org\/es\/wp-json\/wp\/v2\/types\/page"}],"author":[{"embeddable":true,"href":"https:\/\/www.easternmennonite.org\/es\/wp-json\/wp\/v2\/users\/1"}],"replies":[{"embeddable":true,"href":"https:\/\/www.easternmennonite.org\/es\/wp-json\/wp\/v2\/comments?post=6925"}],"version-history":[{"count":0,"href":"https:\/\/www.easternmennonite.org\/es\/wp-json\/wp\/v2\/pages\/6925\/revisions"}],"up":[{"embeddable":true,"href":"https:\/\/www.easternmennonite.org\/es\/wp-json\/wp\/v2\/pages\/37"}],"wp:featuredmedia":[{"embeddable":true,"href":"https:\/\/www.easternmennonite.org\/es\/wp-json\/wp\/v2\/media\/10132"}],"wp:attachment":[{"href":"https:\/\/www.easternmennonite.org\/es\/wp-json\/wp\/v2\/media?parent=6925"}],"curies":[{"name":"gracias","href":"https:\/\/api.w.org\/{rel}","templated":true}]}}