{"id":74,"date":"2019-01-09T03:37:30","date_gmt":"2019-01-09T08:37:30","guid":{"rendered":"https:\/\/digpants.com\/ros\/?page_id=74"},"modified":"2026-02-12T08:22:33","modified_gmt":"2026-02-12T13:22:33","slug":"about","status":"publish","type":"page","link":"https:\/\/www.easternmennonite.org\/es\/about\/","title":{"rendered":"Acerca de"},"content":{"rendered":"<h2>Visi\u00f3n:<\/h2>\n<p>Eastern Mennonite School aspira a encarnar el amor de Jes\u00fas como una comunidad de aprendizaje a la que cada estudiante pertenece, prospera y se une a la obra de Dios en el mundo.<\/p>\n<h2>Misi\u00f3n:<\/h2>\n<p>Eastern Mennonite School, con hogar e iglesia, invita a los estudiantes a la fe en Jesucristo, la excelencia acad\u00e9mica, la integridad personal y el servicio compasivo.<\/p>\n<h2>Pertenencia:<\/h2>\n<p>En Eastern Mennonite School nuestro compromiso con la fe nos obliga a crear espacios que sean inclusivos, que traten a todos los miembros de nuestra comunidad con respeto y que valoren la voz, la conciencia, las identidades, las experiencias vividas y las perspectivas de cada individuo. Celebramos las diferencias, damos la bienvenida al di\u00e1logo abierto y significativo y cultivamos el pensamiento cr\u00edtico. Juntos, dedicamos nuestras acciones a trabajar por la paz, la equidad y la justicia en el mundo que nos rodea.<\/p>\n<h2>Las pr\u00e1cticas de fe alientan:<\/h2>\n<ul>\n<li>Relaci\u00f3n con Jes\u00fas<\/li>\n<li>Discernimiento B\u00edblico<\/li>\n<li>Administraci\u00f3n<\/li>\n<li>Asociaciones entre padres e iglesias<\/li>\n<li>Siguiendo a Jesucristo<\/li>\n<li>Diversidad<\/li>\n<li>Cantando juntos<\/li>\n<li>Relacionarse unos con otros en el amor<\/li>\n<\/ul>\n<h2>Valores fundamentales:<\/h2>\n<p>Creemos en la integraci\u00f3n de nuestros valores en todo lo que aprendemos y vivimos. Valoramos:<\/p>\n<ul>\n<li>Nuestros estudiantes<\/li>\n<li>Comunidad solidaria<\/li>\n<li>Pensamiento constructivo<\/li>\n<li>Desarrollo de liderazgo<\/li>\n<li>Servicio<\/li>\n<li>Construcci\u00f3n de paz<\/li>\n<\/ul>\n<p>EMS ha prestado servicios en Harrisonburg y los condados circundantes durante m\u00e1s de 100 a\u00f1os, combinando un plan de estudios acad\u00e9micamente desafiante con un fuerte compromiso con la m\u00fasica y las artes, el discipulado cristiano, la paz y la justicia, el servicio a los dem\u00e1s y una perspectiva global.<\/p>\n<p>El plan de estudios K-12 est\u00e1 dise\u00f1ado para fomentar las habilidades de lectura, investigaci\u00f3n, escritura y presentaci\u00f3n que aumentan la curiosidad de los estudiantes, el pensamiento creativo y perspicaz, las estrategias organizativas y la conciencia social moral. Una s\u00f3lida pista de preparaci\u00f3n para la universidad incluye honores, colocaci\u00f3n avanzada y otros cursos avanzados. Las actividades regulares tambi\u00e9n est\u00e1n dise\u00f1adas para ayudar a los estudiantes a crecer tanto espiritual como intelectualmente.<\/p>\n<p class=\"translation-block\">Un programa cocurricular de base participativa en el nivel <a href=\"https:\/\/www.easternmennonite.org\/es\/academics\/elementary-school\/\" target=\"_self\">primario<\/a> (K-5) fomenta la exploraci\u00f3n de talentos.<\/p>\n<p class=\"translation-block\">Los estudiantes <a href=\"https:\/\/www.easternmennonite.org\/es\/academics\/middle-school\/\" target=\"_self\">de secundaria<\/a> (6-8) participan en clases \u201cexploratorias\u201d adem\u00e1s de las materias b\u00e1sicas, lo que los anima a probar intereses y habilidades en una variedad de materias y \u00e1reas.<\/p>\n<p><a href=\"https:\/\/www.easternmennonite.org\/es\/academics\/high-school\/\">High school<\/a> (9-12) los estudiantes perfeccionan a\u00fan m\u00e1s sus habilidades y confianza en la interpretaci\u00f3n a trav\u00e9s de la m\u00fasica, incluida la interpretaci\u00f3n coral con oportunidades de giras internacionales, teatro musical, oportunidades de servicio, una amplia variedad de clubes y atletismo competitivo.<\/p>\n<p>Eastern Mennonite School es miembro del Consejo de Escuelas Menonitas y est\u00e1 acreditada por la Asociaci\u00f3n Sure\u00f1a de Colegios y Escuelas desde 1957 y por la Asociaci\u00f3n de Escuelas Independientes de Virginia desde 2002. La matr\u00edcula para el a\u00f1o escolar 2025-2026 fue de alrededor de 365. <\/p>\n<p class=\"translation-block\"><span style=\"font-weight: 400\"><em>EMS se someti\u00f3 a una visita y revisi\u00f3n <a href=\"https:\/\/www.easternmennonite.org\/es\/2023\/11\/celebrating-academic-excellence10-year-accreditation-through-vais\/\" target=\"_self\">de acreditaci\u00f3n<\/a> en el oto\u00f1o de 2023 a trav\u00e9s de la Asociaci\u00f3n de Escuelas Independientes de Virginia. Como parte de este proceso y a trav\u00e9s de una encuesta comunitaria en 2022, afirmamos y actualizamos nuestra visi\u00f3n y misi\u00f3n, y elaboramos un nuevo <a href=\"https:\/\/www.easternmennonite.org\/es\/about\/board-of-directors\/strategic-pathways\/\" target=\"_self\">plan estrat\u00e9gico din\u00e1mico<\/a> .<\/em><\/span><\/p>\n\t<p>Watch a video, <a href=\"https:\/\/www.youtube.com\/watch?v=3MeA2PXJhQ4\">&quot;Estamos mejor juntos,&quot;<\/a> that features different voices discussing what it means to live in community, love,\u00a0 and peace through Jesus, produced by <a href=\"https:\/\/www.mennoniteusa.org\/who-are-mennonites\/\">Mennonite Church USA<\/a><\/p>\n<p>Es posible que tambi\u00e9n desee revisar, <a href=\"https:\/\/www.mennonitemission.net\/Downloads\/DL.MissioDei18.E.pdf\">Qu\u00e9 es un cristiano anabautista,<\/a> de Palmer Becker.<\/p>\n<p class=\"translation-block\"><span style=\"color: #000000\">Eastern Mennonite School es un ministerio conferencial de la <span style=\"color: #3366ff\"><a style=\"color: #3366ff\" href=\"http:\/\/virginiaconference.org\/\" target=\"_self\">Conferencia Menonita de Virginia<\/a><\/span> de <span style=\"color: #3366ff\"><a style=\"color: #3366ff\" href=\"http:\/\/mennoniteusa.org\/\" target=\"_self\">la Iglesia Menonita de EE. UU.<\/a><\/span><\/span><\/p>\n\t\t\t<a href=\"https:\/\/www.easternmennonite.org\/es\/about\/title-ix\/\"  target=\"_blank\" rel=\"noopener\">\n\t\t\t\t\t\t\tT\u00edtulo IX\n\t\t\t\t\t<\/a>\n\t\t\t<a href=\"https:\/\/www.easternmennonite.org\/es\/about\/peacebuilding\/dei\/\"  target=\"_blank\" rel=\"noopener\">\n\t\t\t\t\t\t\tTrabajo de equidad\n\t\t\t\t\t<\/a>\n\t\t\t<a href=\"https:\/\/www.easternmennonite.org\/es\/about\/board-of-directors\/\"  target=\"_blank\" rel=\"noopener\">\n\t\t\t\t\t\t\tJunta Directiva\n\t\t\t\t\t<\/a>\n\t\t\t<a href=\"https:\/\/www.easternmennonite.org\/es\/about\/employment\/\"  target=\"_blank\" rel=\"noopener\">\n\t\t\t\t\t\t\tOfertas de trabajo\n\t\t\t\t\t<\/a>\n<h2>\n\t\t\tEastern Mennonite School K-12 est\u00e1 acreditada por los siguientes organismos:\t<\/h2>\n<h4>\n\t\t<a href=\"http:\/\/www.mennoniteeducation.org\/Pages\/default.aspx\" title=\"Mennonite Education Agency\"  target=\"_blank\"  rel=\"noopener\">\n\t\t\tMennonite Education Agency\t\t<\/a>\n\t<\/h4>\n<h4>\n\t\t<a href=\"https:\/\/www.vais.org\/\" title=\"Virginia Association of Independent Schools\"  target=\"_blank\"  rel=\"noopener\">\n\t\t\tVirginia Association of Independent Schools\t\t<\/a>\n\t<\/h4>\n<h4>\n\t\t<a href=\"https:\/\/www.advanc-ed.org\/\" title=\"AdvancED\"  target=\"_blank\"  rel=\"noopener\">\n\t\t\tAdvancED\t\t<\/a>\n\t<\/h4>\n\t<p><em>Eastern Mennonite School no discrimina por motivos de raza, color, discapacidad, origen nacional o \u00e9tnico o religi\u00f3n, y admite a los estudiantes a todos los derechos, privilegios, programas y actividades generalmente concedidos o puestos a disposici\u00f3n de los estudiantes en la escuela.<\/em><\/p>\n<p><em>La siguiente persona ha sido designada para manejar consultas sobre las pol\u00edticas de no discriminaci\u00f3n de la escuela, incluidas sus<a href=\"https:\/\/www.easternmennonite.org\/es\/about\/title-ix\/\"> pol\u00edtica del T\u00edtulo IX<\/a>: <\/em><a href=\"https:\/\/www.easternmennonite.org\/facultystaff\/debbie-katz-2\/\">Debbie Katz<\/a>, Title IX Compliance Coordinator.\u00a0<\/p>\n<p><em>Para obtener ayuda relacionada con el T\u00edtulo IX u otras leyes de derechos civiles, comun\u00edquese con <\/em><em>la OCR<\/em><em> at <\/em><em>OCR@ed.gov<\/em><em> o 800-421-3481, TDD 800-877-8339.<\/em><\/p>","protected":false},"excerpt":{"rendered":"<p>Visi\u00f3n: Eastern Mennonite School aspira a encarnar el amor de Jes\u00fas como una comunidad de aprendizaje a la que cada estudiante pertenece, prospera y se une a la obra de Dios en el mundo. Misi\u00f3n: Eastern Mennonite School, con hogar e iglesia, invita a los estudiantes a la fe en Jesucristo, la excelencia acad\u00e9mica, la integridad personal y el servicio compasivo. Pertenencia: En Eastern Mennonite School nuestro\u2026<\/p>","protected":false},"author":1,"featured_media":8532,"parent":0,"menu_order":0,"comment_status":"closed","ping_status":"closed","template":"","meta":{"_acf_changed":false,"footnotes":""},"class_list":["post-74","page","type-page","status-publish","has-post-thumbnail","hentry"],"acf":[],"_links":{"self":[{"href":"https:\/\/www.easternmennonite.org\/es\/wp-json\/wp\/v2\/pages\/74","targetHints":{"allow":["GET"]}}],"collection":[{"href":"https:\/\/www.easternmennonite.org\/es\/wp-json\/wp\/v2\/pages"}],"about":[{"href":"https:\/\/www.easternmennonite.org\/es\/wp-json\/wp\/v2\/types\/page"}],"author":[{"embeddable":true,"href":"https:\/\/www.easternmennonite.org\/es\/wp-json\/wp\/v2\/users\/1"}],"replies":[{"embeddable":true,"href":"https:\/\/www.easternmennonite.org\/es\/wp-json\/wp\/v2\/comments?post=74"}],"version-history":[{"count":3,"href":"https:\/\/www.easternmennonite.org\/es\/wp-json\/wp\/v2\/pages\/74\/revisions"}],"predecessor-version":[{"id":78760,"href":"https:\/\/www.easternmennonite.org\/es\/wp-json\/wp\/v2\/pages\/74\/revisions\/78760"}],"wp:featuredmedia":[{"embeddable":true,"href":"https:\/\/www.easternmennonite.org\/es\/wp-json\/wp\/v2\/media\/8532"}],"wp:attachment":[{"href":"https:\/\/www.easternmennonite.org\/es\/wp-json\/wp\/v2\/media?parent=74"}],"curies":[{"name":"gracias","href":"https:\/\/api.w.org\/{rel}","templated":true}]}}