{"id":74573,"date":"2025-03-12T14:38:57","date_gmt":"2025-03-12T18:38:57","guid":{"rendered":"https:\/\/www.easternmennonite.org\/?page_id=74573"},"modified":"2026-02-26T15:26:19","modified_gmt":"2026-02-26T20:26:19","slug":"camps","status":"publish","type":"page","link":"https:\/\/www.easternmennonite.org\/es\/camps\/","title":{"rendered":"Campamentos"},"content":{"rendered":"<h1>\n\t\t\tAcad\u00e9mica\t<\/h1>\n<h2>\n\t\t\tEscuela secundaria menonita del este\t<\/h2>\n<h2>\n\t\t\tCampamento de verano\t<\/h2>\n<figure itemscope itemtype=\"https:\/\/schema.org\/ImageObject\">\n\t\t\t\t<img decoding=\"async\" src=\"https:\/\/www.easternmennonite.org\/wp-content\/uploads\/2026\/02\/SummerCamp-2026.png\" alt=\"SummerCamp 2026\" height=\"500\" width=\"500\" title=\"Campamento de verano 2026\" onerror=\"this.style.display='none'\" loading=\"lazy\" \/>\n\t<\/figure>\n\t<p>Get ready for an unforgettable affordable summer adventure! Eastern Mennonite School is thrilled to announce the return of our exciting summer camp program in Harrisonburg. Designed for curious and energetic middle schoolers, our camps are led by passionate EMS faculty, staff, coaches, and selected experts. Open to everyone in the Shenandoah Valley-Harrisonburg, Rockingham, Staunton, Waynesboro, and beyond-our camps promise not just to educate, but to inspire. Dive into hands-on, experiential learning that is as fun as it is enriching. Don&#8217;t miss out on this incredible opportunity for your student to explore, create, and make unforgettable memories. <\/p>\n<p>\u00a1Las plazas son limitadas y el a\u00f1o pasado se agotaron en la mayor\u00eda de los campamentos, as\u00ed que reg\u00edstrese ahora y que comience la aventura!<\/p>\n\t\t\t<a href=\"https:\/\/docs.google.com\/forms\/d\/e\/1FAIpQLSe765jsLsyexUzbUMGXCQ6HotQvjLy5STQfTsWpykM-7C4yGw\/viewform\"  target=\"_blank\" rel=\"noopener\">\n\t\t\t\t\t\t\u00a1Reg\u00edstrate ahora!\n\t\t\t\t\t<\/a>\n\t\t\t<a href=\"https:\/\/docs.google.com\/document\/d\/1QWw2-no9EdrnSyOjoflyVz4N7lXEO80bFLwqaIpI-kM\/edit?tab=t.0\"  target=\"_blank\" rel=\"noopener\">\n\t\t\t\t\t\tCat\u00e1logo de cursos\n\t\t\t\t\t<\/a>\n\t<p><strong>OMS:<\/strong>\u00a0Estudiantes que ingresan a 6.\u00ba, 7.\u00ba u 8.\u00ba grado<\/p>\n<p><strong>Qu\u00e9:\u00a0<\/strong>Opciones de campamentos de verano de medio d\u00eda o d\u00eda completo, de lunes a jueves.<\/p>\n<p><strong>Cuando:\u00a0<\/strong>Cursos matutinos de 9:00 a 11:45 h; cursos vespertinos de 12:15 a 15:00 h, con horario designado de 11:45 a 12:15 h para la entrega. Los estudiantes de jornada completa preparar\u00e1n su almuerzo y lo comer\u00e1n de 11:45 a 12:15 h. Las semanas del campamento de verano son:<\/p>\n<ul>\n<li>Monday, June 29 &#8211; Thursday, July 2, 2026<\/li>\n<li>Monday, July 13 &#8211; Thursday, July 16, 2026<\/li>\n<\/ul>\n<p><strong>D\u00f3nde:<\/strong>\u00a0Se lleva a cabo en el campus de EMS y algunos cursos incluyen experiencias de campo.<\/p>\n<p><strong>Costo:<\/strong>\u00a0El campamento de verano cuesta $150 por cada clase a la semana. Por ejemplo, si un estudiante toma una clase por la ma\u00f1ana y otra por la tarde, el costo semanal ser\u00e1 de $300. Si un estudiante de EMS trae a un amigo que no asiste a EMS, ambos estudiantes reciben un descuento de 50%.<\/p>\n<p><strong>Cronograma:<\/strong><\/p>\n<ul>\n<li>8:45 &#8211; 9:00 am Drop-Off for morning courses<\/li>\n<li><b>9:00 &#8211; 11:45 am Morning Camp<\/b><\/li>\n<li>11:45 &#8211; 12:15 pm Lunch (bring a packed lunch) and Pick-Up &amp; Drop-Off for half-day students<\/li>\n<li><b>12:15 &#8211; 3:00 pm Afternoon Camp<\/b><\/li>\n<li>Recogida a las 3:00 pm<\/li>\n<\/ul>\n<h2>\n\t\t\t\u00a1\u00danase a nosotros para el campamento de verano!\t<\/h2>\n\t\t\t<a href=\"https:\/\/docs.google.com\/forms\/d\/e\/1FAIpQLSe765jsLsyexUzbUMGXCQ6HotQvjLy5STQfTsWpykM-7C4yGw\/viewform\"  target=\"_blank\" rel=\"noopener\">\n\t\t\t\t\t\t\t\u00a1Reg\u00edstrate ahora!\n\t\t\t\t\t<\/a>\n\t\t\t<a href=\"https:\/\/docs.google.com\/document\/d\/1QWw2-no9EdrnSyOjoflyVz4N7lXEO80bFLwqaIpI-kM\/edit?tab=t.0\"  target=\"_blank\" rel=\"noopener\">\n\t\t\t\t\t\t\tCat\u00e1logo de cursos\n\t\t\t\t\t<\/a>","protected":false},"excerpt":{"rendered":"<p>Academics Eastern Mennonite Middle School&#8217;s Summer Camp Get ready for an unforgettable affordable summer adventure! Eastern Mennonite School is thrilled to announce the return of our exciting summer camp program in Harrisonburg. Designed for curious and energetic middle schoolers, our camps are led by passionate EMS faculty, staff, coaches, and selected experts. Open to everyone&hellip;<\/p>","protected":false},"author":1,"featured_media":74665,"parent":0,"menu_order":0,"comment_status":"closed","ping_status":"closed","template":"","meta":{"_acf_changed":false,"footnotes":""},"class_list":["post-74573","page","type-page","status-publish","has-post-thumbnail","hentry"],"acf":[],"_links":{"self":[{"href":"https:\/\/www.easternmennonite.org\/es\/wp-json\/wp\/v2\/pages\/74573","targetHints":{"allow":["GET"]}}],"collection":[{"href":"https:\/\/www.easternmennonite.org\/es\/wp-json\/wp\/v2\/pages"}],"about":[{"href":"https:\/\/www.easternmennonite.org\/es\/wp-json\/wp\/v2\/types\/page"}],"author":[{"embeddable":true,"href":"https:\/\/www.easternmennonite.org\/es\/wp-json\/wp\/v2\/users\/1"}],"replies":[{"embeddable":true,"href":"https:\/\/www.easternmennonite.org\/es\/wp-json\/wp\/v2\/comments?post=74573"}],"version-history":[{"count":6,"href":"https:\/\/www.easternmennonite.org\/es\/wp-json\/wp\/v2\/pages\/74573\/revisions"}],"predecessor-version":[{"id":79047,"href":"https:\/\/www.easternmennonite.org\/es\/wp-json\/wp\/v2\/pages\/74573\/revisions\/79047"}],"wp:featuredmedia":[{"embeddable":true,"href":"https:\/\/www.easternmennonite.org\/es\/wp-json\/wp\/v2\/media\/74665"}],"wp:attachment":[{"href":"https:\/\/www.easternmennonite.org\/es\/wp-json\/wp\/v2\/media?parent=74573"}],"curies":[{"name":"gracias","href":"https:\/\/api.w.org\/{rel}","templated":true}]}}