{"id":75,"date":"2019-01-09T03:37:30","date_gmt":"2019-01-09T08:37:30","guid":{"rendered":"https:\/\/digpants.com\/ros\/?page_id=75"},"modified":"2025-12-29T16:46:21","modified_gmt":"2025-12-29T21:46:21","slug":"admissions","status":"publish","type":"page","link":"https:\/\/www.easternmennonite.org\/es\/admissions\/","title":{"rendered":"Admisiones"},"content":{"rendered":"<p>\u00a1Gracias por su inter\u00e9s en Eastern Mennonite School, una de las escuelas privadas m\u00e1s antiguas de Harrisonburg, VA!<\/p>\n<p><strong>Estudiante de d\u00eda<\/strong> Consultas, por favor env\u00ede un correo electr\u00f3nico <a href=\"mailto:admissions@easternmennonite.org\">admissions@easternmennonite.org<\/a> or call 540-236-6021. Space is limited!<\/p>\n<p><strong>International student<\/strong> inquiries, please <a href=\"https:\/\/www.easternmennonite.org\/es\/admissions\/international-students\/\">Haga clic en Informaci\u00f3n para estudiantes internacionales<\/a>\u00a0Para saber m\u00e1s.<\/p>\n\t<p>Damos la bienvenida a estudiantes de cualquier nivel de grado (desde jard\u00edn de infantes hasta el grado 12) a nuestro <a href=\"https:\/\/www.easternmennonite.org\/es\/about\/experiential-learning\/\">educaci\u00f3n experimental<\/a> con \u00e9nfasis en <a href=\"https:\/\/www.easternmennonite.org\/es\/about\/the-arts\/\">las artes<\/a> en una <a href=\"https:\/\/www.easternmennonite.org\/es\/about\/faith-community\/\">comunidad de fe solidaria<\/a>Acogemos a estudiantes con una amplia gama de intereses y niveles de habilidad.<\/p>\n\t\t\t<blockquote><p><em>\u201cNos encanta la perspectiva global y el deseo de trabajar y comprender la perspectiva de los dem\u00e1s. Nos encanta el \u00e9nfasis en la comunidad y la comunicaci\u00f3n dentro de la escuela y las diversas oportunidades para trabajar con estudiantes de todas las edades. Nos encanta la prioridad que se otorga al aprendizaje individual\/autodirigido, las experiencias al aire libre, la creatividad\/bellas artes y las oportunidades tangibles de liderazgo incluso para los estudiantes m\u00e1s j\u00f3venes\u201d.   -Padres EMS<\/em><\/p><\/blockquote>\t\t\n\t\t\t<blockquote><p><em>Much\u00edsimas gracias a EMHS por dar la bienvenida a los nuevos estudiantes. El ambiente escolar es c\u00e1lido, acogedor, positivo e inclusivo. Fomentar relaciones saludables entre compa\u00f1eros es un proceso constante... apreciamos la ayuda de los profesores para lograrlo. Representante de padres de 6.\u00ba a 12.\u00ba grado<\/em><\/p><\/blockquote>\t\t\n\t\t\t<a href=\"https:\/\/easternmennonite.myschoolapp.com\/app\/embed#inquiry\/47694\" target=\"_blank\" rel=\"noopener\">\n\t\t\t\t\t\t\tPreguntar\n\t\t\t\t\t<\/a>\n\t\t\t<a href=\"https:\/\/www.easternmennonite.org\/es\/admissions\/visit\/\" target=\"_self\">\n\t\t\t\t\t\t\tVisitar\n\t\t\t\t\t<\/a>\n\t\t\t<a href=\"#\" role=\"button\">\n\t\t\t\t\t\t\tAplicar\n\t\t\t\t\t<\/a>\n\t\t\tAcceda al formulario de solicitud tras completar una consulta y crear su cuenta para el portal de admisiones. El plazo de solicitud para nuevos estudiantes se abre el 1 de noviembre de cada a\u00f1o.\t\t\n\t\t\t<a href=\"https:\/\/www.easternmennonite.org\/es\/about\/outcomes\/\" target=\"_self\">\n\t\t\t\t\t\t\tResultados\n\t\t\t\t\t<\/a>\n<h3>\n\t\t<a href=\"https:\/\/www.easternmennonite.org\/es\/admissions\/\" title=\"\"  target=\"_self\">\n\t\t\t\t\t<\/a>\n\t<\/h3>\n\t<p><strong>STEP 1:<\/strong>\u00a0 <strong>VISIT<\/strong>. Inscr\u00edbase para una jornada de puertas abiertas o un d\u00eda de visita familiar (fechas <a href=\"https:\/\/www.easternmennonite.org\/es\/visit\/\">here<\/a>), or schedule a personal tour. Admissions events and tours are available throughout the school year. Complete an <a href=\"https:\/\/easternmennonite.myschoolapp.com\/app\/embed#inquiry\/45569\">inquiry<\/a> Formulario para indicar inter\u00e9s y registrarse. Se le invitar\u00e1 a crear un usuario y una contrase\u00f1a para acceder a su portal de admisiones.<\/p>\n<p><strong>STEP 2:<\/strong>\u00a0 <strong>REVIEW TUITION<\/strong>Trabajamos con cada familia para que la educaci\u00f3n en EMS sea asequible. Consulte nuestra <a href=\"https:\/\/www.easternmennonite.org\/es\/admissions\/variable-tuition-and-aid\/\">matr\u00edcula<\/a> p\u00e1gina y hable con el personal de admisiones y de la oficina comercial sobre las opciones (consulte el PASO 3).<\/p>\n<p><strong>STEP 3:<\/strong>\u00a0 <strong>APPLY ONLINE.<\/strong> Complete la solicitud en l\u00ednea (disponible en su portal) para el pr\u00f3ximo a\u00f1o escolar despu\u00e9s del 1 de noviembre y revise la lista de verificaci\u00f3n de admisi\u00f3n. <a href=\"https:\/\/easternmennonite.myschoolapp.com\/app\/embed#inquiry\/45569\">inquiry<\/a> prior to Nov. 1 puts you in our records as an interested family). Complete the <a href=\"https:\/\/studentfinancialaid.blackbaud.school\/\">ayuda para la matr\u00edcula<\/a> Si desea ser considerado para recibir asistencia seg\u00fan sus necesidades, presente su solicitud antes del 15 de febrero para una consideraci\u00f3n prioritaria.<\/p>\n<p><strong>PASO 4: INSCR\u00cdBETE.<\/strong> En marzo, tras completar el proceso de admisi\u00f3n, finalice su inscripci\u00f3n a trav\u00e9s de nuestro sistema de inscripci\u00f3n en l\u00ednea (disponible en su portal). Se deber\u00e1 abonar una cuota general no reembolsable al inscribirse.<\/p>\n<h2>Consultas para el pr\u00f3ximo a\u00f1o escolar y m\u00e1s all\u00e1<\/h2>\n<p class=\"translation-block\">Los padres que quieran explorar las admisiones a EMS en el futuro deben completar un <a href=\"https:\/\/easternmennonite.schooladminonline.com\/portal\/new_inquiry\" target=\"_self\"><strong>formulario de consulta<\/strong><\/a> para que podamos mantenernos en contacto. Una vez que est\u00e9 en nuestros registros como familia interesada, se le notificar\u00e1 con suficiente antelaci\u00f3n sobre futuros eventos de admisi\u00f3n.<\/p>\n\t\t<h3>Fechas importantes<\/h3><ul>\n<li><strong>1 de noviembre \u2013 31 de diciembre:<\/strong>\u00a0 Temporada de admisiones de oto\u00f1o. Solicitud gratuita. Revisi\u00f3n de admisi\u00f3n: 10 de enero.<\/li>\n<li><strong>1 de enero \u2013 15 de febrero:<\/strong>\u00a0 Winter admissions season. No application fee. Admissions review by March 10.<\/li>\n<li><strong>1 de enero \u2013 15 de febrero:<\/strong>\u00a0 Solicitudes de ayuda para la matr\u00edcula abiertas. Tarifa de procesamiento: $35. Fecha l\u00edmite: 15 de febrero para contratos con vencimiento el 1 de marzo.<\/li>\n<li><strong>1 de marzo \u2013 verano:\u00a0<\/strong> Spring\/summer admissions season. $50 application fee. Space may not be available at all grade levels.<\/li>\n<li><strong>March 1:<\/strong>\u00a0 Se abre la inscripci\u00f3n para nuevos estudiantes. Se debe abonar un dep\u00f3sito de matr\u00edcula no reembolsable de $300.<\/li>\n<li><strong>15 de abril:<\/strong> Fecha l\u00edmite de inscripci\u00f3n para inscripci\u00f3n a clases, programaci\u00f3n y reserva de lugar en ciertos grados.<\/li>\n<\/ul>\n<h2>\n\t\t\tAprende M\u00e1s\t<\/h2>\n\t\t\t<a href=\"https:\/\/www.easternmennonite.org\/es\/admissions\/variable-tuition-and-aid\/\" target=\"_self\">\n\t\t\t\t\t\t\tMatr\u00edcula\n\t\t\t\t\t<\/a>\n\t\t\t<a href=\"https:\/\/www.easternmennonite.org\/es\/admissions\/international-students\/\" target=\"_self\">\n\t\t\t\t\t\t\tEstudiantes Internacionales\n\t\t\t\t\t<\/a>\n\t\t\t<a href=\"https:\/\/www.easternmennonite.org\/es\/admissions\/frequently-asked-questions\/\" target=\"_self\">\n\t\t\t\t\t\t\tPreguntas frecuentes\n\t\t\t\t\t<\/a>\n<h2>\n\t\t\tDocumentos necesarios para la admisi\u00f3n:\t<\/h2>\n\t\t<h2>Jard\u00edn de infancia<\/h2><ul>\n<li>Aplicaciones en l\u00ednea<\/li>\n<li>Referencia del maestro de preescolar<\/li>\n<li>Referencia personal<\/li>\n<li>Certificado de nacimiento<\/li>\n<li>Calendario de vacunaci\u00f3n<\/li>\n<li><a href=\"https:\/\/www.vdh.virginia.gov\/content\/uploads\/sites\/58\/2024\/09\/GREEN-6-2024.-JPTS.-MCH213G_School_Entrance_Fillabl.pdf\" target=\"_blank\" rel=\"noopener\">Formulario de salud para el ingreso a la escuela de Virginia<\/a> \u2013 presentado antes del inicio del a\u00f1o escolar<\/li>\n<\/ul>\n\t\t<h2>Grados 1-5<\/h2><ul>\n<li>Aplicaciones en l\u00ednea<\/li>\n<li>Referencia actual del profesor<\/li>\n<li>Referencia personal<\/li>\n<li>Copias de registros escolares o trabajos de educaci\u00f3n en el hogar<\/li>\n<\/ul>\n\t\t<h2>Grados 6-12<\/h2><ul>\n<li>Aplicaciones en l\u00ednea<\/li>\n<li>Referencia actual del profesor<\/li>\n<li>Referencia personal<\/li>\n<li>Pastor \/ referencia espiritual (opcional)<\/li>\n<li>Copias de registros escolares o trabajos de educaci\u00f3n en el hogar<\/li>\n<li>Two handwritten essays<\/li>\n<\/ul>\n\t<p>Estudiantes educados en casa: Adem\u00e1s de los documentos anteriores, los estudiantes educados en casa que ingresan a la escuela por primera vez deben proporcionar una copia del programa de vacunaci\u00f3n del estudiante y <a href=\"https:\/\/www.vdh.virginia.gov\/content\/uploads\/sites\/58\/2024\/09\/GREEN-6-2024.-JPTS.-MCH213G_School_Entrance_Fillabl.pdf\" target=\"_blank\" rel=\"noopener\">Formulario de salud para el ingreso a la escuela de Virginia<\/a> (entregado antes del inicio del a\u00f1o escolar).<\/p>\n<p>Tras enviar la solicitud, los padres\/tutores seguir\u00e1n una lista de verificaci\u00f3n para completar los elementos restantes del expediente de admisi\u00f3n del estudiante. Estamos a su disposici\u00f3n para guiarlos y responder a sus preguntas durante el proceso.<\/p>\n<p class=\"translation-block\"><strong>El expediente de admisi\u00f3n estar\u00e1 completo cuando la escuela haya recibido la solicitud y todos los elementos de la lista de verificaci\u00f3n<\/strong> . Lo revisaremos y nos comunicaremos con usted si tiene preguntas. Ocasionalmente, podemos solicitar informaci\u00f3n adicional o programar una reuni\u00f3n con las familias durante la fase de admisi\u00f3n.<\/p>\n\t<h3>Aprendiendo soporte<\/h3>\n<p>Nuestro Coordinador de Servicios de Apoyo al Aprendizaje colabora con padres, maestros y directores para brindar servicios espec\u00edficos a los estudiantes para ayudarlos a tener \u00e9xito. Estos servicios son posibles gracias a la financiaci\u00f3n de IDEA y del T\u00edtulo II. La gama de servicios proporcionados depende de las necesidades de cada estudiante y de los recursos de la escuela.<\/p>\n\t<p><em>Eastern Mennonite School no discrimina por motivos de raza, color, discapacidad, origen nacional o \u00e9tnico o religi\u00f3n, y admite a los estudiantes a todos los derechos, privilegios, programas y actividades generalmente concedidos o puestos a disposici\u00f3n de los estudiantes en la escuela.<\/em><\/p>\n<p><em>La siguiente persona ha sido designada para manejar consultas sobre las pol\u00edticas de no discriminaci\u00f3n de la escuela, incluidas sus\u00a0<a href=\"https:\/\/www.easternmennonite.org\/es\/about\/title-ix\/\">pol\u00edtica del T\u00edtulo IX<\/a>: <a href=\"https:\/\/www.easternmennonite.org\/facultystaff\/debbie-katz-2\/\" target=\"_blank\" rel=\"noopener\">Debbie Katz<\/a>, High School Counselor and Title IX Compliance Coordinator.\u00a0<\/em><\/p>\n<p><em>Para obtener ayuda relacionada con el T\u00edtulo IX u otras leyes de derechos civiles, comun\u00edquese con\u00a0<\/em><em>la OCR<\/em><em>\u00a0at\u00a0<\/em><em>OCR@ed.gov<\/em><em>\u00a0o 800-421-3481, TDD 800-877-8339.<\/em><\/p>","protected":false},"excerpt":{"rendered":"<p>Gracias por su inter\u00e9s en la Escuela Menonita del Este, una de las escuelas privadas m\u00e1s antiguas de Harrisonburg, VA. Para consultas sobre estudiantes externos, env\u00ede un correo electr\u00f3nico a admissions@easternmennonite.org o llame al 540-236-6021. \u00a1Cupo limitado! Para consultas sobre estudiantes internacionales, haga clic en Informaci\u00f3n para Estudiantes Internacionales para obtener m\u00e1s informaci\u00f3n. Recibimos a estudiantes de cualquier grado, desde k\u00ednder hasta 12.\u00ba grado, en nuestra\u2026<\/p>","protected":false},"author":1,"featured_media":8763,"parent":0,"menu_order":0,"comment_status":"closed","ping_status":"closed","template":"","meta":{"_acf_changed":false,"footnotes":""},"class_list":["post-75","page","type-page","status-publish","has-post-thumbnail","hentry"],"acf":[],"_links":{"self":[{"href":"https:\/\/www.easternmennonite.org\/es\/wp-json\/wp\/v2\/pages\/75","targetHints":{"allow":["GET"]}}],"collection":[{"href":"https:\/\/www.easternmennonite.org\/es\/wp-json\/wp\/v2\/pages"}],"about":[{"href":"https:\/\/www.easternmennonite.org\/es\/wp-json\/wp\/v2\/types\/page"}],"author":[{"embeddable":true,"href":"https:\/\/www.easternmennonite.org\/es\/wp-json\/wp\/v2\/users\/1"}],"replies":[{"embeddable":true,"href":"https:\/\/www.easternmennonite.org\/es\/wp-json\/wp\/v2\/comments?post=75"}],"version-history":[{"count":3,"href":"https:\/\/www.easternmennonite.org\/es\/wp-json\/wp\/v2\/pages\/75\/revisions"}],"predecessor-version":[{"id":78350,"href":"https:\/\/www.easternmennonite.org\/es\/wp-json\/wp\/v2\/pages\/75\/revisions\/78350"}],"wp:featuredmedia":[{"embeddable":true,"href":"https:\/\/www.easternmennonite.org\/es\/wp-json\/wp\/v2\/media\/8763"}],"wp:attachment":[{"href":"https:\/\/www.easternmennonite.org\/es\/wp-json\/wp\/v2\/media?parent=75"}],"curies":[{"name":"gracias","href":"https:\/\/api.w.org\/{rel}","templated":true}]}}