{"id":76,"date":"2019-01-09T03:37:30","date_gmt":"2019-01-09T08:37:30","guid":{"rendered":"https:\/\/digpants.com\/ros\/?page_id=76"},"modified":"2024-09-10T16:11:31","modified_gmt":"2024-09-10T20:11:31","slug":"academics","status":"publish","type":"page","link":"https:\/\/www.easternmennonite.org\/es\/academics\/","title":{"rendered":"Acad\u00e9mica"},"content":{"rendered":"<h1>\n\t\tAcad\u00e9mica\n\t<\/h1>\n\t<p class=\"translation-block\">EMS es peque\u00f1a y centrada en los estudiantes, y ofrece atenci\u00f3n individualizada para fomentar la creatividad a trav\u00e9s de las artes en un ambiente seguro, arraigado en la fe cristiana. Lea <a href=\"https:\/\/www.easternmennonite.org\/es\/about\/news\/?_sft_category=academics\" target=\"_self\">noticias recientes<\/a> con un enfoque acad\u00e9mico.<\/p>\n\t\t\t\t<a href=\"https:\/\/www.easternmennonite.org\/es\/academics\/elementary-school\/\" target=\"_self\" itemprop=\"url\" rel=\"noopener\">\n\t\t\t\t<img loading=\"lazy\" decoding=\"async\" src=\"https:\/\/www.easternmennonite.org\/wp-content\/uploads\/bb-plugin\/cache\/IMG_1915-square-0641528cff24bd65c807ac91e694c1e8-.jpg\" alt=\"Kindergarten 2022\" itemprop=\"image\" height=\"2317\" width=\"2058\" title=\"IMG_1915\" onerror=\"this.style.display='none'\"  \/>\n\t\t\t\t<\/a>\n\t\t\t<a href=\"https:\/\/www.easternmennonite.org\/es\/academics\/elementary-school\/\" target=\"_self\" rel=\"noopener\">\n\t\t\t\t\t\t\tELEMENTAL\n\t\t\t\t\t<\/a>\n\t\t\t\t<a href=\"https:\/\/www.easternmennonite.org\/es\/academics\/middle-school\/\" target=\"_self\" itemprop=\"url\" rel=\"noopener\">\n\t\t\t\t<img loading=\"lazy\" decoding=\"async\" src=\"https:\/\/www.easternmennonite.org\/wp-content\/uploads\/bb-plugin\/cache\/IMG_4937-e1661193320597-square-cdfc6f4a9a217006f7fa8d5aefc1537a-.jpg\" alt=\"Middle school day out\" itemprop=\"image\" height=\"490\" width=\"538\" title=\"IMG_4937\" onerror=\"this.style.display='none'\"  \/>\n\t\t\t\t<\/a>\n\t\t\t<a href=\"https:\/\/www.easternmennonite.org\/es\/academics\/middle-school\/\" target=\"_self\" rel=\"noopener\">\n\t\t\t\t\t\t\tESCUELA INTERMEDIA\n\t\t\t\t\t<\/a>\n\t\t\t\t<a href=\"https:\/\/www.easternmennonite.org\/es\/academics\/high-school\/\" target=\"_self\" itemprop=\"url\" rel=\"noopener\">\n\t\t\t\t<img loading=\"lazy\" decoding=\"async\" src=\"https:\/\/www.easternmennonite.org\/wp-content\/uploads\/bb-plugin\/cache\/IMG_9388-scaled-square-47dd8fcc412fed672e918571da025f0f-.jpg\" alt=\"Chemistry lab\" itemprop=\"image\" height=\"1707\" width=\"2560\" title=\"IMG_9388\" onerror=\"this.style.display='none'\"  \/>\n\t\t\t\t<\/a>\n\t\t\t<a href=\"https:\/\/www.easternmennonite.org\/es\/academics\/high-school\/\" target=\"_self\" rel=\"noopener\">\n\t\t\t\t\t\t\tESCUELA SECUNDARIA\n\t\t\t\t\t<\/a>\n<h3>\n\t\t<a href=\"https:\/\/www.easternmennonite.org\/es\/academics\/\" title=\"\" target=\"_self\" rel=\"noopener\">\n\t\t<\/a>\n\t<\/h3>\n\t\t\t<a href=\"https:\/\/drive.google.com\/file\/d\/1Q9NUDkuR6bjWbQ3HjOPL9N8taGPnJ3eH\/view?usp=sharing\" target=\"_blank\" rel=\"noopener\">\n\t\t\t\t\t\t\tManual de Secundaria (incluye Manual Acad\u00e9mico)\n\t\t\t\t\t<\/a>\n<h3>\n\t\tExplore nuestro sitio web, cont\u00e1ctenos para charlar, planifique una visita. Es la mejor manera de tener una idea de c\u00f3mo nuestra comunidad de aprendizaje puede convertirse en su hogar.\n\t<\/h3>\n\t\t\t<a href=\"https:\/\/www.easternmennonite.org\/es\/about\/calendar\/\" target=\"_self\" rel=\"noopener\">\n\t\t\t\t\t\t\tCALENDARIO\n\t\t\t\t\t<\/a>\n\t\t\t<a href=\"https:\/\/www.easternmennonite.org\/es\/about\/news\/\" target=\"_self\" rel=\"noopener\">\n\t\t\t\t\t\t\tNoticias\n\t\t\t\t\t<\/a>\n\t\t\t<a href=\"https:\/\/www.easternmennonite.org\/es\/admissions\/visit\/\" target=\"_self\" rel=\"noopener\">\n\t\t\t\t\t\t\tVisitar\n\t\t\t\t\t<\/a>\n\t\t\t<a href=\"https:\/\/www.easternmennonite.org\/es\/admissions\/admissions-online\/\" target=\"_self\" rel=\"noopener\">\n\t\t\t\t\t\t\tAplicar\n\t\t\t\t\t<\/a>\n\t\t\t\t<img loading=\"lazy\" decoding=\"async\" src=\"https:\/\/www.easternmennonite.org\/wp-content\/uploads\/2022\/11\/IMG_9331-891x1024.jpg\" alt=\"IMG_9331\" itemprop=\"image\" height=\"1024\" width=\"891\" title=\"IMG_9331\" onerror=\"this.style.display='none'\"  \/>\n\t\t\t\t<img loading=\"lazy\" decoding=\"async\" src=\"https:\/\/www.easternmennonite.org\/wp-content\/uploads\/2022\/07\/image_50736129-560x410-1.jpg\" alt=\"Girls pause for photo on bike trail\" itemprop=\"image\" height=\"410\" width=\"560\" title=\"image_50736129-560x410\" onerror=\"this.style.display='none'\"  \/>\n\t\t\t\t<img loading=\"lazy\" decoding=\"async\" src=\"https:\/\/www.easternmennonite.org\/wp-content\/uploads\/2019\/01\/IMG_7245-1.jpg\" alt=\"IMG_7245\" itemprop=\"image\" height=\"667\" width=\"1000\" title=\"IMG_7245\" onerror=\"this.style.display='none'\"  \/>","protected":false},"excerpt":{"rendered":"<p>Acad\u00e9mico EMS es peque\u00f1o y centrado en los estudiantes, y ofrece atenci\u00f3n individualizada para fomentar la creatividad a trav\u00e9s de las artes en un ambiente seguro, arraigado en la fe cristiana. Lea noticias recientes con un enfoque acad\u00e9mico. PRIMARIA ESCUELA MEDIA SECUNDARIA Secundaria Manual (incluye Manual Acad\u00e9mico) Explora nuestro sitio web, cont\u00e1ctanos para charlar, planifica una visita. Es la mejor manera\u2026<\/p>","protected":false},"author":1,"featured_media":3571,"parent":0,"menu_order":0,"comment_status":"closed","ping_status":"closed","template":"","meta":{"_acf_changed":false,"footnotes":""},"class_list":["post-76","page","type-page","status-publish","has-post-thumbnail","hentry"],"acf":[],"_links":{"self":[{"href":"https:\/\/www.easternmennonite.org\/es\/wp-json\/wp\/v2\/pages\/76","targetHints":{"allow":["GET"]}}],"collection":[{"href":"https:\/\/www.easternmennonite.org\/es\/wp-json\/wp\/v2\/pages"}],"about":[{"href":"https:\/\/www.easternmennonite.org\/es\/wp-json\/wp\/v2\/types\/page"}],"author":[{"embeddable":true,"href":"https:\/\/www.easternmennonite.org\/es\/wp-json\/wp\/v2\/users\/1"}],"replies":[{"embeddable":true,"href":"https:\/\/www.easternmennonite.org\/es\/wp-json\/wp\/v2\/comments?post=76"}],"version-history":[{"count":0,"href":"https:\/\/www.easternmennonite.org\/es\/wp-json\/wp\/v2\/pages\/76\/revisions"}],"wp:featuredmedia":[{"embeddable":true,"href":"https:\/\/www.easternmennonite.org\/es\/wp-json\/wp\/v2\/media\/3571"}],"wp:attachment":[{"href":"https:\/\/www.easternmennonite.org\/es\/wp-json\/wp\/v2\/media?parent=76"}],"curies":[{"name":"gracias","href":"https:\/\/api.w.org\/{rel}","templated":true}]}}