{"id":793,"date":"2019-01-25T15:01:13","date_gmt":"2019-01-25T20:01:13","guid":{"rendered":"https:\/\/emsdev.digpants.com\/?page_id=793"},"modified":"2025-11-12T11:05:49","modified_gmt":"2025-11-12T16:05:49","slug":"the-arts","status":"publish","type":"page","link":"https:\/\/www.easternmennonite.org\/es\/about\/the-arts\/","title":{"rendered":"Las Artes"},"content":{"rendered":"<p>La educaci\u00f3n musical era un objetivo primordial cuando se fund\u00f3 la EMS hace m\u00e1s de 100 a\u00f1os. Hoy en d\u00eda, la chispa creativa de cada estudiante en todas las divisiones se alimenta a trav\u00e9s de la m\u00fasica, otras artes esc\u00e9nicas y las artes visuales. Creemos que la expresi\u00f3n art\u00edstica es parte de c\u00f3mo experimentamos a Dios y nos desarrollamos plenamente como personas de fe.<\/p>\n\t\t\t<a href=\"https:\/\/www.easternmennonite.org\/es\/about\/the-arts\/music-at-ems\/\" target=\"_self\">\n\t\t\t\t\t\t\tM\u00fasica en EMS\n\t\t\t\t\t<\/a>\n\t\t\t<a href=\"https:\/\/www.easternmennonite.org\/es\/about\/the-arts\/touring-choir\/\" target=\"_self\">\n\t\t\t\t\t\t\tTouring Choir\n\t\t\t\t\t<\/a>\n\t\t\t<a href=\"https:\/\/www.easternmennonite.org\/es\/about\/the-arts\/visual-arts\/\" target=\"_self\">\n\t\t\t\t\t\t\tArtes visuales\n\t\t\t\t\t<\/a>\n\t\t\t<a href=\"https:\/\/www.easternmennonite.org\/es\/about\/the-arts\/drama\/\" target=\"_self\">\n\t\t\t\t\t\t\tTeatro \n\t\t\t\t\t<\/a>\n<h2>\n\t\t\t\u00a1\u00daNETE A NOSOTROS! ARTES ESC\u00c9NICAS 2025-2026\t<\/h2>\n\t<p><strong>PROGRAMAS DE OTO\u00d1O<\/strong><\/p>\n<ul>\n<li>Concierto de bienvenida \u00b7 Viernes 17 de octubre<\/li>\n<li>Obra de teatro de secundaria* \u00b7 31 de octubre - 2 de noviembre<\/li>\n<\/ul>\n<p><strong>CONCIERTOS DE NAVIDAD<\/strong><\/p>\n<ul>\n<li>Concierto Coral \u00b7 Jueves 4 de diciembre<\/li>\n<li>Concierto de Navidad de EMES \u2013 Jueves 11 de diciembre<\/li>\n<li>Concierto Instrumental MS \u00b7 Martes 16 de diciembre<\/li>\n<li>Concierto instrumental de la escuela secundaria \u00b7 Jueves 18 de diciembre<\/li>\n<\/ul>\n\t<p><strong>INVIERNO\/PRIMAVERA 2026<\/strong><\/p>\n<ul>\n<li>Concierto Coral de Invierno \u00b7 Jueves 19 de febrero<\/li>\n<li>Musicales HS <em>El jorobado de Notre Dame* \u00b7 <\/em>26 de febrero - 1 de marzo<\/li>\n<li>Invitados especiales Apollo5* \u00b7 Mi\u00e9 4 de marzo<\/li>\n<li>Obra de teatro de secundaria* \u00b7 9 y 10 de mayo<\/li>\n<li>Concierto de secundaria \u00b7 Jueves 14 de mayo<\/li>\n<li>Concierto de graduaci\u00f3n \u00b7 Jueves 21 de mayo<\/li>\n<\/ul>\n<p><em>Todos los conciertos de EMS: gratis \u00b7 18:30 h.<\/em><\/p>\n\t\t\t<a href=\"https:\/\/www.easternmennonite.org\/es\/tickets-for-ems-events\/\" target=\"_self\">\n\t\t\t\t\t\t\tCONSEGUIR <br \/>\u00a1ENTRADAS!\n\t\t\t\t\t<\/a>\n\t<br \/>\n*Las funciones de teatro y los conciertos de artistas invitados requieren entrada.\n<h2>\n\t\t\tVen a visitarnos y\u2026\t<\/h2>\n\t<ul>\n<li>Observar o participar en un ensayo de coro, orquesta o banda.<\/li>\n<li>Experimente una clase o club de arte.<\/li>\n<li>Acompa\u00f1ar a una clase de fotograf\u00eda en sus exploraciones.<\/li>\n<li>Conoce a nuestros profesores de arte y m\u00fasica.<\/li>\n<\/ul>\n\t\t\t<a href=\"https:\/\/www.easternmennonite.org\/es\/admissions\/visit\/\" target=\"_self\">\n\t\t\t\t\t\t\tHorario <br \/>\u00a1un recorrido!\n\t\t\t\t\t<\/a>\n<h2>\n\t\t\tDesde la perspectiva del estudiante...\t<\/h2>","protected":false},"excerpt":{"rendered":"<p>La educaci\u00f3n musical era un objetivo principal cuando se fund\u00f3 EMS hace m\u00e1s de 100 a\u00f1os. Hoy en d\u00eda, la chispa creativa de cada estudiante en todas las divisiones se alimenta a trav\u00e9s de la m\u00fasica, otras artes esc\u00e9nicas y las artes visuales. Creemos que la expresi\u00f3n art\u00edstica es parte de c\u00f3mo experimentamos a Dios y nos desarrollamos plenamente como personas de fe. M\u00fasica\u2026<\/p>","protected":false},"author":1,"featured_media":8394,"parent":74,"menu_order":0,"comment_status":"closed","ping_status":"closed","template":"","meta":{"_acf_changed":false,"footnotes":""},"class_list":["post-793","page","type-page","status-publish","has-post-thumbnail","hentry"],"acf":[],"_links":{"self":[{"href":"https:\/\/www.easternmennonite.org\/es\/wp-json\/wp\/v2\/pages\/793","targetHints":{"allow":["GET"]}}],"collection":[{"href":"https:\/\/www.easternmennonite.org\/es\/wp-json\/wp\/v2\/pages"}],"about":[{"href":"https:\/\/www.easternmennonite.org\/es\/wp-json\/wp\/v2\/types\/page"}],"author":[{"embeddable":true,"href":"https:\/\/www.easternmennonite.org\/es\/wp-json\/wp\/v2\/users\/1"}],"replies":[{"embeddable":true,"href":"https:\/\/www.easternmennonite.org\/es\/wp-json\/wp\/v2\/comments?post=793"}],"version-history":[{"count":6,"href":"https:\/\/www.easternmennonite.org\/es\/wp-json\/wp\/v2\/pages\/793\/revisions"}],"predecessor-version":[{"id":77586,"href":"https:\/\/www.easternmennonite.org\/es\/wp-json\/wp\/v2\/pages\/793\/revisions\/77586"}],"up":[{"embeddable":true,"href":"https:\/\/www.easternmennonite.org\/es\/wp-json\/wp\/v2\/pages\/74"}],"wp:featuredmedia":[{"embeddable":true,"href":"https:\/\/www.easternmennonite.org\/es\/wp-json\/wp\/v2\/media\/8394"}],"wp:attachment":[{"href":"https:\/\/www.easternmennonite.org\/es\/wp-json\/wp\/v2\/media?parent=793"}],"curies":[{"name":"gracias","href":"https:\/\/api.w.org\/{rel}","templated":true}]}}