{"id":824,"date":"2019-01-25T15:01:28","date_gmt":"2019-01-25T20:01:28","guid":{"rendered":"https:\/\/emsdev.digpants.com\/?page_id=824"},"modified":"2025-09-29T08:37:42","modified_gmt":"2025-09-29T12:37:42","slug":"faith-community","status":"publish","type":"page","link":"https:\/\/www.easternmennonite.org\/es\/about\/faith-community\/","title":{"rendered":"Comunidad de fe"},"content":{"rendered":"<h3>Jes\u00fas es el centro de nuestra fe. La comunidad es el centro de nuestra vida. La reconciliaci\u00f3n es el centro de nuestro trabajo.<\/h3>\n<h3>Todos los estudiantes, K-12, son desafiados diariamente a considerar c\u00f3mo vivir como seguidores de Jes\u00fas. Aprendemos, adoramos, oramos, comemos, cantamos y jugamos juntos. Nos animamos unos a otros en tiempos dif\u00edciles y celebramos los logros de los dem\u00e1s. Miramos m\u00e1s all\u00e1 de nosotros mismos y de nuestra propia comunidad y miramos c\u00f3mo servimos a los dem\u00e1s.<\/h3>\n<h3>\n\t\t\tcomunidad de fe\t<\/h3>\n\t\t\t\t<img decoding=\"async\" src=\"https:\/\/www.easternmennonite.org\/wp-content\/uploads\/2019\/02\/IMG_2396-faith-1000x667.jpg\" alt=\"IMG_2396-faith\" itemprop=\"image\" height=\"667\" width=\"1000\" title=\"IMG_2396-fe\" onerror=\"this.style.display='none'\" loading=\"lazy\" \/>\n\t\t\t\t<img decoding=\"async\" src=\"https:\/\/www.easternmennonite.org\/wp-content\/uploads\/2019\/02\/IMG_6677web-faith-1000x667.jpg\" alt=\"IMG_6677web-faith\" itemprop=\"image\" height=\"667\" width=\"1000\" title=\"IMG_6677web-fe\" onerror=\"this.style.display='none'\" loading=\"lazy\" \/>\n\t\t\t\t<img decoding=\"async\" src=\"https:\/\/www.easternmennonite.org\/wp-content\/uploads\/2019\/02\/IMG_6846-faith-1000x667.jpg\" alt=\"IMG_6846-faith\" itemprop=\"image\" height=\"667\" width=\"1000\" title=\"IMG_6846-fe\" onerror=\"this.style.display='none'\" loading=\"lazy\" \/>\n<h2>\n\t\t\tLos programas incluyen:\t<\/h2>\n\t<ul>\n<li>Parejas grandes y peque\u00f1as. Los alumnos de secundaria son mentores de los de primaria. Los alumnos de tercer y cuarto curso se emparejan con nuevos alumnos de secundaria.<\/li>\n<\/ul>\n\t<ul>\n<li>Club We Serve para estudiantes de secundaria. Un grupo para estudiantes que quieren servir a la escuela a trav\u00e9s de la recepci\u00f3n de visitantes para la oficina de admisiones, y haciendo una variedad de programas mensuales de divulgaci\u00f3n en la comunidad en general.<\/li>\n<li><strong><a href=\"https:\/\/www.easternmennonite.org\/es\/about\/faith-community\/chapel\/\">Capilla<\/a><\/strong> para alumnos de 6\u00ba a 12\u00ba grado, para escuchar a antiguos alumnos, profesores, personal y oradores invitados, para aprender sobre temas, ser desafiados en su camino de fe y orar.<\/li>\n<\/ul>\n<ul>\n<li>Semanal <strong><a href=\"https:\/\/www.easternmennonite.org\/es\/about\/faith-community\/neighbor-groups\/\" target=\"_blank\" rel=\"noopener\">Los Grupos de Vecinos<\/a><\/strong> discutir temas de toda la escuela, inquietudes personales y eventos actuales. Cada reuni\u00f3n incluye tiempo para \u201cmerendar, charlar, orar\u201d.<\/li>\n<li>Reuni\u00f3n semanal K-5, comidas internacionales y clase de construcci\u00f3n de la paz.<\/li>\n<li>Varios <strong><a href=\"https:\/\/www.easternmennonite.org\/es\/about\/faith-community\/clubs-and-activities\/\">clubes y actividades<\/a>.<\/strong><\/li>\n<\/ul>\n<h2>\n\t\t\tPlan de estudios sobre la Biblia y la construcci\u00f3n de la paz\t<\/h2>\n\t<ul>\n<li>Los profesores de Biblia de todas las divisiones utilizan el <a href=\"https:\/\/www.mennoniteeducation.org\/Resources\/News\/Pages\/Encounter-now-available.aspx\">plan de estudios de Encuentro<\/a> desarrollado por el Consejo de Escuelas Menonitas. Encuentro se centra en la formaci\u00f3n hol\u00edstica de la fe a trav\u00e9s del encuentro con Dios, con los dem\u00e1s y con la creaci\u00f3n.<\/li>\n<li>Los alumnos de primaria utilizan el plan de estudios de Encuentro, as\u00ed como un plan de estudios de construcci\u00f3n de la paz. <a href=\"https:\/\/www.easternmennonite.org\/es\/about\/peacebuilding\/\">Los conceptos se integran<\/a> a trav\u00e9s de la vida escolar juntos.<\/li>\n<\/ul>\n\t\t\t\t<img decoding=\"async\" src=\"https:\/\/www.easternmennonite.org\/wp-content\/uploads\/2019\/01\/infographics_weekly_k5_peacebuilding.png\" alt=\"infographics_weekly_k5_peacebuilding\" itemprop=\"image\" height=\"500\" width=\"1000\" title=\"infografia_weekly_k5_peacebuilding\" onerror=\"this.style.display='none'\" loading=\"lazy\" \/>\n<h2>\n\t\t\tServicio a los dem\u00e1s\t<\/h2>\n\t\t\t<a href=\"https:\/\/www.easternmennonite.org\/es\/about\/faith-community\/community-service-day\/\" target=\"_self\">\n\t\t\t\t\t\t\tLea sobre el D\u00eda del Servicio a la Comunidad\n\t\t\t\t\t<\/a>\n\t<p>El servicio a los dem\u00e1s, cerca de casa y en todo el mundo, se enfatiza en todos los niveles de grado.<\/p>\n<p>\u201cServicio\u201d se define ampliamente para incluir actos de bondad hacia los compa\u00f1eros, respeto hacia los maestros y experiencias pr\u00e1cticas. Estos incluyen un programa a nivel escolar <a href=\"https:\/\/www.easternmennonite.org\/es\/about\/faith-community\/community-service-day\/\">d\u00eda de servicio comunitario<\/a>y grupos m\u00e1s peque\u00f1os que limpian la basura, preparan comidas para un centro de acogida de personas sin hogar, leen a ni\u00f1os en edad preescolar, trabajan como voluntarios en una tienda de segunda mano o recaudan dinero para comprar material para kits de refugiados.<\/p>\n<p>We Serve es un club que recauda dinero para realizar proyectos de servicio al menos una vez al mes. Los estudiantes de la Sociedad Nacional de Honor completan horas de servicio comunitario como parte de sus responsabilidades.<\/p>\n\t\t\t\t<img decoding=\"async\" src=\"https:\/\/www.easternmennonite.org\/wp-content\/uploads\/2021\/10\/IMG_1898-2-scaled.jpg\" alt=\"WeServe club roadside clean up with Rotary of Harrisonburg, 2021\" itemprop=\"image\" height=\"1852\" width=\"2560\" title=\"IMG_1898 (2)\" onerror=\"this.style.display='none'\" loading=\"lazy\" \/>\n\t\tLimpieza de carreteras del club WeServe con el Rotary de Harrisonburg, 2021\n\t\t\t\t<img decoding=\"async\" src=\"https:\/\/www.easternmennonite.org\/wp-content\/uploads\/2020\/07\/Faith-Practices-for-EMS.jpg\" alt=\"Faith Practices for EMS\" itemprop=\"image\" height=\"1700\" width=\"2200\" title=\"Pr\u00e1cticas de fe para los SME\" onerror=\"this.style.display='none'\" loading=\"lazy\" \/>\n<h2>\n\t\t\tNoticias de la comunidad religiosa EMS\t<\/h2>","protected":false},"excerpt":{"rendered":"<p>Jes\u00fas es el centro de nuestra fe. La comunidad es el centro de nuestra vida. La reconciliaci\u00f3n es el centro de nuestro trabajo. Todos los estudiantes, K-12, son desafiados diariamente a considerar c\u00f3mo vivir como seguidores de Jes\u00fas. Aprendemos, adoramos, oramos, comemos, cantamos y jugamos juntos. Nos animamos unos a otros en tiempos dif\u00edciles y celebramos...<\/p>","protected":false},"author":1,"featured_media":8473,"parent":74,"menu_order":0,"comment_status":"closed","ping_status":"closed","template":"","meta":{"_acf_changed":false,"footnotes":""},"class_list":["post-824","page","type-page","status-publish","has-post-thumbnail","hentry"],"acf":[],"_links":{"self":[{"href":"https:\/\/www.easternmennonite.org\/es\/wp-json\/wp\/v2\/pages\/824","targetHints":{"allow":["GET"]}}],"collection":[{"href":"https:\/\/www.easternmennonite.org\/es\/wp-json\/wp\/v2\/pages"}],"about":[{"href":"https:\/\/www.easternmennonite.org\/es\/wp-json\/wp\/v2\/types\/page"}],"author":[{"embeddable":true,"href":"https:\/\/www.easternmennonite.org\/es\/wp-json\/wp\/v2\/users\/1"}],"replies":[{"embeddable":true,"href":"https:\/\/www.easternmennonite.org\/es\/wp-json\/wp\/v2\/comments?post=824"}],"version-history":[{"count":2,"href":"https:\/\/www.easternmennonite.org\/es\/wp-json\/wp\/v2\/pages\/824\/revisions"}],"predecessor-version":[{"id":77210,"href":"https:\/\/www.easternmennonite.org\/es\/wp-json\/wp\/v2\/pages\/824\/revisions\/77210"}],"up":[{"embeddable":true,"href":"https:\/\/www.easternmennonite.org\/es\/wp-json\/wp\/v2\/pages\/74"}],"wp:featuredmedia":[{"embeddable":true,"href":"https:\/\/www.easternmennonite.org\/es\/wp-json\/wp\/v2\/media\/8473"}],"wp:attachment":[{"href":"https:\/\/www.easternmennonite.org\/es\/wp-json\/wp\/v2\/media?parent=824"}],"curies":[{"name":"gracias","href":"https:\/\/api.w.org\/{rel}","templated":true}]}}