{"id":826,"date":"2019-01-25T15:01:46","date_gmt":"2019-01-25T20:01:46","guid":{"rendered":"https:\/\/emsdev.digpants.com\/?page_id=826"},"modified":"2025-10-03T14:13:30","modified_gmt":"2025-10-03T18:13:30","slug":"outcomes","status":"publish","type":"page","link":"https:\/\/www.easternmennonite.org\/es\/about\/outcomes\/","title":{"rendered":"resultados"},"content":{"rendered":"<p><strong>Nuestro objetivo en EMS<\/strong> es lanzar al mundo graduados que est\u00e9n equipados mental, emocional, acad\u00e9mica y espiritualmente para navegar su futuro. Alentamos y apoyamos todos los planes de nuestros estudiantes para el futuro, ya sea que sigan una educaci\u00f3n superior, un trabajo asalariado, capacitaci\u00f3n en oficios, servicio voluntario o una experiencia de a\u00f1o sab\u00e1tico.<\/p>\n<p>Cuatro miembros de la generaci\u00f3n del 24 completaron programas en el Centro T\u00e9cnico Massanutten, prepar\u00e1ndolos para trabajos y estudios adicionales en \u00e1reas particulares que ayudan a cumplir nuestra misi\u00f3n de preparar a los estudiantes para la excelencia, la integridad y el servicio en el mundo.<\/p>\n\t\t\t<blockquote><p><em>Por favor, d\u00edganle a la Sra. Hertzler que todos apreciamos que mantenga a todos encaminados hacia la universidad. Trata a cada ni\u00f1o como un individuo y les ayuda a asumir su responsabilidad. \u2013 Padre\/Madre actual<\/em><\/p><\/blockquote>\t\t\n\t\t\t\t<a href=\"https:\/\/www.easternmennonite.org\/es\/2023\/11\/national-signing-day\/\"  target=\"_self\" itemprop=\"url\">\n\t\t\t\t<img decoding=\"async\" src=\"https:\/\/www.easternmennonite.org\/wp-content\/uploads\/2023\/11\/IMG_6740-666x476.jpg\" alt=\"National signing day marked a significant milestone for two EMS seniors, Sarah Drooger and Ryan Slonaker. \" itemprop=\"image\" height=\"476\" width=\"666\" title=\"Futuros colegiados\" onerror=\"this.style.display='none'\" loading=\"lazy\" \/>\n\t\t\t\t<\/a>\n\t\tEl D\u00eda Nacional de la Firma marc\u00f3 un hito importante para dos seniors de EMS, Sarah Drooger y Ryan Slonaker. \n\t<p><strong>Aceptaciones universitarias\u00a0<\/strong><\/p>\n<p>Appalachian State University, Belmont University, Blue Ridge Community College, Canadian Mennonite University, Colorado School of Mines, Christopher Newport University, Dickinson College, Eastern Mennonite University, Elon University, Furman University, George Mason University, Goshen College, Goucher College, Hesston College, Hope College, James Madison University, Lees-McRae College, Lehigh University, Liberty University, Messiah University, Michigan State University, North Carolina A&amp;T State University, Radford University, Roanoke College, Rutgers University (New Brunswick), Saint Louis University, South Dakota State University, Spelman College, Sweet Briar College, Texas Tech University, The College of William and Mary, University of California Irvine, University of Colorado Boulder, University of Connecticut, University of Illinois at Urbana-Champaign, University of Lynchburg, University of Mary Washington, University of Mount Union, University of Pittsburgh, University of Richmond, University of Vermont, University of Virginia, University of Washington, Virginia Tech, Virginia Wesleyan University, Wake Forest University, Wellesley College, West Chester University of Pennsylvania, West Virginia University<\/p>\n\t<p>Los profesores y administradores del EMHS se esfuerzan por <strong>nutrir a cada graduado<\/strong> en personas \u00edntegras con aptitudes que les servir\u00e1n en la siguiente etapa de su vida, ya sea en la universidad, el mundo laboral o el voluntariado. Nuestros graduados destacan en la universidad como <strong>escritores fuertes y pensadores cr\u00edticos<\/strong>. Han desarrollado t\u00e9cnicas de estudio, conciencia de s\u00ed mismos y madurez emocional que les preparan para un mundo complejo e interconectado.<\/p>\n\t<h3>Plan de estudios<\/h3>\nRequisitos m\u00ednimos de graduaci\u00f3n<br \/>\n- 4 cr\u00e9ditos de ingl\u00e9s<br \/>\n- 3 cr\u00e9ditos de matem\u00e1ticas<br \/>\n- 3 cr\u00e9ditos de ciencias<br \/>\n- 3 cr\u00e9ditos de estudios sociales<br \/>\n\u2022 2 cr\u00e9ditos de educaci\u00f3n f\u00edsica y para la salud (incluida educaci\u00f3n vial)<br \/>\n- 2 cr\u00e9ditos de Biblia<br \/>\n- 1 cr\u00e9dito de bellas artes (arte\/m\u00fasica)<br \/>\n- .5 cr\u00e9dito de ciencias de la familia y del consumidor<br \/>\n- 2,5+ cr\u00e9ditos de optativas\n<p>&nbsp;<\/p>\n\t<h3>Resultados de los estudiantes<\/h3>\n<p>El EMHS no clasifica a los estudiantes, ya que el peque\u00f1o tama\u00f1o y la composici\u00f3n de nuestro alumnado no arroja datos significativos.<\/p>\n<p><strong><u>Promoci\u00f3n 2024 (41 licenciados)<\/u><\/strong><\/p>\n<ul>\n<li>86% siguieron estudios superiores<\/li>\n<li>2% se embarc\u00f3 en un a\u00f1o sab\u00e1tico para realizar una misi\u00f3n de servicio con una iglesia u otro organismo de aprendizaje<\/li>\n<li>12% entr\u00f3 a trabajar a tiempo completo<\/li>\n<li>El promedio acad\u00e9mico oscilaba entre 2,32 y 4,43.<\/li>\n<\/ul>\n<p><strong>Finalistas al M\u00e9rito Nacional<\/strong>: Desde 1998 hemos tenido 62 becarios elogiados, 18 finalistas y un becario presidencial.<\/p>\n\t<p><strong>Cursos AP y de Honores<\/strong><\/p>\nComposici\u00f3n 12: Investigaci\u00f3n escrita<br \/>\nLiteratura y composici\u00f3n inglesa AP C\u00e1lculo AP Estad\u00edstica AP Espa\u00f1ol IV Honores M\u00fasica avanzada Biolog\u00eda AP Historia mundial AP Moderna\n\t<p><strong>Honores opcionales<\/strong><\/p>\nLiteratura e historia afroamericana<br \/>\nAlgebra II<br \/>\nAnatomy &amp; Physiology<br \/>\nBiblia 11: Cristianismo global<br \/>\nBiblia 12: Vivir en el Reino<br \/>\nBiology<br \/>\nChemistry<br \/>\nComposici\u00f3n 12: Escritura creativa<br \/>\nDificultades en la Biblia<br \/>\nIngl\u00e9s 10<br \/>\nIngl\u00e9s 9<br \/>\nLiteratura de geometr\u00eda 11<br \/>\nLiteratura 12<br \/>\nModelo de la ONU<br \/>\nOrchestra<br \/>\nOrganic Chemistry<br \/>\nFilosof\u00eda y Teolog\u00eda<br \/>\nPhysics<br \/>\nPre-Calculus<br \/>\nRob\u00f3tica,<br \/>\nEspa\u00f1ol III<br \/>\nU. UU.<br \/>\nU. Historia de EE.UU.\n<h2>\n\t\t\tMatr\u00edculas universitarias \t<\/h2>\n\t<p>El ochenta y cinco por ciento de los graduados del EMHS van a la universidad despu\u00e9s de graduarse. Un n\u00famero de nuestros graduados optan por realizar el servicio y \/ o trabajo de la misi\u00f3n inmediatamente despu\u00e9s de la escuela secundaria antes de continuar su educaci\u00f3n, una verdadera extensi\u00f3n de nuestra misi\u00f3n.<\/p>\n\tHan asistido graduados recientes:<br \/>\nUniversidad Agnes Scott<br \/>\nColegio Amherst<br \/>\nBard College<br \/>\nBlue Ridge Community College<br \/>\nUniversidad Bridgewater<br \/>\nUniversidad Brigham Young (Idaho)<br \/>\nUniversidad Christopher Newport<br \/>\nUniversidad de William y Mary<br \/>\nUniversidad de Cornell<br \/>\nColegio de Wooster<br \/>\nColegio Davidson<br \/>\nUniversidad de Deep Springs<br \/>\nUniversidad de Kentucky Oriental<br \/>\nUniversidad Menonita del Este<br \/>\nUniversidad del Este<br \/>\nFranklin &amp; Marshall College<br \/>\nUniversidad de Furman<br \/>\nUniversidad George Mason<br \/>\nUniversidad George Washington<br \/>\nColegio Goshen Colegio Goucher<br \/>\nUniversidad de Hampton-Sydney<br \/>\nHesston College<br \/>\nUniversidad James Madison<br \/>\nUniversidad John Hopkins<br \/>\nUniversidad Juniata<br \/>\nUniversidad Lees-McRae<br \/>\nUniversidad Liberty<br \/>\nUniversidad de Longwood<br \/>\nUniversidad Mary Baldwin<br \/>\nUniversidad Marymount<br \/>\nMessiah College<br \/>\nUniversidad Millersville de Pensilvania<br \/>\nUniversidad Old Dominion<br \/>\nUniversidad de Roanoke<br \/>\nColegio Rollins<br \/>\nUniversidad Rutgers (New Brunswick)<br \/>\nColegio Smith<br \/>\nUniversidad Stevenson<br \/>\nUniversidad de Siracusa<br \/>\nLa Universidad de Tennessee (Knoxville) La Universidad de Texas en Dallas<br \/>\nUniversidad de Arizona<br \/>\nUniversidad de Colorado Boulder<br \/>\nUniversidad de Florida<br \/>\nUniversidad de Kansas<br \/>\nUniversidad de Lynchburg<br \/>\nUniversidad de Maine<br \/>\nUniversidad de Mary Washington<br \/>\nUniversidad de Maryland Baltimore County<br \/>\nUniversidad de Richmond<br \/>\nUniversidad de San Francisco<br \/>\nUniversidad de Carolina del Sur<br \/>\nUniversidad de Toronto<br \/>\nUniversidad de Vermont<br \/>\nUniversidad de Virginia<br \/>\nUniversidad de Virginia Commonwealth<br \/>\nVirginia Tech<br \/>\nUniversidad Wesleyana de Virginia<br \/>\nUniversidad Wake Forrest<br \/>\nColegio Warren Wilson<br \/>\nUniversidad de Wellesley\n<h2>\n\t\t\tEstudiantes del SME en las noticias\t<\/h2>","protected":false},"excerpt":{"rendered":"<p>Nuestro objetivo en EMS es lanzar al mundo graduados que est\u00e9n equipados mental, emocional, acad\u00e9mica y espiritualmente para navegar por su futuro. Alentamos y apoyamos todos los planes de nuestros estudiantes para el futuro, ya sea que sigan una educaci\u00f3n superior, un trabajo asalariado, capacitaci\u00f3n en oficios, servicio voluntario o una experiencia de a\u00f1o sab\u00e1tico. Cuatro\u2026<\/p>","protected":false},"author":1,"featured_media":8891,"parent":74,"menu_order":0,"comment_status":"closed","ping_status":"closed","template":"","meta":{"_acf_changed":false,"footnotes":""},"class_list":["post-826","page","type-page","status-publish","has-post-thumbnail","hentry"],"acf":[],"_links":{"self":[{"href":"https:\/\/www.easternmennonite.org\/es\/wp-json\/wp\/v2\/pages\/826","targetHints":{"allow":["GET"]}}],"collection":[{"href":"https:\/\/www.easternmennonite.org\/es\/wp-json\/wp\/v2\/pages"}],"about":[{"href":"https:\/\/www.easternmennonite.org\/es\/wp-json\/wp\/v2\/types\/page"}],"author":[{"embeddable":true,"href":"https:\/\/www.easternmennonite.org\/es\/wp-json\/wp\/v2\/users\/1"}],"replies":[{"embeddable":true,"href":"https:\/\/www.easternmennonite.org\/es\/wp-json\/wp\/v2\/comments?post=826"}],"version-history":[{"count":1,"href":"https:\/\/www.easternmennonite.org\/es\/wp-json\/wp\/v2\/pages\/826\/revisions"}],"predecessor-version":[{"id":77243,"href":"https:\/\/www.easternmennonite.org\/es\/wp-json\/wp\/v2\/pages\/826\/revisions\/77243"}],"up":[{"embeddable":true,"href":"https:\/\/www.easternmennonite.org\/es\/wp-json\/wp\/v2\/pages\/74"}],"wp:featuredmedia":[{"embeddable":true,"href":"https:\/\/www.easternmennonite.org\/es\/wp-json\/wp\/v2\/media\/8891"}],"wp:attachment":[{"href":"https:\/\/www.easternmennonite.org\/es\/wp-json\/wp\/v2\/media?parent=826"}],"curies":[{"name":"gracias","href":"https:\/\/api.w.org\/{rel}","templated":true}]}}