{"id":828,"date":"2019-01-25T15:02:04","date_gmt":"2019-01-25T20:02:04","guid":{"rendered":"https:\/\/emsdev.digpants.com\/?page_id=828"},"modified":"2025-01-24T11:31:57","modified_gmt":"2025-01-24T16:31:57","slug":"college-counseling","status":"publish","type":"page","link":"https:\/\/www.easternmennonite.org\/es\/about\/college-counseling\/","title":{"rendered":"oficina de consejer\u00eda universitaria"},"content":{"rendered":"<p>La misi\u00f3n del programa de orientaci\u00f3n universitaria EMHS es ayudar a cada estudiante a discernir el camino que es m\u00e1s adecuado para ellos, y caminar junto a cada uno a medida que se embarcan en ese camino. Nuestro objetivo es capacitar a los estudiantes a asumir la responsabilidad de su b\u00fasqueda de la universidad y las aplicaciones.<\/p>\n<p><strong>Nos esforzamos por satisfacer las necesidades espec\u00edficas de cada alumno:<\/strong><\/p>\n<ul>\n<li>establecer relaciones personales<\/li>\n<li>proporcionar informaci\u00f3n oportuna sobre el proceso a partir del 9<sup>th<\/sup>\u00a0grado<\/li>\n<li>asociarse con los estudiantes y sus familias para determinar la \u201cadaptaci\u00f3n\u201d universitaria<\/li>\n<li>ofreci\u00e9ndoles apoyo continuo mientras toman decisiones dif\u00edciles y apasionantes sobre el futuro.<\/li>\n<\/ul>\n<p>Aproximadamente el 85 por ciento de nuestros estudiantes eligen asistir a la universidad inmediatamente despu\u00e9s de graduarse, por lo que nuestro enfoque principal es guiar a los estudiantes y las familias a trav\u00e9s de las complejidades de las admisiones universitarias. Debido al \u00e9nfasis de EMHS en ser las manos y los pies de Cristo en el mundo, algunos estudiantes optan por posponer la inscripci\u00f3n a la universidad por un a\u00f1o sab\u00e1tico; Estamos entusiasmados de ayudarlos a acceder a misiones\/programas de servicio u otras oportunidades de a\u00f1o sab\u00e1tico. El tama\u00f1o \u00edntimo de la escuela nos permite trabajar individualmente con los estudiantes mientras investigan sus opciones universitarias, completan solicitudes y escriben ensayos.<\/p>\n\t<p><em>La Sra. Hertzler trabaja muy duro para que cada estudiante pueda alcanzar sus objetivos, ya sea la universidad, el trabajo o un programa de a\u00f1o sab\u00e1tico. Pasar\u00e1 horas trabajando en cartas de recomendaci\u00f3n y listas de becas para nosotros que incluyen fechas de vencimiento y enlaces directos para postularse. \u2014 Entrada de estudiante en <a href=\"http:\/\/www.collegexpress.com\" target=\"_blank\" rel=\"noopener\">collegexpress.com<\/a><\/em><\/p>\n\t\t\t\t<img loading=\"lazy\" decoding=\"async\" src=\"https:\/\/www.easternmennonite.org\/wp-content\/uploads\/2019\/01\/Hertzler-Jodi-1-250x300.jpg\" alt=\"Hertzler-Jodi\" itemprop=\"image\" height=\"300\" width=\"250\" title=\"Hertzler-Jodi\" onerror=\"this.style.display='none'\"  \/>\n<h4>\n\t\tJodi Nisly Hertzler\n\t<\/h4>\n\t<p>Consejero universitario<\/p>\n\t<a href=\"mailto:hertzlerj@easternmennonite.org\">hertzlerj@easternmennonite.org<\/a><br \/>\n540-236-6005\n<p>Planificaci\u00f3n universitaria, profesional y de servicios; ayuda para la presentaci\u00f3n de solicitudes<\/p>\n<p><em>Miembro de la National Association for College Admission Counseling; certificado<\/em><em> en College Counseling por la UCLA Extension<\/em><\/p>\n\t\t\t\t<img loading=\"lazy\" decoding=\"async\" src=\"https:\/\/www.easternmennonite.org\/wp-content\/uploads\/2019\/01\/IMG_7795-200x300.jpg\" alt=\"Mary Jo Veurink\" itemprop=\"image\" height=\"300\" width=\"200\" title=\"IMG_7795\" onerror=\"this.style.display='none'\"  \/>\n<h4>\n\t\tMary Jo Veurink\n\t<\/h4>\n\t<p>Asistente de la Oficina de Asesoramiento<\/p>\n\t<a href=\"mailto:veurinkmj@easternmennonite.org\">veurinkmj@easternmennonite.org<\/a><br \/>\n540-236-6004<br \/>\nExpedientes acad\u00e9micos y otra documentaci\u00f3n escolar\n\t\t\t\t<img loading=\"lazy\" decoding=\"async\" src=\"https:\/\/www.easternmennonite.org\/wp-content\/uploads\/2019\/01\/Seitz-Patsy-1-250x300.jpg\" alt=\"Seitz-Patsy\" itemprop=\"image\" height=\"300\" width=\"250\" title=\"Seitz-Patsy\" onerror=\"this.style.display='none'\"  \/>\n<h4>\n\t\tPatsy Seitz\n\t<\/h4>\n\t<p>Director Acad\u00e9mico<\/p>\n\t<a href=\"mailto:seitzp@easternmennonite.org\">seitzp@easternmennonite.org<\/a><br \/>\n540-236-6003<br \/>\nProgramaci\u00f3n de cursos, opciones de diploma, coordinaci\u00f3n de ex\u00e1menes\n\t<p><strong>Nuestra filosof\u00eda:<\/strong><\/p>\n<p>En el EMHS el proceso de selecci\u00f3n universitaria es. . .<\/p>\n<ul>\n<li><em>no<\/em> sobre el prestigio y el reconocimiento del nombre<\/li>\n<li>todo sobre c\u00f3mo encontrar la universidad que m\u00e1s te conviene<\/li>\n<li>un viaje significativo e importante de autodescubrimiento, crecimiento y discernimiento<\/li>\n<li>una asociaci\u00f3n entre los alumnos, los padres y la escuela<\/li>\n<li>altamente individualizado basado en las necesidades de los estudiantes<\/li>\n<\/ul>\n\t\t\t<a href=\"https:\/\/www.easternmennonite.org\/es\/onward\/\" target=\"_blank\" rel=\"noopener\">\n\t\t\t\t\t\t\t\u00a1Adelante! Un blog universitario y profesional\n\t\t\t\t\t<\/a>\n\t<h4><strong>Representantes de Admisi\u00f3n Universitaria:<\/strong><\/h4>\n<p>Nos encantar\u00eda concertar una visita. Inscr\u00edbase a trav\u00e9s de <a href=\"https:\/\/app.scoir.com\/admissions\/recruit\/visits\/view\/month?hsid=5515a1fe8fde3c91770bcf1f\">SCOIR.<\/a><\/p>\n<p>C\u00f3digo CEEB: 471030<\/p>\n<p><a href=\"https:\/\/drive.google.com\/file\/d\/1OjETAtuQTVQgtGDiXNbkPz-dQqSR9Fvv\/view?usp=sharing\" target=\"_blank\" rel=\"noopener\">Perfil de la escuela EMHS<\/a><\/p>\n\t<h4><a href=\"https:\/\/www.facebook.com\/EMHSCollegeCounseling\">S\u00edguenos en<\/a> art\u00edculos y recursos<\/h4>\n\t\t\t\t<a href=\"https:\/\/www.facebook.com\/EMHSCollegeCounseling\"  target=\"_blank\" rel=\"noopener\"  itemprop=\"url\">\n\t\t\t\t<img loading=\"lazy\" decoding=\"async\" src=\"https:\/\/www.easternmennonite.org\/wp-content\/uploads\/2019\/03\/facebook-icon-150x150.jpg\" alt=\"facebook icon\" itemprop=\"image\" height=\"150\" width=\"150\" title=\"icono de facebook\" onerror=\"this.style.display='none'\"  \/>\n\t\t\t\t<\/a>\n\t\t\t\t<a href=\"https:\/\/app.scoir.com\/signin\"  target=\"_blank\" rel=\"noopener\"  itemprop=\"url\">\n\t\t\t\t<img loading=\"lazy\" decoding=\"async\" src=\"https:\/\/www.easternmennonite.org\/wp-content\/uploads\/2019\/03\/SCOIR-logo.png\" alt=\"SCOIR-logo\" itemprop=\"image\" height=\"70\" width=\"300\" title=\"SCOIR-logo\" onerror=\"this.style.display='none'\"  \/>\n\t\t\t\t<\/a>\n\t<p><strong>El EMHS utiliza la plataforma Scoir para recopilar y enviar los expedientes acad\u00e9micos y los documentos acreditativos a las universidades. <\/strong><\/p>\n<p>Cada alumno tendr\u00e1 una cuenta Scoir a partir del 9<sup>th<\/sup> grado. Se anima a los padres a crear una cuenta de enlace.<\/p>\n<p>Scoir se puede utilizar para buscar y recomendar universidades, hacer inventarios de carreras, apuntarse a visitas de representantes de universidades y comunicarse con la oficina de orientaci\u00f3n universitaria. Los estudiantes y los padres pueden hacer clic en el logotipo para inscribirse.<\/p>\n\t<p><strong>Aplicaciones:<\/strong><\/p>\n<ul>\n<li><a href=\"https:\/\/apply.commonapp.org\/login\">La Solicitud Com\u00fan<\/a><\/li>\n<li><a href=\"https:\/\/www.coalitionforcollegeaccess.org\/\">La solicitud de coalici\u00f3n<\/a><\/li>\n<\/ul>\n<p><strong>Inscripci\u00f3n en ex\u00e1menes estandarizados:\u00a0\u00a0\u00a0\u00a0<\/strong><\/p>\n<ul>\n<li><a href=\"https:\/\/collegereadiness.collegeboard.org\/sat\/register\">SAT<\/a><\/li>\n<li><a href=\"https:\/\/www.ets.org\/toefl\/ibt\/register\/\">TOEFL<\/a><\/li>\n<li><a href=\"https:\/\/www.act.org\/content\/act\/en\/products-and-services\/the-act\/registration.html\">ACT<\/a><\/li>\n<\/ul>\n\t<p><strong>Ayuda financiera:<\/strong><\/p>\n<ul>\n<li><a href=\"https:\/\/studentaid.gov\/h\/apply-for-aid\/fafsa\">FAFSA<\/a> (Solicitud Gratuita de Ayuda Federal para Estudiantes)<\/li>\n<li><a href=\"https:\/\/collegecost.ed.gov\/\">Centro de Transparencia y Asequibilidad Universitaria<\/a><\/li>\n<li><a href=\"https:\/\/www.isac.org\/students\/before-college\/financial-aid-comparison-worksheet.html\">Hoja de comparaci\u00f3n de ayudas financieras<\/a><\/li>\n<\/ul>\n\t<p>B\u00fasquedas universitarias:<\/p>\n<ul>\n<li><a href=\"https:\/\/bigfuture.collegeboard.org\/college-search\">Gran futuro<\/a><\/li>\n<li><a href=\"https:\/\/www.collegexpress.com\">CollegeXpress<\/a><\/li>\n<li><a href=\"https:\/\/app.scoir.com\/signin\">Scoir<\/a><\/li>\n<\/ul>\n\t\t\t<a href=\"https:\/\/www.easternmennonite.org\/es\/about\/outcomes\/\" target=\"_blank\" rel=\"noopener\">\n\t\t\t\t\t\t\tResultados de los estudiantes del EMHS\n\t\t\t\t\t<\/a>\n<h2>\n\t\tServicios de orientaci\u00f3n universitaria del EMHS, a\u00f1o a a\u00f1o\n\t<\/h2>\n\t<p><strong><em>La planificaci\u00f3n para la universidad puede resultar desalentadora, pero comenzar temprano y dividir el proceso en pasos viables lo hace manejable. Cada a\u00f1o, trabajamos con los estudiantes de m\u00faltiples maneras para asegurarnos de que est\u00e9n preparados. Estamos disponibles en cualquier momento para reuniones con estudiantes y\/o padres. \u00a1Cont\u00e1ctenos para programar una cita! <a href=\"mailto:hertzlerj@easternmennonite.org\">Correo electr\u00f3nico<\/a> o por tel\u00e9fono: 540-236-6005.<\/em><\/strong><\/p>\n\t<p><em>Primer a\u00f1o:<\/em><\/p>\n<ul>\n<li>El consejero universitario visitar\u00e1 9<sup>th<\/sup> de ingl\u00e9s durante dos d\u00edas en invierno para hablar de la fijaci\u00f3n de objetivos, la planificaci\u00f3n de cursos y lo que buscan las universidades.<\/li>\n<li>Los alumnos comenzar\u00e1n a elaborar sus curr\u00edculos en Scoir.<\/li>\n<li>A medida que los estudiantes planifiquen sus horarios con los consejeros escolares y el Director Acad\u00e9mico, aprender\u00e1n sobre las opciones de diploma y recibir\u00e1n orientaci\u00f3n personalizada mientras planifican cursos para su segundo a\u00f1o.<\/li>\n<\/ul>\n<p><em>Segundo a\u00f1o: <\/em><\/p>\n<ul>\n<li>Todos los estudiantes de segundo a\u00f1o realizar\u00e1n el PSAT en octubre.<\/li>\n<li>Cada a\u00f1o en Ingl\u00e9s 10, los estudiantes se embarcan en la exploraci\u00f3n de carreras que culmina con un trabajo de investigaci\u00f3n sobre una opci\u00f3n de carrera en particular.<\/li>\n<li>El consejero de la universidad visitar\u00e1 la clase durante dos d\u00edas en el invierno para proporcionar una visi\u00f3n general del proceso de solicitud de la universidad y el calendario, explicar la terminolog\u00eda y la variedad de opciones disponibles, y comenzar a investigar las universidades espec\u00edficas que podr\u00edan ser una buena opci\u00f3n.<\/li>\n<li>Los consejeros escolares y el Director Acad\u00e9mico continuar\u00e1n trabajando con cada estudiante mientras planifican los horarios de los cursos.<\/li>\n<li>Se recomienda a los estudiantes que empiecen a visitar las universidades entre el segundo y el tercer a\u00f1o.<\/li>\n<\/ul>\n\t<p><em>Junior Year:<\/em><\/p>\n<ul>\n<li>Los juniors volver\u00e1n a realizar el PSAT, esta vez como examen de calificaci\u00f3n para el Programa Nacional de Becas al M\u00e9rito, as\u00ed como la \u00faltima pr\u00e1ctica formal antes de realizar los SAT en primavera.<\/li>\n<li>En invierno, el Consejero Universitario ser\u00e1 un conferenciante invitado de dos d\u00edas en Historia Mundial, proporcionando un taller m\u00e1s profundo sobre la investigaci\u00f3n de universidades espec\u00edficas y los pasos de las solicitudes universitarias.<\/li>\n<li>En febrero\/marzo, los estudiantes se reunir\u00e1n con el consejero de la universidad uno-a-uno para discutir sus esperanzas para su experiencia universitaria y para desarrollar un plan para su proceso de solicitud de la universidad (fechas de ex\u00e1menes, visitas a la universidad, cursos de \u00faltimo a\u00f1o, etc.).<\/li>\n<li>El Consejero Universitario est\u00e1 disponible para proporcionar recomendaciones universitarias espec\u00edficas basadas en las preferencias del estudiante, el rendimiento acad\u00e9mico y los resultados de las pruebas estandarizadas.<\/li>\n<li>Los estudiantes de tercer a\u00f1o deben realizar el SAT y\/o el ACT al menos una vez en la primavera\/verano del tercer a\u00f1o.<\/li>\n<li>Todos los juniors trabajar\u00e1n en sus ensayos universitarios en Composici\u00f3n Avanzada.<\/li>\n<li>Se invita a los juniors a reunirse con los representantes de las universidades que visitan el campus.<\/li>\n<\/ul>\n\t<p><em>\u00daltimo a\u00f1o:<\/em><\/p>\n<ul>\n<li>Los estudiantes de \u00faltimo a\u00f1o completan sus pruebas estandarizadas en el oto\u00f1o del \u00faltimo a\u00f1o.<\/li>\n<li>El consejero universitario se reunir\u00e1 con cada estudiante y sus padres en agosto\/septiembre para finalizar sus listas de universidades, asegurarse de que est\u00e9n encaminados y responder preguntas.<\/li>\n<li>Se recomienda encarecidamente a todos los estudiantes de \u00faltimo curso que participen en un taller de iniciaci\u00f3n a la solicitud de dos d\u00edas de duraci\u00f3n en agosto, antes de que empiecen las clases.<\/li>\n<li>El Consejero Universitario visitar\u00e1 las clases de Gobierno la segunda semana de clases para una sesi\u00f3n final de dos d\u00edas, guiando a los estudiantes a trav\u00e9s de los pasos para completar las solicitudes, enviar las transcripciones y solicitar cartas de recomendaci\u00f3n de los maestros.<\/li>\n<li>A lo largo del semestre de oto\u00f1o, el Consejero Universitario se reunir\u00e1 regularmente con los estudiantes de \u00faltimo a\u00f1o mientras completan las solicitudes, pulen los ensayos y re\u00fanen recomendaciones y otros formularios escolares.<\/li>\n<li>Se invita a los alumnos de \u00faltimo curso a reunirse con los representantes de las universidades que visitan el campus.<\/li>\n<\/ul>","protected":false},"excerpt":{"rendered":"<p>La misi\u00f3n del programa de orientaci\u00f3n universitaria de EMHS es ayudar a cada estudiante a discernir el camino que mejor se adapta a ellos y caminar junto a cada uno a medida que se embarcan en ese camino. Nuestro objetivo es capacitar a los estudiantes para que asuman la responsabilidad de su b\u00fasqueda y solicitudes universitarias. Nos esforzamos por satisfacer las necesidades \u00fanicas...<\/p>","protected":false},"author":1,"featured_media":8481,"parent":74,"menu_order":0,"comment_status":"closed","ping_status":"closed","template":"","meta":{"_acf_changed":false,"footnotes":""},"class_list":["post-828","page","type-page","status-publish","has-post-thumbnail","hentry"],"acf":[],"_links":{"self":[{"href":"https:\/\/www.easternmennonite.org\/es\/wp-json\/wp\/v2\/pages\/828","targetHints":{"allow":["GET"]}}],"collection":[{"href":"https:\/\/www.easternmennonite.org\/es\/wp-json\/wp\/v2\/pages"}],"about":[{"href":"https:\/\/www.easternmennonite.org\/es\/wp-json\/wp\/v2\/types\/page"}],"author":[{"embeddable":true,"href":"https:\/\/www.easternmennonite.org\/es\/wp-json\/wp\/v2\/users\/1"}],"replies":[{"embeddable":true,"href":"https:\/\/www.easternmennonite.org\/es\/wp-json\/wp\/v2\/comments?post=828"}],"version-history":[{"count":0,"href":"https:\/\/www.easternmennonite.org\/es\/wp-json\/wp\/v2\/pages\/828\/revisions"}],"up":[{"embeddable":true,"href":"https:\/\/www.easternmennonite.org\/es\/wp-json\/wp\/v2\/pages\/74"}],"wp:featuredmedia":[{"embeddable":true,"href":"https:\/\/www.easternmennonite.org\/es\/wp-json\/wp\/v2\/media\/8481"}],"wp:attachment":[{"href":"https:\/\/www.easternmennonite.org\/es\/wp-json\/wp\/v2\/media?parent=828"}],"curies":[{"name":"gracias","href":"https:\/\/api.w.org\/{rel}","templated":true}]}}