{"id":830,"date":"2019-01-25T15:02:21","date_gmt":"2019-01-25T20:02:21","guid":{"rendered":"https:\/\/emsdev.digpants.com\/?page_id=830"},"modified":"2024-08-28T14:10:27","modified_gmt":"2024-08-28T18:10:27","slug":"peacebuilding","status":"publish","type":"page","link":"https:\/\/www.easternmennonite.org\/es\/about\/peacebuilding\/","title":{"rendered":"Construcci\u00f3n de paz"},"content":{"rendered":"<p>Nos esforzamos por crear una cultura escolar de respeto y preocupaci\u00f3n mutua que apoye y respete la dignidad y el valor inherentes de todos.<\/p>\n<p>Las lecciones aprendidas en todas las divisiones y en la vida en com\u00fan desaf\u00edan a los estudiantes a mirar cuestiones complejas a trav\u00e9s de los ojos de los dem\u00e1s, a escuchar atentamente y a respetar y valorar a los dem\u00e1s como hijos de Dios.<\/p>\n<p>Cuando experimentamos un conflicto, invertimos tiempo en escuchar a todas las partes y restablecer las relaciones, utilizando <a href=\"https:\/\/www.easternmennonite.org\/es\/rje\/\" target=\"_blank\" rel=\"noopener\">pr\u00e1cticas de justicia restaurativa<\/a>.<\/p>\n<p>Los estudiantes de primaria tienen clases semanales de consolidaci\u00f3n de la paz. Los estudiantes aprenden del ejemplo de Jes\u00fas a trav\u00e9s de historias b\u00edblicas, debates en clase y actividades. Al comienzo de cada a\u00f1o, estudiantes y profesores <a href=\"https:\/\/www.easternmennonite.org\/es\/2018\/08\/elementary-students-sign-pledge-of-nonviolence-wash-others-hands\/\">firmar un \u201ccompromiso de no violencia\u201d<\/a> que sienta las bases de c\u00f3mo quieren vivir y aprender juntos en comunidad.<\/p>\n<p>Para obtener m\u00e1s informaci\u00f3n sobre nuestro plan de estudios de construcci\u00f3n de paz de primaria, hable con el maestro de construcci\u00f3n de paz o asista a una reuni\u00f3n semanal los mi\u00e9rcoles a las 9:30 a. m.<\/p>\n<p>*Conceptos adaptados de <a href=\"https:\/\/www.amazon.com\/Little-Book-Restorative-Justice-Education\/dp\/1680991728\" target=\"_blank\" rel=\"noopener\">El peque\u00f1o libro de la justicia restaurativa en la educaci\u00f3n: Fomentar la responsabilidad, la sanaci\u00f3n y la esperanza en las escuelas (Justicia y consolidaci\u00f3n de la paz)<\/a>, por Katherine Evans, Dorothy Vaandering<\/p>","protected":false},"excerpt":{"rendered":"<p>Nos esforzamos por crear una cultura escolar de respeto y preocupaci\u00f3n mutua que apoye y respete la dignidad y el valor inherentes de todos. Las lecciones aprendidas en todas las divisiones y en la vida en com\u00fan desaf\u00edan a los estudiantes a mirar cuestiones complejas a trav\u00e9s de los ojos de los dem\u00e1s, a escuchar atentamente y a respetar y valorar a los dem\u00e1s como hijos de...<\/p>","protected":false},"author":1,"featured_media":8897,"parent":74,"menu_order":0,"comment_status":"closed","ping_status":"closed","template":"","meta":{"_acf_changed":false,"footnotes":""},"class_list":["post-830","page","type-page","status-publish","has-post-thumbnail","hentry"],"acf":[],"_links":{"self":[{"href":"https:\/\/www.easternmennonite.org\/es\/wp-json\/wp\/v2\/pages\/830","targetHints":{"allow":["GET"]}}],"collection":[{"href":"https:\/\/www.easternmennonite.org\/es\/wp-json\/wp\/v2\/pages"}],"about":[{"href":"https:\/\/www.easternmennonite.org\/es\/wp-json\/wp\/v2\/types\/page"}],"author":[{"embeddable":true,"href":"https:\/\/www.easternmennonite.org\/es\/wp-json\/wp\/v2\/users\/1"}],"replies":[{"embeddable":true,"href":"https:\/\/www.easternmennonite.org\/es\/wp-json\/wp\/v2\/comments?post=830"}],"version-history":[{"count":0,"href":"https:\/\/www.easternmennonite.org\/es\/wp-json\/wp\/v2\/pages\/830\/revisions"}],"up":[{"embeddable":true,"href":"https:\/\/www.easternmennonite.org\/es\/wp-json\/wp\/v2\/pages\/74"}],"wp:featuredmedia":[{"embeddable":true,"href":"https:\/\/www.easternmennonite.org\/es\/wp-json\/wp\/v2\/media\/8897"}],"wp:attachment":[{"href":"https:\/\/www.easternmennonite.org\/es\/wp-json\/wp\/v2\/media?parent=830"}],"curies":[{"name":"gracias","href":"https:\/\/api.w.org\/{rel}","templated":true}]}}