{"id":836,"date":"2019-01-25T15:03:16","date_gmt":"2019-01-25T20:03:16","guid":{"rendered":"https:\/\/emsdev.digpants.com\/?page_id=836"},"modified":"2026-02-13T10:45:23","modified_gmt":"2026-02-13T15:45:23","slug":"high-school","status":"publish","type":"page","link":"https:\/\/www.easternmennonite.org\/es\/academics\/high-school\/","title":{"rendered":"Escuela Secundaria"},"content":{"rendered":"<h3>Imag\u00ednese una escuela secundaria donde...<\/h3>\r\n<ul>\r\n<li><strong>rigor acad\u00e9mico<\/strong> Se construye en torno a los dones y pasiones \u00fanicos de cada estudiante en lugar de un modelo \u00fanico de pruebas de opci\u00f3n m\u00faltiple.<\/li>\r\n<li><strong>pr\u00e1cticas restaurativas<\/strong> Cumplir con la disciplina y la responsabilidad, enfatizando el valor inherente y la dignidad de cada estudiante.<\/li>\r\n<li><strong>Cada estudiante tiene un lugar al que pertenecer.<\/strong><\/li>\r\n<li><strong>Los profesores est\u00e1n capacitados para ense\u00f1ar<\/strong> de una manera que los llam\u00f3 a la profesi\u00f3n en primer lugar.<\/li>\r\n<li><strong>arte y musica<\/strong> son parte del curr\u00edculo b\u00e1sico.<\/li>\r\n<\/ul>\r\n<p>Imag\u00ednese una escuela secundaria cuya declaraci\u00f3n de misi\u00f3n y base de fe llama a los estudiantes a servir a los dem\u00e1s y a una vida de integridad.<\/p>\r\n<p>Estos son solo algunos de los sue\u00f1os que estamos trabajando para hacer realidad todos los d\u00edas.<\/p>\r\n<p>\u00a1Ven y \u00fanete a nosotros!<\/p>\r\n<p><a href=\"https:\/\/www.easternmennonite.org\/es\/admissions\/visit\/\" target=\"_self\"> \u00a1Planee asistir a una jornada de puertas abiertas o visitarnos pronto! <\/a><\/p>\r\n<figure><img loading=\"lazy\" decoding=\"async\" title=\"King-Justin_cropped\" src=\"https:\/\/www.easternmennonite.org\/wp-content\/uploads\/2019\/02\/King-Justin_cropped-250x300.jpg\" alt=\"King-Justin_cropped\" width=\"250\" height=\"300\" \/><\/figure>\r\n<p><strong>Justin King<\/strong><br \/>High School Principal<br \/><a href=\"mailto:kingj@easternmennonite.org\">kingj@easternmennonite.org<\/a><\/p>\r\n<h2>Aprendizaje Experimental<\/h2>\r\n<figure><img loading=\"lazy\" decoding=\"async\" title=\"DISCOVERY25 conjunto completo-250\" src=\"https:\/\/www.easternmennonite.org\/wp-content\/uploads\/2025\/08\/DISCOVERY25-full-set-250.jpg\" alt=\"DISCOVERY25 full set-250\" width=\"2500\" height=\"1667\" \/><\/figure>\r\n<ul>\r\n<li class=\"translation-block\">Nuestro plan de estudios de secundaria incorpora trabajo pr\u00e1ctico, a menudo con recopilaci\u00f3n de datos, an\u00e1lisis, resumen, presentaci\u00f3n y reflexi\u00f3n del contenido en todas las \u00e1reas. Los estudiantes desarrollan habilidades de pensamiento cr\u00edtico y escritura. Un <a href=\"https:\/\/www.easternmennonite.org\/es\/academics\/high-school\/internships\/\" target=\"_self\">programa de pasant\u00edas<\/a> tambi\u00e9n ofrece experiencia pr\u00e1ctica.<\/li>\r\n<\/ul>\r\n<p>Adem\u00e1s del d\u00eda escolar, los estudiantes de secundaria deben participar en al menos un curso de aprendizaje experiencial fuera del campus.<\/p>\r\n<ul>\r\n<li><a href=\"https:\/\/www.easternmennonite.org\/es\/about\/experiential-learning\/e-term\/\">E-Term<\/a> tiene lugar cada primavera. Los estudiantes seleccionan entre una variedad de experiencias con una combinaci\u00f3n de estudiantes de todos los grados. Los destinos incluyen la comunidad local y mucho m\u00e1s all\u00e1. Es un momento para aprender juntos, construir nuevas amistades y adquirir conocimientos.<\/li>\r\n<\/ul>\r\n<ul>\r\n<li>Summer <a href=\"https:\/\/www.easternmennonite.org\/es\/about\/experiential-learning\/discovery\/\">Los viajes Summer Discovery<\/a> se ofrecen cada dos a\u00f1os durante tres o cuatro semanas en los Estados Unidos para aprender sobre los recursos h\u00eddricos y terrestres.<\/li>\r\n<li class=\"translation-block\">Un viaje <a href=\"https:\/\/www.easternmennonite.org\/es\/about\/the-arts\/touring-choir\/\" target=\"_self\">del coro itinerante<\/a> a varios pa\u00edses europeos cada dos veranos ofrece oportunidades de actuaci\u00f3n en catedrales e iglesias locales, exploraci\u00f3n cultural y desarrollo de la fe.<\/li>\r\n<\/ul>\r\n<h2>Las Artes<\/h2>\r\n<figure><img loading=\"lazy\" decoding=\"async\" title=\"EMHS Messiah 2023-105_2000x1334\" src=\"https:\/\/www.easternmennonite.org\/wp-content\/uploads\/2024\/04\/EMHS-Messiah-2023-105_2000x1334.jpg\" alt=\"EMHS Messiah 2023-105_2000x1334\" width=\"2000\" height=\"1334\" \/><\/figure>\r\n<ul>\r\n<li>El programa de m\u00fasica de la escuela secundaria incluye:\r\n<ul>\r\n<li>M\u00e1s del 50% de los estudiantes de 9 a 12 tocan un instrumento en la escuela<\/li>\r\n<li>Clase de guitarra<\/li>\r\n<li>Coro de menores, grados 8-10<\/li>\r\n<li>Coro senior, grados 11-12<\/li>\r\n<li>Auditioned <a href=\"https:\/\/www.easternmennonite.org\/es\/about\/the-arts\/touring-choir\/\">Touring Choir<\/a> and Chamber Singers with biannual international travel<\/li>\r\n<\/ul>\r\n<\/li>\r\n<\/ul>\r\n<ul>\r\n<li>Grupos a capella dirigidos por estudiantes y banda de adoraci\u00f3n<\/li>\r\n<li>Producciones de teatro musical<\/li>\r\n<li>Orquesta y Banda<\/li>\r\n<li>Conjunto y banda de jazz<\/li>\r\n<li>Clase de grabaci\u00f3n digital<\/li>\r\n<li>Formaci\u00f3n de operadores AV<\/li>\r\n<\/ul>\r\n<ul>\r\n<li>En las artes visuales, ofrecemos educaci\u00f3n art\u00edstica bidimensional y tridimensional que incluye dibujo, pintura, escultura, cer\u00e1mica, grabado y fotograf\u00eda digital. Tambi\u00e9n hay opciones de clubes de arte.<\/li>\r\n<\/ul>\r\n<h2>Comunidad de fe<\/h2>\r\n<figure><img loading=\"lazy\" decoding=\"async\" title=\"Capilla de Oraci\u00f3n para la Web 1010\" src=\"https:\/\/www.easternmennonite.org\/wp-content\/uploads\/2025\/08\/Prayer-Chapel-For-Web-1010-1000x667.jpg\" alt=\"Prayer Chapel For-Web-1010\" width=\"1000\" height=\"667\" \/><\/figure>\r\n<ul>\r\n<li>Los estudiantes de secundaria participan en <a href=\"https:\/\/www.easternmennonite.org\/es\/about\/faith-community\/chapel\/\">un servicio de capilla de 20 minutos<\/a> for grades 6-12 three times a week. Students often lead or participate in chapel music, help with planning and sometimes speak.<\/li>\r\n<li>Los estudiantes cumplen con los requisitos de la clase de Biblia con clases como Kingdom Living en su \u00faltimo a\u00f1o.<\/li>\r\n<\/ul>\r\n<ul>\r\n<li class=\"translation-block\">Proyectos de servicio comunitario en toda nuestra comunidad y otros: los estudiantes de <a href=\"https:\/\/www.easternmennonite.org\/es\/academics\/high-school\/national-honor-society\/\" target=\"_self\">la Sociedad Nacional de Honor<\/a> , el club We Serve y de todos los grados participan en proyectos <a href=\"https:\/\/www.easternmennonite.org\/es\/about\/faith-community\/community-service-day\/\" target=\"_self\">de servicio comunitario<\/a> durante todo el a\u00f1o escolar, preparando golosinas, m\u00fasica y m\u00e1s para compartir.<\/li>\r\n<\/ul>\r\n<ul>\r\n<li class=\"translation-block\"><a href=\"https:\/\/www.easternmennonite.org\/es\/about\/faith-community\/neighbor-groups\/\" target=\"_self\">Clubes de Vecinos:<\/a> compuestos por alrededor de 10 estudiantes que se re\u00fanen semanalmente para compartir conversaciones y apoyo.<\/li>\r\n<\/ul>\r\n<h2>Clases AP y de Honores<\/h2>\r\n<p>Cursos AP y de Honores<br \/>Advanced Music<br \/>Analytical Writing<br \/>Biology (AP)<br \/>Biotechnology<br \/>Calculus (AP)<br \/>Chemistry (AP)<br \/>English Literature and Composition (AP)<br \/>Scientific Research Methods Statistics (AP)<br \/>World History (AP)<br \/>Dual Enrolled Robotics I-IV<br \/>Chemistry<br \/>Global Anabaptism<br \/>Pre-Calculus<br \/>US History<br \/>Creative Writing<br \/>Global Christianity<br \/>Psychology<br \/>World Issues<br \/>Kingdom Living<br \/>Shakespeare<br \/>World History<br \/>Orchestra<br \/>Organic Chemistry Optional Honors<br \/>Algebra II<br \/>English 9 &amp; 10 (2nd semester)<br \/>Novel<br \/>Short Fiction<br \/>Anatomy &amp; Physiology<br \/>Environmental Science<br \/>Physics<br \/>Spanish III, IV<br \/>Biology<br \/>Geometry<br \/>Poetry<br \/>Speech<\/p>\r\n<p>&nbsp;<\/p>\r\n<p>Dual Enrolled Robotics I-IV<br \/>Chemistry<br \/>Global Anabaptism<br \/>Pre-Calculus<br \/>US History<br \/>Creative Writing<br \/>Global Christianity<br \/>Psychology<br \/>World Issues<br \/>Kingdom Living<br \/>Shakespeare<br \/>World History<\/p>\r\n<p>Orchestra<\/p>\r\n<p>Organic Chemistry<\/p>\r\n<h2>Visitar es la mejor manera de sentir nuestra comunidad de aprendizaje.<\/h2>\r\n<p><a href=\"https:\/\/www.easternmennonite.org\/es\/admissions\/visit\/\" target=\"_self\"> Programar una visita <\/a><\/p>\r\n<h2>Noticias de la escuela secundaria<\/h2>\r\n<h4><a title=\"view all news &gt;\" href=\"https:\/\/www.easternmennonite.org\/es\/about\/news\/\" target=\"_self\"> Ver todas las noticias &gt; <\/a><\/h4>\r\n<h4><a title=\"view events &gt;\" href=\"https:\/\/www.easternmennonite.org\/es\/about\/calendar\/\" target=\"_self\"> Ver eventos &gt; <\/a><\/h4>\r\n<p>\u00bfBuscas la p\u00e1gina de exalumnos de EMHS? Visita <a href=\"https:\/\/www.easternmennonite.org\/es\/alumni\/homecoming\/\">.easternmennonite.org\/alumni\/homecoming\/.<\/a><\/p>","protected":false},"excerpt":{"rendered":"<p>Imagine una escuela secundaria donde\u2026 el rigor acad\u00e9mico se construye en torno a los dones y pasiones \u00fanicos de cada estudiante, en lugar de un modelo \u00fanico de ex\u00e1menes de opci\u00f3n m\u00faltiple. Las pr\u00e1cticas restaurativas se combinan con la disciplina y la responsabilidad, enfatizando el valor y la dignidad inherentes de cada estudiante. Cada estudiante tiene un lugar al que pertenecer. Los docentes est\u00e1n capacitados para ense\u00f1ar de una manera\u2026<\/p>","protected":false},"author":1,"featured_media":7885,"parent":76,"menu_order":0,"comment_status":"closed","ping_status":"closed","template":"","meta":{"_acf_changed":false,"footnotes":""},"class_list":["post-836","page","type-page","status-publish","has-post-thumbnail","hentry"],"acf":[],"_links":{"self":[{"href":"https:\/\/www.easternmennonite.org\/es\/wp-json\/wp\/v2\/pages\/836","targetHints":{"allow":["GET"]}}],"collection":[{"href":"https:\/\/www.easternmennonite.org\/es\/wp-json\/wp\/v2\/pages"}],"about":[{"href":"https:\/\/www.easternmennonite.org\/es\/wp-json\/wp\/v2\/types\/page"}],"author":[{"embeddable":true,"href":"https:\/\/www.easternmennonite.org\/es\/wp-json\/wp\/v2\/users\/1"}],"replies":[{"embeddable":true,"href":"https:\/\/www.easternmennonite.org\/es\/wp-json\/wp\/v2\/comments?post=836"}],"version-history":[{"count":3,"href":"https:\/\/www.easternmennonite.org\/es\/wp-json\/wp\/v2\/pages\/836\/revisions"}],"predecessor-version":[{"id":78767,"href":"https:\/\/www.easternmennonite.org\/es\/wp-json\/wp\/v2\/pages\/836\/revisions\/78767"}],"up":[{"embeddable":true,"href":"https:\/\/www.easternmennonite.org\/es\/wp-json\/wp\/v2\/pages\/76"}],"wp:featuredmedia":[{"embeddable":true,"href":"https:\/\/www.easternmennonite.org\/es\/wp-json\/wp\/v2\/media\/7885"}],"wp:attachment":[{"href":"https:\/\/www.easternmennonite.org\/es\/wp-json\/wp\/v2\/media?parent=836"}],"curies":[{"name":"gracias","href":"https:\/\/api.w.org\/{rel}","templated":true}]}}