{"id":838,"date":"2019-01-25T15:03:33","date_gmt":"2019-01-25T20:03:33","guid":{"rendered":"https:\/\/emsdev.digpants.com\/?page_id=838"},"modified":"2026-01-29T11:44:33","modified_gmt":"2026-01-29T16:44:33","slug":"variable-tuition-and-aid","status":"publish","type":"page","link":"https:\/\/www.easternmennonite.org\/es\/admissions\/variable-tuition-and-aid\/","title":{"rendered":"Matr\u00edcula"},"content":{"rendered":"<h2>\n\t\t\tMatr\u00edcula para tu familia en EMS\t<\/h2>\n\t<h4><em>Gracias a las generosas contribuciones de los donantes, los partidarios ayudan a mantener la matr\u00edcula lo m\u00e1s baja posible, cerrando la brecha entre las inversiones en matr\u00edcula y el costo real de la educaci\u00f3n.\u00a0 <\/em><\/h4>\n<p>Invertir en una educaci\u00f3n EMS es s\u00f3lo eso: una inversi\u00f3n valiosa. Si bien podemos brindar asistencia financiera, no todas las familias califican para recibir ayuda basada en la necesidad. La matr\u00edcula para la escuela primaria, intermedia y secundaria var\u00eda. Para garantizar la asequibilidad y la conveniencia para las familias, se ofrecen paquetes de pago de matr\u00edcula.<\/p>\n<p>Nuestro objetivo es respetar las necesidades \u00fanicas de cada familia y al mismo tiempo brindar una excelente educaci\u00f3n a los estudiantes, compensar a los empleados de manera equitativa e invertir sabiamente en operaciones e instalaciones.<\/p>\n<p>\u00bfListo para comenzar? <a href=\"https:\/\/easternmennonite.schooladminonline.com\/portal\/new_inquiry\" target=\"_blank\" rel=\"noopener\">Complete un formulario de consulta<\/a> para conectarse con el personal de admisiones.<\/p>\n<h3>\n\t\t<a href=\"https:\/\/www.easternmennonite.org\/es\/admissions\/\" title=\"Admisiones\"  target=\"_self\">\n\t\t\tAdmisiones\t\t<\/a>\n\t<\/h3>\n\t\t\t<a href=\"https:\/\/studentfinancialaid.blackbaud.school\/\"  target=\"_blank\" rel=\"noopener\">\n\t\t\t\t\t\tSolicitar ayuda\n\t\t\t\t\t<\/a>\n\t\t\t<a href=\"https:\/\/drive.google.com\/file\/d\/1M_eMZG8W5ZiES8makxR5Oky8DLazVrAa\/view?usp=sharing\"  target=\"_blank\" rel=\"noopener\">\n\t\t\t\t\t\tInstrucciones (c\u00f3digo escolar)\n\t\t\t\t\t<\/a>\n\t<p><b><i>Matr\u00edcula en E<\/i><\/b><b><i>EM<\/i><\/b>:<\/p>\n<ul>\n<li aria-level=\"1\"><b>Evaluaci\u00f3n personalizada<\/b>: La oficina comercial de EMS colabora individualmente con las familias durante el proceso de admisi\u00f3n para determinar la matr\u00edcula.<\/li>\n<li aria-level=\"1\"><b>Asistencia basada en las necesidades<\/b>:Las familias que califican a trav\u00e9s de la solicitud de ayuda financiera pueden recibir asistencia de matr\u00edcula basada en la necesidad. <\/li>\n<li aria-level=\"1\">EMS participa en la <a href=\"https:\/\/www.easternmennonite.org\/es\/support\/virginia-tax-credits\/\">Programa de cr\u00e9dito fiscal para becas de mejora de la educaci\u00f3n de Virginia<\/a> con hasta 50% de apoyo de matr\u00edcula para familias elegibles en nuestra escuela.<\/li>\n<li aria-level=\"1\"><b>Apoyo de la Iglesia<\/b>: Varias iglesias brindan asistencia de matr\u00edcula de EMS para sus estudiantes y los miembros pueden recibir descuentos en la matr\u00edcula.<\/li>\n<li aria-level=\"1\"><b>Descuentos para hermanos<\/b>: Las familias con varios hijos se benefician de descuentos para hermanos y un l\u00edmite de matr\u00edcula garantiza que las familias numerosas paguen un m\u00e1ximo designado cada a\u00f1o.<\/li>\n<li aria-level=\"1\"><a href=\"https:\/\/www.easternmennonite.org\/es\/admissions\/scholarships\/\"><b>Becas y otros descuentos<\/b><\/a>: Explore oportunidades adicionales consultando con la Oficina de Admisiones.<\/li>\n<\/ul>\n<p><b><i>Asistencia basada en las necesidades<\/i><\/b>:<\/p>\n<ul>\n<li aria-level=\"1\"><b>Evaluaci\u00f3n de elegibilidad<\/b>: The Financial Aid Calculator determines need-based tuition assistance eligibility by evaluating financial information, including income, assets, and expenses.<\/li>\n<li aria-level=\"1\"><b>Solicitud Anual<\/b>: Families must submit a new application each year, acknowledging potential changes in their financial situation. We encourage every family to complete an application.<\/li>\n<li aria-level=\"1\"><b>La inversi\u00f3n de tu familia: <\/b>Todas las familias realizan una inversi\u00f3n financiera en la educaci\u00f3n de sus estudiantes y pagan una parte de la matr\u00edcula.\u00a0<\/li>\n<\/ul>\n\t<p><b><i>Admisiones y asistencia de matr\u00edcula<\/i><\/b>:<\/p>\n<ul>\n<li aria-level=\"1\"><b>Sin separaci\u00f3n<\/b>: Las solicitudes de admisi\u00f3n no se ven afectadas por la solicitud de asistencia para la matr\u00edcula.<\/li>\n<li aria-level=\"1\"><b>Reuni\u00f3n con el gerente de la oficina comercial<\/b>: Programe una reuni\u00f3n con <a href=\"mailto:eberlyc@easternmennonite.org\">Chris Eberly<\/a>, gerente de la oficina comercial de EMS, para analizar el rango de matr\u00edcula, la situaci\u00f3n financiera y el compromiso de inversi\u00f3n.<\/li>\n<\/ul>\n<p><b><i>Cuotas adicionales<\/i><\/b>:<\/p>\n<ul>\n<li aria-level=\"1\"><b>Tarifa general para estudiantes<\/b>Ayuda a financiar programas extracurriculares, incluyendo programas especiales, y anuarios. Se paga anualmente a raz\u00f3n de $475 por estudiante.<\/li>\n<li aria-level=\"1\"><b>Tarifa de mejora de capital<\/b>: Ayuda a pagar reparaciones y mejoras importantes de las instalaciones. Pagado anualmente a $475 por familia.\u00a0\u00a0<\/li>\n<li aria-level=\"1\"><b>Gastos imprevistos<\/b>:El almuerzo, la tutor\u00eda, el transporte, el cuidado despu\u00e9s de la escuela, la educaci\u00f3n para conductores, los viajes de verano, las excursiones (MS\/HS) y las compras co-curriculares personalizadas pueden generar cargos adicionales varios.<\/li>\n<\/ul>\n<p>&nbsp;<\/p>\n<p>&nbsp;<\/p>\n<p>&nbsp;<\/p>\n<p>&nbsp;<\/p>\n<p>&nbsp;<\/p>\n<p>&nbsp;<\/p>\n<hr \/>\n<h6>Eastern Mennonite School no discrimina por motivos de raza, color, discapacidad, origen nacional o \u00e9tnico, y admite a los estudiantes a todos los derechos, privilegios, programas y actividades generalmente otorgados o puestos a disposici\u00f3n de los estudiantes en la escuela.<\/h6>\n<h2  id=\"tuition\">\n\t\t\tTarifas de matr\u00edcula 2026-2027\t<\/h2>\n\t\t<h2>Elemental<\/h2><h3>$11,925<\/h3>\n<p>$994 \/ mes<\/p>\n\t\t<h2>Escuela Intermedia<\/h2><h3>$14,475<\/h3>\n<p>$1,231 \/ mes<\/p>\n\t\t<h2>Escuela Secundaria<\/h2><h3>$16,525<\/h3>\n<p>$1,377 \/ mes<\/p>\n<h2>\n\t\t\tPremios 2025-2026\t<\/h2>\n\t<ul>\n<li>79% de estudiantes reciben cr\u00e9ditos o descuentos de matr\u00edcula<\/li>\n<li>29% de los estudiantes reciben ayuda basada en la necesidad<\/li>\n<li>$1,371,500 asistencia total para la matr\u00edcula otorgada<\/li>\n<\/ul>\n\t<strong>529 Planes de Ahorro<\/strong><br \/>\nSe pueden aplicar hasta $10,000 por a\u00f1o a la matr\u00edcula de K-12 por estudiante.\n<p>Los detalles, as\u00ed como los tutoriales en l\u00ednea, se pueden encontrar en el <a href=\"https:\/\/www.virginia529.com\/\">Sitio web de Virginia529<\/a>. Le recomendamos que consulte con su asesor financiero.<\/p>\n\t<figure itemscope itemtype=\"https:\/\/schema.org\/ImageObject\">\n\t\t\t\t<img decoding=\"async\" src=\"https:\/\/www.easternmennonite.org\/wp-content\/uploads\/2024\/02\/eberly_blue.jpg\" alt=\"eberly_blue\" height=\"1600\" width=\"1280\" title=\"eberly_blue\" onerror=\"this.style.display='none'\" loading=\"lazy\" \/>\n\t<\/figure>\n\t\t<em>\u201cInvertir en educaci\u00f3n privada basada en la fe no se trata s\u00f3lo de pagar la matr\u00edcula, sino de priorizar los valores, el desarrollo del car\u00e1cter y la excelencia acad\u00e9mica. Entendemos el compromiso financiero que esto implica, por eso nos esforzamos por hacer nuestra educaci\u00f3n m\u00e1s accesible a trav\u00e9s de oportunidades de ayuda financiera y becas. En \u00faltima instancia, la matr\u00edcula de una familia var\u00eda seg\u00fan sus circunstancias financieras\u201d.<\/em>\n<strong><a href=\"https:\/\/www.easternmennonite.org\/facultystaff\/chris-eberly\/\">Chris Eberly<\/a>, <\/strong>\n<strong>Business Office Manager<\/strong>\n<h3>\u00bfPr\u00f3ximo paso? \u00a1Programe una visita!<\/h3>\n<p>Nos encantar\u00eda saber de usted. Te damos la bienvenida a <a href=\"https:\/\/www.easternmennonite.org\/es\/admissions\/visit\/\">\u00danete a nosotros<\/a> en el campus para un d\u00eda de visita familiar o un recorrido, o programe una llamada para obtener m\u00e1s informaci\u00f3n sobre la experiencia de EMS.<\/p>\n\t\t\t<a href=\"https:\/\/www.easternmennonite.org\/es\/admissions\/visit\/\"  target=\"_blank\" rel=\"noopener\">\n\t\t\t\t\t\t\tVer d\u00edas de visita\n\t\t\t\t\t<\/a>\n<h2  id=\"tuition\">\n\t\t\tC\u00f3mo el apoyo de los donantes ayuda a las familias\t<\/h2>\n\t<p><strong>Generoso apoyo de los donantes<\/strong> covers the difference between tuition and the true cost of an EMS education, helping keep tuition as low as possible. Donors also help financial aid through endowments, scholarships, and the Flames Fund. We&#8217;re grateful for the many parents, grandparents, alumni, and friends of EMS who want to make the EMS experience accessible for everyone!<\/p>\n<ul>\n<li aria-level=\"1\"><b>Formas de obtener ayuda financiera en EMS<\/b>:\u00a0\n<ul>\n<li aria-level=\"2\"><a href=\"https:\/\/www.easternmennonite.org\/es\/support\/2nd-century-fund\/\">Fondo de llamas<\/a> Se pueden seleccionar obsequios para ayuda financiera, as\u00ed como para otros programas.<\/li>\n<li aria-level=\"2\">Colaboradores a trav\u00e9s del<a href=\"https:\/\/www.easternmennonite.org\/es\/support\/virginia-tax-credits\/\"> Programa de cr\u00e9dito fiscal VA<\/a> recibir un cr\u00e9dito fiscal VA 65% Y donar directamente para ayuda financiera a estudiantes elegibles.\u00a0<\/li>\n<li aria-level=\"2\">Muchos <a href=\"https:\/\/www.easternmennonite.org\/es\/support\/virginia-tax-credits\/\">fondos de dotaci\u00f3n<\/a> apoyar la ayuda financiera y proporcionar una herramienta de apoyo a largo plazo para la escuela.<\/li>\n<\/ul>\n<\/li>\n<\/ul>","protected":false},"excerpt":{"rendered":"<p>Matr\u00edcula para su familia en EMS Gracias a las generosas contribuciones de los donantes, los partidarios ayudan a mantener la matr\u00edcula lo m\u00e1s baja posible, cerrando la brecha entre las inversiones en matr\u00edcula y el costo real de la educaci\u00f3n. Invertir en una educaci\u00f3n EMS es s\u00f3lo eso: una inversi\u00f3n valiosa. Si bien podemos brindar asistencia financiera, no todas las familias califican para...<\/p>","protected":false},"author":1,"featured_media":10012,"parent":75,"menu_order":0,"comment_status":"closed","ping_status":"closed","template":"","meta":{"_acf_changed":false,"footnotes":""},"class_list":["post-838","page","type-page","status-publish","has-post-thumbnail","hentry"],"acf":[],"_links":{"self":[{"href":"https:\/\/www.easternmennonite.org\/es\/wp-json\/wp\/v2\/pages\/838","targetHints":{"allow":["GET"]}}],"collection":[{"href":"https:\/\/www.easternmennonite.org\/es\/wp-json\/wp\/v2\/pages"}],"about":[{"href":"https:\/\/www.easternmennonite.org\/es\/wp-json\/wp\/v2\/types\/page"}],"author":[{"embeddable":true,"href":"https:\/\/www.easternmennonite.org\/es\/wp-json\/wp\/v2\/users\/1"}],"replies":[{"embeddable":true,"href":"https:\/\/www.easternmennonite.org\/es\/wp-json\/wp\/v2\/comments?post=838"}],"version-history":[{"count":3,"href":"https:\/\/www.easternmennonite.org\/es\/wp-json\/wp\/v2\/pages\/838\/revisions"}],"predecessor-version":[{"id":78567,"href":"https:\/\/www.easternmennonite.org\/es\/wp-json\/wp\/v2\/pages\/838\/revisions\/78567"}],"up":[{"embeddable":true,"href":"https:\/\/www.easternmennonite.org\/es\/wp-json\/wp\/v2\/pages\/75"}],"wp:featuredmedia":[{"embeddable":true,"href":"https:\/\/www.easternmennonite.org\/es\/wp-json\/wp\/v2\/media\/10012"}],"wp:attachment":[{"href":"https:\/\/www.easternmennonite.org\/es\/wp-json\/wp\/v2\/media?parent=838"}],"curies":[{"name":"gracias","href":"https:\/\/api.w.org\/{rel}","templated":true}]}}