{"id":8458,"date":"2019-02-19T15:42:02","date_gmt":"2019-02-19T20:42:02","guid":{"rendered":"https:\/\/emsdev.clayshowalter.com\/?page_id=8458"},"modified":"2024-08-28T14:09:13","modified_gmt":"2024-08-28T18:09:13","slug":"message-from-the-head-of-school","status":"publish","type":"page","link":"https:\/\/www.easternmennonite.org\/es\/about\/message-from-the-head-of-school\/","title":{"rendered":"Mensaje del director del colegio"},"content":{"rendered":"<p>\u00a1Saludos!<\/p>\n<p>Si usted es un futuro estudiante o padre, ex alumno o miembro de la comunidad, \u00a1apreciamos su inter\u00e9s en nuestra escuela!<\/p>\n<p>En EMS, nosotros:<\/p>\n<ul>\n<li>honrar a Dios y mirar la vida de Jesucristo como nuestro modelo de c\u00f3mo amar y tratar a los dem\u00e1s.<\/li>\n<li>conocer a nuestros estudiantes como creados exclusivamente a la imagen de Dios.<\/li>\n<li>nutrir el bienestar f\u00edsico, intelectual, espiritual, emocional y social de cada estudiante y miembro del personal.<\/li>\n<li>Desaf\u00eda a los estudiantes a explorar, leer, investigar y analizar informaci\u00f3n como pensadores cr\u00edticos para toda una vida de aprendizaje activo.<\/li>\n<li>Capacite a los estudiantes para que sue\u00f1en, colaboren, practiquen la integridad y asuman riesgos a medida que desarrollan habilidades de liderazgo.<\/li>\n<li>crear conciencia sobre las complejidades globales.<\/li>\n<li>Fomentar el voluntariado y el servicio a los dem\u00e1s.<\/li>\n<li>construir relaciones positivas entre todas las personas a trav\u00e9s de pr\u00e1cticas creativas, respetuosas y restaurativas.<\/li>\n<li>luchar por la excelencia acad\u00e9mica, enfatizando las artes en una comunidad religiosa de aprendizaje.<\/li>\n<\/ul>\n<p>Somos una comunidad de aprendizaje arraigada en la fe cristiana en el <a href=\"http:\/\/thirdway.com\/mennonites\/who-are-the-mennonites\/\">Anabautista-Menonita<\/a> tradici\u00f3n. Valoramos una comunidad de creyentes que disciernen juntos donde todas las voces son bienvenidas, escuchadas y respetadas.<\/p>\n<p>Para obtener m\u00e1s informaci\u00f3n sobre la educaci\u00f3n menonita y los valores que se practican en nuestra escuela, consulte <a href=\"https:\/\/www.easternmennonite.org\/wp-content\/uploads\/2019\/03\/Anabaptist-Mennonite-Faith-Practices.pdf\">este documento<\/a> de la Agencia Menonita de Educaci\u00f3n. O, mejor a\u00fan, venga a visitarnos... \u00a1Todos son bienvenidos a experimentar la diferencia de EMS!<\/p>\n<p><a href=\"https:\/\/www.easternmennonite.org\/facultystaff\/paul-leaman\/\">Paul G. Leaman<\/a>, Doctor.<\/p>\n<p>director de escuela<\/p>","protected":false},"excerpt":{"rendered":"<p>\u00a1Saludos! Si usted es un futuro estudiante o padre, ex alumno o miembro de la comunidad, \u00a1apreciamos su inter\u00e9s en nuestra escuela! En EMS, nosotros: honramos a Dios y consideramos la vida de Jesucristo como nuestro modelo de c\u00f3mo amar y tratar a los dem\u00e1s. conocer a nuestros estudiantes como creados exclusivamente a la imagen de Dios. nutrir a cada estudiante...<\/p>","protected":false},"author":1,"featured_media":9220,"parent":74,"menu_order":0,"comment_status":"closed","ping_status":"closed","template":"","meta":{"_acf_changed":false,"footnotes":""},"class_list":["post-8458","page","type-page","status-publish","has-post-thumbnail","hentry"],"acf":[],"_links":{"self":[{"href":"https:\/\/www.easternmennonite.org\/es\/wp-json\/wp\/v2\/pages\/8458","targetHints":{"allow":["GET"]}}],"collection":[{"href":"https:\/\/www.easternmennonite.org\/es\/wp-json\/wp\/v2\/pages"}],"about":[{"href":"https:\/\/www.easternmennonite.org\/es\/wp-json\/wp\/v2\/types\/page"}],"author":[{"embeddable":true,"href":"https:\/\/www.easternmennonite.org\/es\/wp-json\/wp\/v2\/users\/1"}],"replies":[{"embeddable":true,"href":"https:\/\/www.easternmennonite.org\/es\/wp-json\/wp\/v2\/comments?post=8458"}],"version-history":[{"count":0,"href":"https:\/\/www.easternmennonite.org\/es\/wp-json\/wp\/v2\/pages\/8458\/revisions"}],"up":[{"embeddable":true,"href":"https:\/\/www.easternmennonite.org\/es\/wp-json\/wp\/v2\/pages\/74"}],"wp:featuredmedia":[{"embeddable":true,"href":"https:\/\/www.easternmennonite.org\/es\/wp-json\/wp\/v2\/media\/9220"}],"wp:attachment":[{"href":"https:\/\/www.easternmennonite.org\/es\/wp-json\/wp\/v2\/media?parent=8458"}],"curies":[{"name":"gracias","href":"https:\/\/api.w.org\/{rel}","templated":true}]}}