{"id":8489,"date":"2019-02-19T22:18:57","date_gmt":"2019-02-20T03:18:57","guid":{"rendered":"https:\/\/emsdev.clayshowalter.com\/?page_id=8489"},"modified":"2024-08-28T14:22:41","modified_gmt":"2024-08-28T18:22:41","slug":"build-a-bridge","status":"publish","type":"page","link":"https:\/\/www.easternmennonite.org\/es\/support\/build-a-bridge\/","title":{"rendered":"Build a Bridge"},"content":{"rendered":"<h2 dir=\"ltr\"><strong>\u00a1Gracias por ayudar a construir un puente!<\/strong><\/h2>\n<p><em>Actualizado el 10 de junio de 2020<\/em><\/p>\n<p>Los ladrillos est\u00e1n instalados y lo invitamos a pasar y encontrar su adoqu\u00edn. Los adoquines grabados que don\u00f3 honran a los estudiantes, ex alumnos, maestros y administradores pasados \u200b\u200b\u200b\u200by presentes de EMS, adem\u00e1s de apoyar a empresas y amigos. Los ni\u00f1os cruzar\u00e1n este puente diariamente, caminando sobre los firmes cimientos de generosidad y cuidado que t\u00fa pusiste. \u200b\u200b<\/p>\n<p><strong>Sus donaciones ayudaron a financiar la mayor parte del nuevo puente para que pueda proporcionar:<\/strong><\/p>\n<ul>\n<li>un espacio seguro para recoger y dejar a los estudiantes de primaria;<\/li>\n<li>espacio adicional para aprender y jugar al aire libre;<\/li>\n<li>un v\u00ednculo f\u00edsico y simb\u00f3lico entre los edificios superior e inferior que resaltan nuestro \u00fanico campus.<\/li>\n<\/ul>\n<em>Actualizado el 19 de noviembre de 2019<\/em>\nLa construcci\u00f3n del puente marc\u00f3 el comienzo de una nueva era cuando los entusiastas estudiantes de primaria echaron un primer vistazo a sus nuevas aulas. <a href=\"https:\/\/www.easternmennonite.org\/es\/2019\/11\/bridge-footers-symbolize-new-era\/\">Read more<\/a>.\n<em>Actualizado el 2 de agosto de 2019<\/em>\n\u00a1Con casi 400 ladrillos comprados, superamos nuestra meta de $50,000! <a href=\"https:\/\/www.easternmennonite.org\/es\/2019\/08\/bridge-funded-to-join-two-buildings-for-one-campus\/\">Lee sobre ello<\/a>.\n<em>Actualizado el 10 de julio de 2019<\/em>\nLos obsequios incluyen $35,500+ mediante la venta de ladrillos grabados con nombres, frases o escrituras; $4,500 de la promoci\u00f3n del 2019 (regalo de la clase senior\u2026 \u00a1guau!); y $5,000 de EMES PTF (foro principal).\n\t\t\t\t<a href=\"https:\/\/youtu.be\/CEJlZrH8etU\" target=\"_blank\" rel=\"noopener\" itemprop=\"url\">\n\t\t\t\t<img loading=\"lazy\" decoding=\"async\" src=\"https:\/\/www.easternmennonite.org\/wp-content\/uploads\/2020\/06\/Maria-Gathering-6.1.20.jpg\" alt=\"Maria Archer talks with students about the pavers during a virtual EMES Gathering time.\u00a0\" itemprop=\"image\" height=\"361\" width=\"641\" title=\"Mar\u00eda Encuentro 6.1.20\" onerror=\"this.style.display='none'\"  \/>\n\t\t\t\t<\/a>\n\t\tMaria Archer habla sobre los adoquines durante una reuni\u00f3n virtual de EMES.\u00a0\n\t\t\t\t<img loading=\"lazy\" decoding=\"async\" src=\"https:\/\/www.easternmennonite.org\/wp-content\/uploads\/2020\/06\/20200611_111548-561x480-1.jpg\" alt=\"Brick pavers paid for by generous donors at the base of the campus bridge\" itemprop=\"image\" height=\"480\" width=\"561\" title=\"20200611_111548 561x480\" onerror=\"this.style.display='none'\"  \/>\n\t\t\t\t<img loading=\"lazy\" decoding=\"async\" src=\"https:\/\/www.easternmennonite.org\/wp-content\/uploads\/2019\/04\/brick-thumb.jpg\" alt=\"brick, thumb\" itemprop=\"image\" height=\"2647\" width=\"2856\" title=\"ladrillo, pulgar\" onerror=\"this.style.display='none'\"  \/>\n\t\t\t\t<img loading=\"lazy\" decoding=\"async\" src=\"https:\/\/www.easternmennonite.org\/wp-content\/uploads\/2019\/08\/bricks.jpg\" alt=\"Bricks for bridge\" itemprop=\"image\" height=\"2625\" width=\"3500\" title=\"Ladrillos para puente\" onerror=\"this.style.display='none'\"  \/>\n\t\t\t\t<img loading=\"lazy\" decoding=\"async\" src=\"https:\/\/www.easternmennonite.org\/wp-content\/uploads\/2020\/06\/20200611_111742-561-x-480.jpg\" alt=\"brick pavers\" itemprop=\"image\" height=\"480\" width=\"561\" title=\"20200611_111742 561 x 480\" onerror=\"this.style.display='none'\"  \/>\n\t\t\t\t<img loading=\"lazy\" decoding=\"async\" src=\"https:\/\/www.easternmennonite.org\/wp-content\/uploads\/2020\/06\/20200611_111411-561-x-480.jpg\" alt=\"brick pavers on bridge\" itemprop=\"image\" height=\"480\" width=\"561\" title=\"20200611_111411 561x480\" onerror=\"this.style.display='none'\"  \/>\n\t\t\t\t<img loading=\"lazy\" decoding=\"async\" src=\"https:\/\/www.easternmennonite.org\/wp-content\/uploads\/2020\/06\/Maria-Gathering-6.1.20.jpg\" alt=\"Maria Archer talks with students about the pavers during a virtual EMES Gathering time.\u00a0\" itemprop=\"image\" height=\"361\" width=\"641\" title=\"Mar\u00eda Encuentro 6.1.20\" onerror=\"this.style.display='none'\"  \/>\n\t<p>Construir un puente para conectar el edificio primario renovado y el edificio actual de la escuela intermedia y secundaria era una necesidad real e importante.<\/p>\n<p>El puente cubierto mide aproximadamente 12 \u2032 por 50 \u2032 y est\u00e1 construido de hormig\u00f3n, acero y madera. Herr &amp; Company comparti\u00f3 su experiencia mientras constru\u00edamos el puente y el padre Chris Riddle instalaba los adoquines.<\/p>\n<h3>\n\t\tSupport\n\t<\/h3>","protected":false},"excerpt":{"rendered":"<p>\u00a1Gracias por ayudar a construir un puente! Actualizado el 10 de junio de 2020 Los ladrillos est\u00e1n instalados y lo invitamos a pasar y encontrar su adoqu\u00edn. Los adoquines grabados que don\u00f3 honran a los estudiantes, ex alumnos, maestros y administradores pasados y presentes de EMS, adem\u00e1s de apoyar a empresas y amigos. Los ni\u00f1os cruzar\u00e1n este puente diariamente, caminando\u2026<\/p>","protected":false},"author":1,"featured_media":9146,"parent":37,"menu_order":0,"comment_status":"closed","ping_status":"closed","template":"","meta":{"_acf_changed":false,"footnotes":""},"class_list":["post-8489","page","type-page","status-publish","has-post-thumbnail","hentry"],"acf":[],"_links":{"self":[{"href":"https:\/\/www.easternmennonite.org\/es\/wp-json\/wp\/v2\/pages\/8489","targetHints":{"allow":["GET"]}}],"collection":[{"href":"https:\/\/www.easternmennonite.org\/es\/wp-json\/wp\/v2\/pages"}],"about":[{"href":"https:\/\/www.easternmennonite.org\/es\/wp-json\/wp\/v2\/types\/page"}],"author":[{"embeddable":true,"href":"https:\/\/www.easternmennonite.org\/es\/wp-json\/wp\/v2\/users\/1"}],"replies":[{"embeddable":true,"href":"https:\/\/www.easternmennonite.org\/es\/wp-json\/wp\/v2\/comments?post=8489"}],"version-history":[{"count":0,"href":"https:\/\/www.easternmennonite.org\/es\/wp-json\/wp\/v2\/pages\/8489\/revisions"}],"up":[{"embeddable":true,"href":"https:\/\/www.easternmennonite.org\/es\/wp-json\/wp\/v2\/pages\/37"}],"wp:featuredmedia":[{"embeddable":true,"href":"https:\/\/www.easternmennonite.org\/es\/wp-json\/wp\/v2\/media\/9146"}],"wp:attachment":[{"href":"https:\/\/www.easternmennonite.org\/es\/wp-json\/wp\/v2\/media?parent=8489"}],"curies":[{"name":"gracias","href":"https:\/\/api.w.org\/{rel}","templated":true}]}}