{"id":8492,"date":"2019-02-19T22:24:06","date_gmt":"2019-02-20T03:24:06","guid":{"rendered":"https:\/\/emsdev.clayshowalter.com\/?page_id=8492"},"modified":"2026-03-26T11:54:43","modified_gmt":"2026-03-26T15:54:43","slug":"planned-giving","status":"publish","type":"page","link":"https:\/\/www.easternmennonite.org\/es\/support\/planned-giving\/","title":{"rendered":"Donaciones planificadas"},"content":{"rendered":"<a href=\"https:\/\/www.easternmennonite.org\/es\/support\/endowments\/\"  target=\"_blank\" rel=\"noopener\">\n\t\t\t\t\t\t\tFondos de dotaci\u00f3n\n\t\t\t\t\t<\/a>\n\t\t\t<a href=\"https:\/\/app.donorview.com\/zAmRk\"  target=\"_blank\" rel=\"noopener\">\n\t\t\t\t\t\t\t\u00a1Empezar!\n\t\t\t\t\t<\/a>\n\t\t\t<a href=\"https:\/\/www.easternmennonite.org\/es\/support\/ways-to-give\/\"  target=\"_blank\" rel=\"noopener\">\n\t\t\t\t\t\t\tFormas de donar\n\t\t\t\t\t<\/a>\n\t<h3><strong>Hay muchas formas de apoyar a los SME y a los futuros estudiantes.\u00a0<\/strong><\/h3>\n<p>Las donaciones realizadas a EMS mediante testamentos y otras donaciones planificadas posicionan a la escuela para seguir inspirando a los estudiantes a la fe, la excelencia, la integridad y el servicio a largo plazo. Las donaciones de patrimonio suelen tener dos prop\u00f3sitos:<\/p>\n<ol>\n<li>Crear o agregar a un <a href=\"https:\/\/www.easternmennonite.org\/es\/support\/endowments\/\">Dotaci\u00f3n del SME<\/a>que se unir\u00e1n a otros fondos que seguir\u00e1n haciendo crecer y sosteniendo el SME hasta bien entrado nuestro segundo siglo de existencia.<\/li>\n<li>Apoye un proyecto de capital especial que tenga un impacto transformador a largo plazo. (Por ejemplo, el <a href=\"https:\/\/www.easternmennonite.org\/es\/support\/the-gathering-space\/\">Nos reunimos<\/a>\u00a0Campa\u00f1a para construir el Espacio de Encuentro para la escuela primaria.<\/li>\n<\/ol>\n<p>Donar es una decisi\u00f3n personal y debe ser la adecuada para usted y su familia. Las donaciones aplazadas son una forma excelente de hacerlo:<\/p>\n<ul>\n<li>recibir importantes beneficios mientras vives<\/li>\n<li>dejar un legado en beneficio de las generaciones futuras<\/li>\n<li>minimizar las obligaciones fiscales.<\/li>\n<\/ul>\n\t\t<img width=\"1024\" height=\"574\" src=\"https:\/\/www.easternmennonite.org\/wp-content\/uploads\/2021\/06\/1917-Video-Screenshot-1-1024x574.jpg\" alt=\"\" decoding=\"async\" loading=\"lazy\" srcset=\"https:\/\/www.easternmennonite.org\/wp-content\/uploads\/2021\/06\/1917-Video-Screenshot-1-1024x574.jpg 1024w, https:\/\/www.easternmennonite.org\/wp-content\/uploads\/2021\/06\/1917-Video-Screenshot-1-300x168.jpg 300w, https:\/\/www.easternmennonite.org\/wp-content\/uploads\/2021\/06\/1917-Video-Screenshot-1-768x431.jpg 768w, https:\/\/www.easternmennonite.org\/wp-content\/uploads\/2021\/06\/1917-Video-Screenshot-1-16x9.jpg 16w, https:\/\/www.easternmennonite.org\/wp-content\/uploads\/2021\/06\/1917-Video-Screenshot-1-89x50.jpg 89w, https:\/\/www.easternmennonite.org\/wp-content\/uploads\/2021\/06\/1917-Video-Screenshot-1.jpg 1366w\" sizes=\"auto, (max-width: 1024px) 100vw, 1024px\" \/><iframe loading=\"lazy\" width=\"560\" height=\"315\" src=\"https:\/\/www.youtube.com\/embed\/F3o5sGLQHzM\" title=\"Reproductor de v\u00eddeo YouTube\" frameborder=\"0\" allow=\"accelerometer; autoplay; clipboard-write; encrypted-media; gyroscope; picture-in-picture\" allowfullscreen><\/iframe>\t\n\t<p><em>Mire el video de arriba para saber c\u00f3mo la donaci\u00f3n de una familia est\u00e1 bendiciendo a las generaciones futuras.\u00a0<\/em><\/p>\n<h2>\n\t\t<a href=\"https:\/\/www.easternmennonite.org\/es\/support\/endowments\/\" title=\"Endowments\"  target=\"_self\">\n\t\t\tEndowments\t\t<\/a>\n\t<\/h2>\n<figure itemscope itemtype=\"https:\/\/schema.org\/ImageObject\">\n\t\t\t\t<img decoding=\"async\" src=\"https:\/\/www.easternmennonite.org\/wp-content\/uploads\/2020\/03\/IMG_9477-666x520.jpg\" alt=\"Kindergarten students and eighth graders worked in pairs to knot comforters.\" height=\"520\" width=\"666\" title=\"IMG_9477\" onerror=\"this.style.display='none'\" loading=\"lazy\" \/>\n\t<\/figure>\n\t<p>Quienes apoyan la creaci\u00f3n de fondos de dotaci\u00f3n se preocupan profundamente por la sostenibilidad a largo plazo de la Escuela Menonita del Este. Los fondos de dotaci\u00f3n, que suman m\u00e1s de 10\u00a0000 T\/T, generan ingresos a los que la escuela puede acceder para el prop\u00f3sito designado, para las generaciones futuras.<\/p>\n<p>EMS tiene casi 100 fondos de dotaci\u00f3n existentes, incluidas donaciones familiares, donaciones grupales (como el fondo de ex alumnos para ayuda financiera) y donaciones para prop\u00f3sitos espec\u00edficos (como Ciencia y Tecnolog\u00eda).<\/p>\n<p>Si desea explorar la posibilidad de iniciar una nueva dotaci\u00f3n en honor a alguien o para un prop\u00f3sito espec\u00edfico, visite nuestro <a href=\"https:\/\/www.easternmennonite.org\/es\/support\/endowments\/\">p\u00e1gina de dotaci\u00f3n<\/a>.<\/p>\n<figure itemscope itemtype=\"https:\/\/schema.org\/ImageObject\">\n\t\t\t\t<img decoding=\"async\" src=\"https:\/\/www.easternmennonite.org\/wp-content\/uploads\/2021\/02\/1917Circle2021-webpage.jpg\" alt=\"1917Circle2021-webpage\" height=\"700\" width=\"800\" title=\"1917Circle2021-webpage\" onerror=\"this.style.display='none'\" loading=\"lazy\" \/>\n\t<\/figure>\n\t<p>Al incluir a EMS en su testamento o como beneficiaria de sus bienes mediante una donaci\u00f3n planificada, se une al C\u00edrculo 1917. Se une a otros simpatizantes que han creado un plan que deja un legado para otros de una manera que honra a usted, a su familia y a Dios. Recibir\u00e1 invitaciones a eventos selectos, comunicaciones especiales y nuestro agradecimiento por este valioso compromiso. La Escuela Menonita del Este fue fundada en 1917, y al comenzar nuestro segundo siglo, queremos honrar a quienes tuvieron la visi\u00f3n de planificar para las futuras generaciones de estudiantes.<\/p>\n<p><a href=\"https:\/\/app.donorview.com\/zAmRk\">Por favor, h\u00e1ganoslo saber<\/a> if you&#8217;ve already included EMS as a beneficiary, or if you&#8217;d like more information. We&#8217;d love to add your name as a 1917 circle member!<\/p>\n\t<h3><strong>Donaciones ben\u00e9ficas planificadas creativas:<\/strong><\/h3>\n\t<p>Activos como<\/p>\n<ul>\n<li>Acciones, bonos o fondos de inversi\u00f3n<\/li>\n<li>Cuentas IRA u otras cuentas de jubilaci\u00f3n<\/li>\n<li>Bienes muebles e inmuebles<\/li>\n<li>Fondos asesorados por donantes<\/li>\n<\/ul>\n\t<p>Donaciones diferidas<\/p>\n<ul>\n<li>Legados ben\u00e9ficos (a trav\u00e9s de testamentos)<\/li>\n<li>Beneficiario del seguro de vida<\/li>\n<li>Beneficiario del Fondo Asesorado por el Donante<\/li>\n<\/ul>\n\t<p>Regalos que le devuelven a usted o a sus herederos<\/p>\n<ul>\n<li>Anualidad ben\u00e9fica<\/li>\n<li>Fideicomiso caritativo<\/li>\n<li>Contratos de usufructo<\/li>\n<li>Fideicomisos caritativos<\/li>\n<\/ul>\n\t<h2><strong>Resumen de formas de dar<\/strong><\/h2>\n<p><a href=\"https:\/\/drive.google.com\/file\/d\/1f7O7VeYykb1S-UPUw1BxtKfyHGH2KSb8\/view?usp=sharing\" target=\"_blank\" rel=\"noopener\">Descarga el PDF con los m\u00e9todos de donaci\u00f3n.<\/a><\/p>\n<p>&nbsp;<\/p>\n<p><!-- Responsive table wrapper --><\/p>\n<table>\n<thead>\n<tr>\n<th>M\u00e9todo de donaci\u00f3n<\/th>\n<th>Ideal para<\/th>\n<th>C\u00f3mo funciona<\/th>\n<th>Beneficios clave \/ Notas<\/th>\n<\/tr>\n<\/thead>\n<tbody>\n<tr>\n<th scope=\"row\">Regalo en l\u00ednea (cr\u00e9dito\/d\u00e9bito\/ACH)<\/th>\n<td>Soporte r\u00e1pido, puntual o recurrente<\/td>\n<td>Realice su donaci\u00f3n de forma segura a trav\u00e9s de nuestro sitio web con tarjeta de cr\u00e9dito o transferencia bancaria. Configure una donaci\u00f3n \u00fanica o mensual.<\/td>\n<td>Deducci\u00f3n fiscal inmediata; c\u00f3moda y flexible.<\/td>\n<\/tr>\n<tr>\n<th scope=\"row\">Consulta por correo<\/th>\n<td>Regalos tradicionales o regalos m\u00e1s grandes<\/td>\n<td>Env\u00ede un cheque a nombre de <em>Escuela Menonita del Este (EMS)<\/em> a la Oficina de Desarrollo.<\/td>\n<td>Sin comisiones por transacci\u00f3n; la deducci\u00f3n se aplica en el a\u00f1o en que se env\u00eda el cheque. (Considere la aportaci\u00f3n equivalente del empleador, si corresponde).<\/td>\n<\/tr>\n<tr>\n<th scope=\"row\">Transferencia de acciones o valores<\/th>\n<td>Inversiones apreciadas<\/td>\n<td>Transferir acciones o valores a EMS.<\/td>\n<td>Evite el impuesto sobre las ganancias de capital y deduzca el valor total de mercado. Comun\u00edquese con nuestra oficina para obtener instrucciones de transferencia.<\/td>\n<\/tr>\n<tr>\n<th scope=\"row\">Distribuci\u00f3n caritativa calificada (QCD) de una cuenta IRA<\/th>\n<td>Donantes mayores de 70 a\u00f1os y medio<\/td>\n<td>Solicita a tu custodio de IRA que env\u00ede fondos directamente a EMS para cumplir con tu Distribuci\u00f3n M\u00ednima Requerida (RMD).<\/td>\n<td>Reduce la renta imponible al tiempo que apoya a los estudiantes.<\/td>\n<\/tr>\n<tr>\n<th scope=\"row\">Fondo asesorado por el donante (DAF)<\/th>\n<td>Donantes con cuentas DAF existentes<\/td>\n<td>Recomiende una subvenci\u00f3n a los servicios de emergencias m\u00e9dicas (EMS) con cargo a su fondo, o incluya a los EMS como beneficiarios.<\/td>\n<td>Sencillo y con ventajas fiscales; solic\u00edtelo a trav\u00e9s del portal de su administrador de DAF.<\/td>\n<\/tr>\n<tr>\n<th scope=\"row\">Donaci\u00f3n planificada (legado o herencia)<\/th>\n<td>Donantes con mentalidad de legado<\/td>\n<td>Incluya a EMS en su testamento, planificaci\u00f3n patrimonial o como beneficiario.<\/td>\n<td>Puede reducir los impuestos sobre el patrimonio y dejar un legado duradero para futuros estudiantes.<\/td>\n<\/tr>\n<tr>\n<th scope=\"row\">Fideicomiso ben\u00e9fico (CRT o CLT)<\/th>\n<td>Donantes que buscan ingresos y beneficios de legado<\/td>\n<td>Establezca un fideicomiso que proporcione ingresos durante su vida o beneficie a EMS por un plazo determinado (Fideicomiso de remanente caritativo o Fideicomiso de renta caritativa).<\/td>\n<td>Ofrece ventajas fiscales en materia de ingresos, ganancias de capital y sucesiones; requiere tr\u00e1mites legales; consulte con su asesor.<\/td>\n<\/tr>\n<tr>\n<th scope=\"row\">Programa de Cr\u00e9dito Fiscal para Empresas (EISTC)<\/th>\n<td>propietarios de negocios de Virginia<\/td>\n<td>Contribuya a trav\u00e9s del programa de cr\u00e9dito fiscal para becas de mejora educativa.<\/td>\n<td>Obtenga un cr\u00e9dito fiscal estatal de Virginia 65% m\u00e1s una deducci\u00f3n federal; financia becas estudiantiles.<\/td>\n<\/tr>\n<\/tbody>\n<\/table>\n<h2>\n\t\t\tContact us\t<\/h2>\n\t<p>Podemos ayudarle a planificar a trav\u00e9s de nuestras relaciones con abogados de confianza, asesores patrimoniales, Everence y The Community Foundation of Harrisonburg\/Rockingham.  Si desea m\u00e1s informaci\u00f3n sobre donaciones planificadas, p\u00f3ngase en contacto con nosotros.<\/p>\n<ul>\n<li><em>Name:\u00a0<\/em>Eastern Mennonite High School (DBA Eastern Mennonite School)<\/li>\n<li><em>Address:<\/em> 801 Parkwood Drive, Harrisonburg, VA 22802<\/li>\n<li><em>Federal ID Number:\u00a0<\/em>54-1194342<\/li>\n<\/ul>\n<figure itemscope itemtype=\"https:\/\/schema.org\/ImageObject\">\n\t\t\t\t<img decoding=\"async\" src=\"https:\/\/www.easternmennonite.org\/wp-content\/uploads\/2019\/01\/Leaman-Paul-1-250x300.jpg\" alt=\"Paul Leaman, head of school\" height=\"300\" width=\"250\" title=\"Paul Leaman\" onerror=\"this.style.display='none'\" loading=\"lazy\" \/>\n\t<\/figure>\n\t<strong>Paul Leaman<br \/>\n<\/strong>director de escuela<br \/>\n540-236-6012<br \/>\n<a href=\"mailto:leamanp@easternmennonite.org\">leamanp@easternmennonite.org<\/a>\n<figure itemscope itemtype=\"https:\/\/schema.org\/ImageObject\">\n\t\t\t\t<img decoding=\"async\" src=\"https:\/\/www.easternmennonite.org\/wp-content\/uploads\/2019\/02\/Blosser-Trisha_cropped-250x300.jpg\" alt=\"Blosser-Trisha_cropped\" height=\"300\" width=\"250\" title=\"Blosser-Trisha_cropped\" onerror=\"this.style.display='none'\" loading=\"lazy\" \/>\n\t<\/figure>\n\t<strong>Trisha Blosser<br \/>\n<\/strong>Development Officer<br \/>\n540-236-6024<br \/>\n<a href=\"mailto:blossert@easternmennonite.org\">blossert@easternmennonite.org<\/a>","protected":false},"excerpt":{"rendered":"<p>Endowed Funds Get Started! Ways to Give There are many ways to sustain EMS and future students!\u00a0 Gifts made to EMS through wills and other planned gifts position the school to continue calling students to faith, excellence, integrity, and service long into the future. Estate gifts are typically designated for two purposes: Create or add&hellip;<\/p>","protected":false},"author":1,"featured_media":9160,"parent":37,"menu_order":0,"comment_status":"closed","ping_status":"closed","template":"","meta":{"_acf_changed":false,"footnotes":""},"class_list":["post-8492","page","type-page","status-publish","has-post-thumbnail","hentry"],"acf":[],"_links":{"self":[{"href":"https:\/\/www.easternmennonite.org\/es\/wp-json\/wp\/v2\/pages\/8492","targetHints":{"allow":["GET"]}}],"collection":[{"href":"https:\/\/www.easternmennonite.org\/es\/wp-json\/wp\/v2\/pages"}],"about":[{"href":"https:\/\/www.easternmennonite.org\/es\/wp-json\/wp\/v2\/types\/page"}],"author":[{"embeddable":true,"href":"https:\/\/www.easternmennonite.org\/es\/wp-json\/wp\/v2\/users\/1"}],"replies":[{"embeddable":true,"href":"https:\/\/www.easternmennonite.org\/es\/wp-json\/wp\/v2\/comments?post=8492"}],"version-history":[{"count":6,"href":"https:\/\/www.easternmennonite.org\/es\/wp-json\/wp\/v2\/pages\/8492\/revisions"}],"predecessor-version":[{"id":79443,"href":"https:\/\/www.easternmennonite.org\/es\/wp-json\/wp\/v2\/pages\/8492\/revisions\/79443"}],"up":[{"embeddable":true,"href":"https:\/\/www.easternmennonite.org\/es\/wp-json\/wp\/v2\/pages\/37"}],"wp:featuredmedia":[{"embeddable":true,"href":"https:\/\/www.easternmennonite.org\/es\/wp-json\/wp\/v2\/media\/9160"}],"wp:attachment":[{"href":"https:\/\/www.easternmennonite.org\/es\/wp-json\/wp\/v2\/media?parent=8492"}],"curies":[{"name":"gracias","href":"https:\/\/api.w.org\/{rel}","templated":true}]}}