{"id":8496,"date":"2019-02-19T22:28:45","date_gmt":"2019-02-20T03:28:45","guid":{"rendered":"https:\/\/emsdev.clayshowalter.com\/?page_id=8496"},"modified":"2024-09-04T16:49:37","modified_gmt":"2024-09-04T20:49:37","slug":"other-ways-to-give","status":"publish","type":"page","link":"https:\/\/www.easternmennonite.org\/es\/support\/other-ways-to-give\/","title":{"rendered":"Other Ways to Give"},"content":{"rendered":"<h2>\n\t\tSupport EMS at No Cost!\n\t<\/h2>\n\t<p>Support EMS when you patronize the following businesses and sign up for their giving program:<\/p>\n<ul>\n<li>Buying groceries at Kroger<\/li>\n<li>Using an ink jet or laser printer at home<\/li>\n<li>Sourcing your heating fuel from AmeriGas<\/li>\n<li>\u2026y muchos otros \u2013 \u00a1consulte la lista completa a continuaci\u00f3n!<\/li>\n<\/ul>\n<h3>\n\t\tSupport\n\t<\/h3>\n\t\t\t\t<img loading=\"lazy\" decoding=\"async\" src=\"https:\/\/www.easternmennonite.org\/wp-content\/uploads\/2019\/03\/staples_logo-300x148.png\" alt=\"staples_logo\" itemprop=\"image\" height=\"148\" width=\"300\" title=\"staples_logo\" onerror=\"this.style.display='none'\"  \/>\n\t<p><strong>Staples Ink\/Toner Recycling<\/strong><\/p>\n<p>Benefits: EMS K-12 Technology, Furniture &amp; Office Supplies<\/p>\n<p>Bring your empty ink &amp; toner cartridges to the EMS main campus office and place them in the labeled bin. \u00a0EMS can recycle up to 20 cartridges per month, and will receive $2 in Staples Rewards dollars for each cartridge recycled. \u00a0See <a href=\"https:\/\/www.staples.com\/sbd\/cre\/products\/131110\/31729\" target=\"_blank\" rel=\"noopener\">https:\/\/www.staples.com\/sbd\/cre\/products\/131110\/31729<\/a> for more information.<\/p>\n\t\t\t\t<img loading=\"lazy\" decoding=\"async\" src=\"https:\/\/www.easternmennonite.org\/wp-content\/uploads\/2019\/03\/officemax.png\" alt=\"officemax\" itemprop=\"image\" height=\"193\" width=\"200\" title=\"officemax\" onerror=\"this.style.display='none'\"  \/>\n\t<p><strong>Office Depot\/OfficeMax Give Back to Schools<\/strong><\/p>\n<p>Benefits: EMS K-12 Technology, Furniture &amp; Office Supplies<\/p>\n<p>Shop at Office Depot or OfficeMax (in stores or online), and designate Eastern Mennonite School as your school to support. \u00a0OD\/OM will receive a 5% credit toward a future purchase of technology or office supplies. Use 70103918 as the School ID. \u00a0See <a href=\"https:\/\/www.officedepot.com\/l\/school-supplies\/give-back?cjdata=MXxOfDB8WXww&amp;siteid=CJ_12377198_100357191_tuid%3A07BAD6C097566C6C1C0FC64396046DBF&amp;utm_source=cj&amp;utm_medium=affiliate&amp;utm_campaign=ODOMX+Logo+200x200_Microsoft+Shopping+%28Bing+Rebates%2C+Coupons%2C+etc.%29&amp;cjevent=240b6cc5326f11ef80c801e00a82b839&amp;utm_content=na_prch_na\" target=\"_blank\" rel=\"noopener\">Give Back to Schools | office depot<\/a>\u00a0for more information.<\/p>\n\t\t\t\t<img loading=\"lazy\" decoding=\"async\" src=\"https:\/\/www.easternmennonite.org\/wp-content\/uploads\/2019\/03\/AmeriGas_image.jpg\" alt=\"AmeriGas_image\" itemprop=\"image\" height=\"210\" width=\"314\" title=\"AmeriGas_image\" onerror=\"this.style.display='none'\"  \/>\n\t<p><strong>AmeriGas School Days<\/strong><\/p>\n<p>Benefits: EMS K-12 Technology<\/p>\n<p>Save your AmeriGas receipts and bring them to the EMES or main campus office to deposit in the School Days Receipt Box. AmeriGas will total the gallons on the receipts and pay EMS $0.02 per gallon, up to a maximum of $2,000 per year! \u00a0See <a href=\"https:\/\/www.amerigas.com\/amerigas-in-the-community\">https:\/\/www.amerigas.com\/amerigas-in-the-community<\/a> for more information.<\/p>\n\t\t\t\t<img loading=\"lazy\" decoding=\"async\" src=\"https:\/\/www.easternmennonite.org\/wp-content\/uploads\/2019\/03\/ShopWithScrip-260x260.jpg\" alt=\"ShopWithScrip-260x260\" itemprop=\"image\" height=\"260\" width=\"260\" title=\"ShopWithScrip-260x260\" onerror=\"this.style.display='none'\"  \/>\n\t<p><strong>Scrip Gift Cards<\/strong><\/p>\n<p>Benefits: EMES K-5<\/p>\n<p>Order gift cards at face value to use at the places you regularly shop, or as gifts. \u00a0EMES will receive a percentage of the the value of each card purchased (varies by merchant). \u00a0See <a href=\"https:\/\/www.shopwithscrip.com\/Learn#what-is-scrip\" target=\"_blank\" rel=\"noopener\">https:\/\/www.shopwithscrip.com\/Learn#what-is-scrip<\/a> for more information.<\/p>\n\t\t\t\t<img loading=\"lazy\" decoding=\"async\" src=\"https:\/\/www.easternmennonite.org\/wp-content\/uploads\/2019\/03\/Box-Tops-For-Education-1024x515-300x150.jpg\" alt=\"Box-Tops-For-Education-1024x515\" itemprop=\"image\" height=\"150\" width=\"300\" title=\"Box-Tops-For-Education-1024x515\" onerror=\"this.style.display='none'\"  \/>\n\t<p><strong>Box Tops for Education<\/strong><\/p>\n<p>Beneficios: EMS K-12, Meta \u2013 7000 Box Tops.<\/p>\n<p>Recorte la etiqueta Box Top de cientos de productos (\u00a1muchos de los cuales no tienen cajas!) y d\u00e9jelos en EMES o en las oficinas principales del campus.  EMES recibir\u00e1 $0,10 por cada etiqueta recogida. Ver <a href=\"https:\/\/www.boxtops4education.com\/s\/how-to-earn\">https:\/\/www.boxtops4education.com\/s\/how-to-earn<\/a>\u00a0for more information.<\/p>\n\t\t\t\t<img loading=\"lazy\" decoding=\"async\" src=\"https:\/\/www.easternmennonite.org\/wp-content\/uploads\/2019\/03\/kroger-rewards.jpg\" alt=\"kroger-rewards\" itemprop=\"image\" height=\"303\" width=\"275\" title=\"kroger-rewards\" onerror=\"this.style.display='none'\"  \/>\n\t<p><strong>Kroger Plus Card for Education<\/strong><\/p>\n<p>Benefits: EMS K-12<\/p>\n<p>Reg\u00edstrese en el Servicio de Atenci\u00f3n al Cliente o en l\u00ednea. Los puntos obtenidos por EMS cuentan para el porcentaje de la distribuci\u00f3n de Kroger.<\/p>\n<p>Shopper BarCode Registration: <a href=\"https:\/\/www.kroger.com\/account\/enrollCommunityRewardsNow\" target=\"_blank\" rel=\"noopener\">krogercommunityrewards.com<\/a><\/p>\n<p>Organization number: 80518<\/p>\n<p>Point Accrual Begins: September 1, 2016<\/p>\n<p>Point Accrual Ends: August 31, 2017<\/p>\n\t\t\t\t<img loading=\"lazy\" decoding=\"async\" src=\"https:\/\/www.easternmennonite.org\/wp-content\/uploads\/2019\/03\/eco-phones.jpg\" alt=\"eco-phones\" itemprop=\"image\" height=\"188\" width=\"200\" title=\"eco-phones\" onerror=\"this.style.display='none'\"  \/>\n\t<p><strong>EcoPhones Recycling Fundraiser<\/strong><\/p>\n<p>Benefits: EMS K-12 Technology<\/p>\n<p>Bring your used cell phones, tablets, and MP3 players to the EMS main campus office. \u00a0EMS will send these items to be recycled and receive funding in return. See <a href=\"https:\/\/www.recyclingfundraiser.com\/Faq.aspx\">https:\/\/www.recyclingfundraiser.com\/Faq.aspx<\/a> for more information.<\/p>\n\t\t\t\t<img loading=\"lazy\" decoding=\"async\" src=\"https:\/\/www.easternmennonite.org\/wp-content\/uploads\/2019\/03\/everence.jpg\" alt=\"everence\" itemprop=\"image\" height=\"154\" width=\"238\" title=\"everence\" onerror=\"this.style.display='none'\"  \/>\n\t<p><strong>Support Program: Everence MyNeighbor<\/strong><\/p>\n<p>Benefits: EMS K-12<\/p>\n<p>Descripci\u00f3n:<\/p>\n<p>The MyNeighbor credit card program by Everence generates donations each time you use the personal or business credit card. \u00a0EMS will receive 1.5% of every purchase you make with the card. See <a href=\"https:\/\/www.everence.com\/myneighbor\" target=\"_blank\" rel=\"noopener\">https:\/\/www.everence.com\/myneighbor<\/a> to apply or for more information.<\/p>","protected":false},"excerpt":{"rendered":"<p>\u00a1Soporte EMS sin costo! Apoye a EMS cuando patrocine las siguientes empresas y se registre en su programa de donaciones: Comprar comestibles en Kroger Usar una impresora l\u00e1ser o de inyecci\u00f3n de tinta en casa Obtener combustible para calefacci\u00f3n de AmeriGas... y muchos otros: \u00a1consulte la lista completa a continuaci\u00f3n! Beneficios del reciclaje de tinta\/t\u00f3ner de Staples: EMS K-12...<\/p>","protected":false},"author":1,"featured_media":8891,"parent":37,"menu_order":0,"comment_status":"closed","ping_status":"closed","template":"","meta":{"_acf_changed":false,"footnotes":""},"class_list":["post-8496","page","type-page","status-publish","has-post-thumbnail","hentry"],"acf":[],"_links":{"self":[{"href":"https:\/\/www.easternmennonite.org\/es\/wp-json\/wp\/v2\/pages\/8496","targetHints":{"allow":["GET"]}}],"collection":[{"href":"https:\/\/www.easternmennonite.org\/es\/wp-json\/wp\/v2\/pages"}],"about":[{"href":"https:\/\/www.easternmennonite.org\/es\/wp-json\/wp\/v2\/types\/page"}],"author":[{"embeddable":true,"href":"https:\/\/www.easternmennonite.org\/es\/wp-json\/wp\/v2\/users\/1"}],"replies":[{"embeddable":true,"href":"https:\/\/www.easternmennonite.org\/es\/wp-json\/wp\/v2\/comments?post=8496"}],"version-history":[{"count":0,"href":"https:\/\/www.easternmennonite.org\/es\/wp-json\/wp\/v2\/pages\/8496\/revisions"}],"up":[{"embeddable":true,"href":"https:\/\/www.easternmennonite.org\/es\/wp-json\/wp\/v2\/pages\/37"}],"wp:featuredmedia":[{"embeddable":true,"href":"https:\/\/www.easternmennonite.org\/es\/wp-json\/wp\/v2\/media\/8891"}],"wp:attachment":[{"href":"https:\/\/www.easternmennonite.org\/es\/wp-json\/wp\/v2\/media?parent=8496"}],"curies":[{"name":"gracias","href":"https:\/\/api.w.org\/{rel}","templated":true}]}}