{"id":8500,"date":"2019-02-19T22:37:31","date_gmt":"2019-02-20T03:37:31","guid":{"rendered":"https:\/\/emsdev.clayshowalter.com\/?page_id=8500"},"modified":"2026-04-10T10:24:29","modified_gmt":"2026-04-10T14:24:29","slug":"admissions-online","status":"publish","type":"page","link":"https:\/\/www.easternmennonite.org\/es\/admissions\/admissions-online\/","title":{"rendered":"Aplica online"},"content":{"rendered":"<h1>\n\t\t<a href=\"https:\/\/registration.powerschool.com\/family\/gosnap.aspx?action=20322&#038;culture=en\" title=\"\"  target=\"_blank\"  rel=\"noopener\">\n\t\t\t\t\t<\/a>\n\t<\/h1>\n\t<p>\u00a1Estamos emocionados de que est\u00e9 listo para solicitar la admisi\u00f3n a Eastern Mennonite School!<\/p>\n<p>Completar una solicitud es el primer paso despu\u00e9s de haber explorado nuestro sitio web, tal vez haber visitado y decidido que le gustar\u00eda ser considerado para la admisi\u00f3n a la escuela.<\/p>\n<p>Consulte el cronograma a continuaci\u00f3n para obtener informaci\u00f3n sobre los plazos, las tarifas y el procesamiento.<\/p>\n<p><strong>Solicitantes internacionales: <\/strong>encuentre informaci\u00f3n espec\u00edfica para estudiantes internacionales <a href=\"https:\/\/www.easternmennonite.org\/es\/admissions\/international-students\/\">aqu\u00ed.<\/a> Comun\u00edquese con <a href=\"https:\/\/www.easternmennonite.org\/facultystaff\/diego-torres\/\">Diego Torres<\/a>, consejero de admisiones, con preguntas a medida que presente su solicitud.<\/p>\n<p><strong>Solicitantes nacionales:<\/strong> Una vez que haya revisado el contenido a continuaci\u00f3n, comun\u00edquese con <a href=\"https:\/\/www.easternmennonite.org\/facultystaff\/diego-torres\/\">Diego Torres<\/a>, consejera de admisiones, si tiene preguntas mientras presenta la solicitud.<\/p>\n<p><em>Aunque muchos grados de nuestra escuela primaria ya no tienen plazas disponibles, le invitamos a completar el formulario de consulta para que podamos informarle sobre las vacantes disponibles mientras planificamos nuestra futura expansi\u00f3n. Registrar su inter\u00e9s le proporcionar\u00e1 informaci\u00f3n valiosa mientras consideramos las oportunidades de crecimiento como escuela.<\/em><\/p>\n<p>Comun\u00edquese con <a href=\"https:\/\/www.easternmennonite.org\/facultystaff\/chris-eberly\/\">Chris Eberly<\/a>, Gerente de Oficina Comercial, con preguntas sobre <a href=\"https:\/\/www.easternmennonite.org\/es\/admissions\/variable-tuition-and-aid\/\">matr\u00edcula<\/a> y financiamiento.<\/p>\n<h3>\n\t\t<a href=\"https:\/\/www.easternmennonite.org\/es\/admissions\/\" title=\"Admisiones\"  target=\"_self\">\n\t\t\tAdmisiones\t\t<\/a>\n\t<\/h3>\n<h2>\n\t\t\tC\u00f3mo aplicar\t<\/h2>\n\t<p>Complete el formulario de consulta en nuestra p\u00e1gina web. <a href=\"https:\/\/www.easternmennonite.org\/es\/admissions\/visit\/\">visitar p\u00e1gina<\/a> para crear una cuenta y comenzar la solicitud de su estudiante.<\/p>\n<p>Despu\u00e9s de enviar el formulario de solicitud, regresar\u00e1 a su portal de admisiones para:<\/p>\n<ul>\n<li>Complete la lista de verificaci\u00f3n de la solicitud. Los elementos necesarios para la admisi\u00f3n var\u00edan seg\u00fan el nivel de grado.<\/li>\n<li>realice un seguimiento del estado de admisi\u00f3n de su estudiante.<\/li>\n<li>imprimir la(s) solicitud(es) completa(s)<\/li>\n<li>monitorear cuando recibimos documentos de admisi\u00f3n suplementarios.<\/li>\n<li>acceder a formularios complementarios, si es necesario.<\/li>\n<\/ul>\n<figure itemscope itemtype=\"https:\/\/schema.org\/ImageObject\">\n\t\t\t\t<img decoding=\"async\" src=\"https:\/\/www.easternmennonite.org\/wp-content\/uploads\/2019\/05\/8th-grade-snack-prep-for-elementary-1-scaled.jpg\" alt=\"Anna Haarer and 8th grade students prepare snacks for elementary students as part of Community Service Day.\" height=\"1707\" width=\"2560\" title=\"Preparaci\u00f3n de meriendas para octavo grado para primaria\" onerror=\"this.style.display='none'\" loading=\"lazy\" \/>\n\t<\/figure>\n<h2>\n\t\t\tCronograma de admisiones\t<\/h2>\n\t<p><strong>1 de noviembre \u2013 15 de febrero: Per\u00edodo de solicitud anticipada<\/strong><\/p>\n<ul>\n<li>No se aplica la tarifa de solicitud $50. La tarifa de solicitud internacional es $250.<\/li>\n<li>El mejor momento para asegurar un espacio en las aulas que pueda llenarse al m\u00e1ximo de su capacidad.<\/li>\n<li>By February 15 &#8211; Apply for <a href=\"https:\/\/www.easternmennonite.org\/es\/admissions\/variable-tuition-and-aid\/\">ayuda para la matr\u00edcula.<\/a><\/li>\n<li>El comit\u00e9 de admisiones revisar\u00e1 las solicitudes a mediados de febrero.<\/li>\n<\/ul>\n<p><strong>15 de febrero \u2013 30 de abril: Per\u00edodo regular de solicitud<\/strong><\/p>\n<ul>\n<li>Tarifa de solicitud de $50. La tarifa de solicitud internacional es $250.<\/li>\n<li>Decisi\u00f3n de admisi\u00f3n en el plazo de tres semanas desde la finalizaci\u00f3n del expediente.<\/li>\n<li>Las solicitudes de ayuda financiera recibidas despu\u00e9s del 15 de febrero se considerar\u00e1n seg\u00fan haya fondos disponibles.<\/li>\n<\/ul>\n<p><strong>1 de mayo \u2013 Verano: Per\u00edodo de solicitud de verano<\/strong><\/p>\n<ul>\n<li>Tarifa de solicitud de $50. La tarifa de solicitud internacional es $250.<\/li>\n<li>Las solicitudes permanecen abiertas; sin embargo, el proceso de admisi\u00f3n puede ser lento; la ayuda de los padres es crucial para un procesamiento oportuno.<\/li>\n<li>La entrada se ofrece seg\u00fan lo permita el espacio.<\/li>\n<li>Se considerar\u00e1n las solicitudes de ayuda para la matr\u00edcula si hay fondos disponibles.<\/li>\n<\/ul>","protected":false},"excerpt":{"rendered":"<p>We are excited that you are ready to apply for admission to Eastern Mennonite School! Completing an application is the first step after you&#8217;ve explored our website, perhaps visited, and decided you would like to be considered for admission to the school See the timeline below for information on deadlines, fees and processing. International applicants:&hellip;<\/p>","protected":false},"author":1,"featured_media":9127,"parent":75,"menu_order":0,"comment_status":"closed","ping_status":"closed","template":"","meta":{"_acf_changed":false,"footnotes":""},"class_list":["post-8500","page","type-page","status-publish","has-post-thumbnail","hentry"],"acf":[],"_links":{"self":[{"href":"https:\/\/www.easternmennonite.org\/es\/wp-json\/wp\/v2\/pages\/8500","targetHints":{"allow":["GET"]}}],"collection":[{"href":"https:\/\/www.easternmennonite.org\/es\/wp-json\/wp\/v2\/pages"}],"about":[{"href":"https:\/\/www.easternmennonite.org\/es\/wp-json\/wp\/v2\/types\/page"}],"author":[{"embeddable":true,"href":"https:\/\/www.easternmennonite.org\/es\/wp-json\/wp\/v2\/users\/1"}],"replies":[{"embeddable":true,"href":"https:\/\/www.easternmennonite.org\/es\/wp-json\/wp\/v2\/comments?post=8500"}],"version-history":[{"count":5,"href":"https:\/\/www.easternmennonite.org\/es\/wp-json\/wp\/v2\/pages\/8500\/revisions"}],"predecessor-version":[{"id":79642,"href":"https:\/\/www.easternmennonite.org\/es\/wp-json\/wp\/v2\/pages\/8500\/revisions\/79642"}],"up":[{"embeddable":true,"href":"https:\/\/www.easternmennonite.org\/es\/wp-json\/wp\/v2\/pages\/75"}],"wp:featuredmedia":[{"embeddable":true,"href":"https:\/\/www.easternmennonite.org\/es\/wp-json\/wp\/v2\/media\/9127"}],"wp:attachment":[{"href":"https:\/\/www.easternmennonite.org\/es\/wp-json\/wp\/v2\/media?parent=8500"}],"curies":[{"name":"gracias","href":"https:\/\/api.w.org\/{rel}","templated":true}]}}