{"id":8518,"date":"2019-02-19T22:52:59","date_gmt":"2019-02-20T03:52:59","guid":{"rendered":"https:\/\/emsdev.clayshowalter.com\/?page_id=8518"},"modified":"2024-10-16T10:28:38","modified_gmt":"2024-10-16T14:28:38","slug":"contact-us","status":"publish","type":"page","link":"https:\/\/www.easternmennonite.org\/es\/about\/contact-us\/","title":{"rendered":"Cont\u00e1ctenos"},"content":{"rendered":"\n\n\t<p><strong>Mailing address for K-12<\/strong><\/p>\n801 Parkwood Drive<br \/>\nHarrisonburg, Virginia 22802\n<p><strong>Office Phone Numbers<\/strong><\/p>\n<ul>\n<li>Elementary: 540-236-6001<\/li>\n<li>Front Office (middle and high school): 540-236-6000<\/li>\n<li>Admissions K-12: 540-236-6021<\/li>\n<li>Alumni and community relations: 540-236-6025<\/li>\n<li>Development office: 540-236-6024<\/li>\n<li>Media relations: 540-236-6026<\/li>\n<\/ul>\n<p><strong>Fax Number<\/strong><\/p>\n<ul>\n<li>540-236-6028<\/li>\n<\/ul>\n<p><strong>Online<\/strong><\/p>\n<ul>\n<li>Complete the form below to direct your request to a specific office.<\/li>\n<\/ul>\n\t<div class='fluentform ff-default fluentform_wrapper_3 ffs_default_wrap'><form data-form_id=\"3\" id=\"fluentform_3\" class=\"frm-fluent-form fluent_form_3 ff-el-form-top ff_form_instance_3_1 ff-form-loading ff_has_v3_recptcha ffs_default\" data-form_instance=\"ff_form_instance_3_1\" method=\"POST\" data-recptcha_key=\"6LcWjG4qAAAAABNoi6IQe0vOfNTCLCEfSkMKaclj\" ><fieldset  style=\"border: none!important;margin: 0!important;padding: 0!important;background-color: transparent!important;box-shadow: none!important;outline: none!important; min-inline-size: 100%;\">\n                    <legend class=\"ff_screen_reader_title\" style=\"display: block; margin: 0!important;padding: 0!important;height: 0!important;text-indent: -999999px;width: 0!important;overflow:hidden;\">EMS contact form<\/legend>        <div\n                style=\"display: none!important; position: absolute!important; transform: translateX(1000%)!important;\"\n                class=\"ff-el-group ff-hpsf-container\"\n        >\n            <div class=\"ff-el-input--label asterisk-right\">\n                <label for=\"ff_3_item_sf\" aria-label=\"Notify\">\n                    Notify                <\/label>\n            <\/div>\n            <div class=\"ff-el-input--content\">\n                <input type=\"text\"\n                       name=\"item_3__fluent_sf\"\n                       class=\"ff-el-form-control\"\n                       id=\"ff_3_item_sf\"\n                \/>\n            <\/div>\n        <\/div>\n        <input type='hidden' name='__fluent_form_embded_post_id' value='8518' \/><input type=\"hidden\" id=\"_fluentform_3_fluentformnonce\" name=\"_fluentform_3_fluentformnonce\" value=\"c83955de0d\" \/><input type=\"hidden\" name=\"_wp_http_referer\" value=\"\/es\/wp-json\/wp\/v2\/pages\/8518\" \/><div data-type=\"name-element\" data-name=\"names\" class=\" ff-field_container ff-name-field-wrapper\" ><div class='ff-t-container'><div class='ff-t-cell '><div class='ff-el-group ff-el-form-top'><div class=\"ff-el-input--label ff-el-is-required asterisk-right\"><label for='ff_3_names_first_name_' id='label_ff_3_names_first_name_' >First Name<\/label><\/div><div class='ff-el-input--content'><input type=\"text\" name=\"names[first_name]\" id=\"ff_3_names_first_name_\" class=\"ff-el-form-control\" placeholder=\"First Name\" aria-invalid=\"false\" aria-required=true><\/div><\/div><\/div><div class='ff-t-cell '><div class='ff-el-group ff-el-form-top'><div class=\"ff-el-input--label ff-el-is-required asterisk-right\"><label for='ff_3_names_last_name_' id='label_ff_3_names_last_name_' >Last Name<\/label><\/div><div class='ff-el-input--content'><input type=\"text\" name=\"names[last_name]\" id=\"ff_3_names_last_name_\" class=\"ff-el-form-control\" placeholder=\"Last Name\" aria-invalid=\"false\" aria-required=true><\/div><\/div><\/div><\/div><\/div><div class='ff-el-group'><div class=\"ff-el-input--label ff-el-is-required asterisk-right\"><label for='ff_3_email' id='label_ff_3_email' aria-label=\"Email\">Email<\/label><\/div><div class='ff-el-input--content'><input type=\"email\" name=\"email\" id=\"ff_3_email\" class=\"ff-el-form-control\" placeholder=\"Email Address\" data-name=\"email\"  aria-invalid=\"false\" aria-required=true><\/div><\/div><div class='ff-el-group'><div class=\"ff-el-input--label asterisk-right\"><label for='ff_3_phone' id='label_ff_3_phone' aria-label=\"Phone\/Mobile\">Phone\/Mobile<\/label><\/div><div class='ff-el-input--content'><input name=\"phone\" class=\"ff-el-form-control ff-el-phone\" type=\"tel\" placeholder=\"Mobile Number\" data-name=\"phone\" id=\"ff_3_phone\" inputmode=\"tel\"  aria-invalid='false' aria-required=false><\/div><\/div><div class='ff-el-group'><div class=\"ff-el-input--label ff-el-is-required asterisk-right\"><label for='ff_3_dropdown' id='label_ff_3_dropdown' aria-label=\"Who should receive this message?\">Who should receive this message?<\/label><\/div><div class='ff-el-input--content'><select name=\"dropdown\" id=\"ff_3_dropdown\" class=\"ff-el-form-control\" data-name=\"dropdown\" data-calc_value=\"0\"  aria-invalid=\"false\" aria-required=\"true\" aria-labelledby=\"label_ff_3_dropdown\"><option value=\"\">- Select -<\/option><option value=\"Admissions\"  >Admissions<\/option><option value=\"Alumni\"  >Alumni<\/option><option value=\"Development\"  >Development<\/option><option value=\"Front Office\"  >Front Office<\/option><option value=\"Transcripts\"  >Transcripts<\/option><option value=\"All other requests\"  >All other requests<\/option><\/select><\/div><\/div><div class='ff-el-group'><div class=\"ff-el-input--label ff-el-is-required asterisk-right\"><label for='ff_3_description' id='label_ff_3_description' aria-label=\"What is your message?\">What is your message?<\/label><\/div><div class='ff-el-input--content'><textarea aria-required=\"true\" aria-labelledby=\"label_ff_3_description\" name=\"description\" id=\"ff_3_description\" class=\"ff-el-form-control\" rows=\"3\" cols=\"2\" data-name=\"description\" ><\/textarea><\/div><\/div><div class='ff-el-group ff-text-left ff_submit_btn_wrapper'><button type=\"submit\" class=\"ff-btn ff-btn-submit ff-btn-md ff_btn_style\"  aria-label=\"Submit Form\">Submit Form<\/button><\/div><\/fieldset><\/form><div id='fluentform_3_errors' class='ff-errors-in-stack ff_form_instance_3_1 ff-form-loading_errors ff_form_instance_3_1_errors'><\/div><\/div>            <script type=\"text\/javascript\">\n                window.fluent_form_ff_form_instance_3_1 = {\"id\":\"3\",\"settings\":{\"layout\":{\"labelPlacement\":\"top\",\"helpMessagePlacement\":\"with_label\",\"errorMessagePlacement\":\"inline\",\"cssClassName\":\"\",\"asteriskPlacement\":\"asterisk-right\"},\"restrictions\":{\"denyEmptySubmission\":{\"enabled\":false}}},\"form_instance\":\"ff_form_instance_3_1\",\"form_id_selector\":\"fluentform_3\",\"rules\":{\"names[first_name]\":{\"required\":{\"value\":true,\"message\":\"This field is required\",\"global_message\":\"This field is required\",\"global\":true}},\"names[middle_name]\":{\"required\":{\"value\":false,\"message\":\"This field is required\",\"global_message\":\"This field is required\",\"global\":true}},\"names[last_name]\":{\"required\":{\"value\":true,\"message\":\"This field is required\",\"global_message\":\"This field is required\",\"global\":true}},\"email\":{\"required\":{\"value\":true,\"message\":\"This field is required\",\"global_message\":\"This field is required\",\"global\":true},\"email\":{\"value\":true,\"message\":\"This field must contain a valid email\",\"global_message\":\"This field must contain a valid email\",\"global\":true}},\"phone\":{\"required\":{\"value\":false,\"global\":true,\"message\":\"This field is required\",\"global_message\":\"This field is required\"},\"valid_phone_number\":{\"value\":false,\"global\":true,\"message\":\"Phone number is not valid\",\"global_message\":\"Phone number is not valid\"}},\"dropdown\":{\"required\":{\"value\":true,\"message\":\"This field is required\",\"global_message\":\"This field is required\",\"global\":true}},\"description\":{\"required\":{\"value\":true,\"message\":\"This field is required\",\"global_message\":\"This field is required\",\"global\":true}},\"g-recaptcha-response\":[]},\"debounce_time\":300};\n                            <\/script>\n            \n\t<p><strong>School Leadership<\/strong><\/p>\n<ul>\n<li><a href=\"https:\/\/www.easternmennonite.org\/facultystaff\/paul-leaman\/\">Paul Leaman<\/a>, Head of School: 540-236-6012<\/li>\n<li><a href=\"https:\/\/www.easternmennonite.org\/facultystaff\/maria-archer\/\">Maria Archer<\/a>, Elementary Principal: 540-236-6002<\/li>\n<li><a href=\"https:\/\/www.easternmennonite.org\/facultystaff\/erika-gascho\/\">Erika Gascho<\/a>, Middle School Principal: 540-236-6020<\/li>\n<li><a href=\"https:\/\/www.easternmennonite.org\/facultystaff\/justin-king\/\">Justin King<\/a>, High School Principal: 540-236-6013<\/li>\n<\/ul>\n<p>See the <strong><a href=\"https:\/\/www.easternmennonite.org\/about\/faculty-staff\/\">faculty and staff directory<\/a><\/strong> for other contact information.<\/p>\n\t\t\t\t<img loading=\"lazy\" decoding=\"async\" src=\"https:\/\/www.easternmennonite.org\/wp-content\/uploads\/2019\/03\/facility-rental-2-300x200.jpg\" alt=\"Dining hall seats up to 250 in various configurations.\" itemprop=\"image\" height=\"200\" width=\"300\" title=\"Dining hall\" onerror=\"this.style.display='none'\"  \/>\n\t\t\t<a href=\"https:\/\/www.easternmennonite.org\/renting-space-at-ems\/\" target=\"_self\" rel=\"noopener\">\n\t\t\t\t\t\t\tFacility Rental\n\t\t\t\t\t<\/a>\n\n","protected":false},"excerpt":{"rendered":"<p>Direcci\u00f3n postal para K-12 801 Parkwood Drive Harrisonburg, Virginia 22802 N\u00fameros de tel\u00e9fono de la oficina Primaria: 540-236-6001 Oficina principal (escuela secundaria y preparatoria): 540-236-6000 Admisiones K-12: 540-236-6021 Relaciones con los exalumnos y la comunidad: 540-236-6025 Oficina de desarrollo: 540-236-6024 Relaciones con los medios: 540-236-6026 N\u00famero de fax 540-236-6028 En l\u00ednea Complete el formulario a continuaci\u00f3n para dirigir su solicitud a una oficina espec\u00edfica. Liderazgo escolar Paul\u2026<\/p>","protected":false},"author":1,"featured_media":9469,"parent":74,"menu_order":0,"comment_status":"closed","ping_status":"closed","template":"","meta":{"_acf_changed":false,"footnotes":""},"class_list":["post-8518","page","type-page","status-publish","has-post-thumbnail","hentry"],"acf":[],"_links":{"self":[{"href":"https:\/\/www.easternmennonite.org\/es\/wp-json\/wp\/v2\/pages\/8518","targetHints":{"allow":["GET"]}}],"collection":[{"href":"https:\/\/www.easternmennonite.org\/es\/wp-json\/wp\/v2\/pages"}],"about":[{"href":"https:\/\/www.easternmennonite.org\/es\/wp-json\/wp\/v2\/types\/page"}],"author":[{"embeddable":true,"href":"https:\/\/www.easternmennonite.org\/es\/wp-json\/wp\/v2\/users\/1"}],"replies":[{"embeddable":true,"href":"https:\/\/www.easternmennonite.org\/es\/wp-json\/wp\/v2\/comments?post=8518"}],"version-history":[{"count":0,"href":"https:\/\/www.easternmennonite.org\/es\/wp-json\/wp\/v2\/pages\/8518\/revisions"}],"up":[{"embeddable":true,"href":"https:\/\/www.easternmennonite.org\/es\/wp-json\/wp\/v2\/pages\/74"}],"wp:featuredmedia":[{"embeddable":true,"href":"https:\/\/www.easternmennonite.org\/es\/wp-json\/wp\/v2\/media\/9469"}],"wp:attachment":[{"href":"https:\/\/www.easternmennonite.org\/es\/wp-json\/wp\/v2\/media?parent=8518"}],"curies":[{"name":"gracias","href":"https:\/\/api.w.org\/{rel}","templated":true}]}}