{"id":8524,"date":"2026-02-04T23:02:31","date_gmt":"2026-02-05T04:02:31","guid":{"rendered":"https:\/\/emsdev.clayshowalter.com\/?page_id=8524"},"modified":"2026-04-02T15:16:47","modified_gmt":"2026-04-02T19:16:47","slug":"golf-tournament","status":"publish","type":"page","link":"https:\/\/www.easternmennonite.org\/es\/alumni\/golf-tournament\/","title":{"rendered":"Torneo de golf"},"content":{"rendered":"<h2><img loading=\"lazy\" decoding=\"async\" src=\"https:\/\/www.easternmennonite.org\/wp-content\/uploads\/2026\/03\/ForeTheFlames-300x169.png\" alt=\"\" width=\"470\" height=\"265\" \/><\/h2>\n\n<h2>Viernes 1 de mayo de 2026<br \/>\nHeritage Oaks Golf Course<br \/>\nHarrisonburg, Virginia<\/h2>\n\t\t\t<a href=\"https:\/\/app.dvforms.net\/api\/dv\/p6w4qy\"  target=\"_blank\" rel=\"noopener\">\n\t\t\t\t\t\t\u00a1Reg\u00edstrate aqu\u00ed!\n\t\t\t\t\t<\/a>\n\t\t\t<a href=\"https:\/\/app.dvforms.net\/api\/dv\/p6w4qy\"  target=\"_blank\" rel=\"noopener\">\n\t\t\t\t\t\t\u00a1Patrocina hoy!\n\t\t\t\t\t<\/a>\n\t<h2>\u00a1Reg\u00edstrate para jugar en el Torneo de Golf EMS!<\/h2>\n<p>Disfrute de un d\u00eda en el campo con amigos o colegas mientras apoya a nuestros atletas y estudiantes que reciben ayuda financiera. Los estudiantes atletas se benefician de la financiaci\u00f3n de costos esenciales como uniformes, equipo y apoyo profesional. Obtenga m\u00e1s informaci\u00f3n sobre nuestra <a href=\"https:\/\/www.easternmennonite.org\/es\/athletics\/\" target=\"_blank\" rel=\"noopener\">programa de atletismo<\/a>. Aproximadamente el 31% de nuestros estudiantes reciben ayuda financiera. \u00a1Y los exalumnos se benefician de mayores conexiones dentro de nuestra comunidad!<\/p>\n<p>Su registro de $125 incluye honorarios de green, carrito, bolas de rango, 1 power ball, 2 mulligans y almuerzo. <a href=\"https:\/\/app.donorview.com\/kJZO\" target=\"_blank\" rel=\"noopener\">Inscribirse<\/a> \u00a1Para recibir actualizaciones por correo electr\u00f3nico para asegurarse de recibir informaci\u00f3n sobre el torneo!<\/p>\n<p>\u00bfEst\u00e1 interesado en patrocinio y beneficios como conectarse con nuestros jugadores y empresas locales, adem\u00e1s de apoyar a EMS? <a href=\"https:\/\/www.easternmennonite.org\/facultystaff\/trisha-blosser\/\">Contact us!<\/a><\/p>\n\t<h3>Calendario del torneo:<\/h3>\n7:30 AM Inscripci\u00f3n<br \/>\nVuelo matutino a las 8 a. m. \u2013 Salida simult\u00e1nea<br \/>\n12 \u2013 1 PM Almuerzo<br \/>\nRegistro a las 12 PM<br \/>\n1:00 p. m. Vuelo de la tarde \u2013 Salida simult\u00e1nea\n\t<h3><strong>Lunch Menu &#8211; Hank&#8217;s Grille &amp; Catering<\/strong><\/h3>\n<ul>\n<li>&#8220;Pit to Plate&#8221; Pork BBQ <em>Novia<\/em><\/li>\n<li>Pollo a la parrilla marinado con enebro <em>Novia<\/em><\/li>\n<li>Macarrones con queso al horno<\/li>\n<li>Jud\u00edas verdes con hierbas y ajo<em>\u00a0V<\/em><\/li>\n<li>Ensalada de col y encurtidos caseros<\/li>\n<li>Jambalaya* de verduras asadas con tofu <em>V GF<br \/>\n<\/em><em>*disponible con solicitud previa<\/em><\/li>\n<li>Barras de postre variadas y galletas<\/li>\n<\/ul>\n\n\t<h3>Equipo de planificaci\u00f3n de golf 2026<\/h3>\nSteve Burkholder (Presidente)<br \/>\nJustin Beeker<br \/>\nCanessa Collins<br \/>\nTim Leach<br \/>\nEric Martin &#039;72<br \/>\nJustin Reesor<br \/>\nMeade Slonaker &#039;20<br \/>\nAd\u00e1n Savanick<br \/>\nJoel Shank &#039;02<br \/>\nLisa Shank<br \/>\nStacy Shiflet<br \/>\nEl truco de Kelsey Swartzen<br \/>\nKameron Tucker<br \/>\nPersonal de emergencias m\u00e9dicas: Trisha Maust &#039;95 Blosser, Erin Kennedy Hess, Andrew Gascho y Paul Leaman\n\t<h3><strong>Reglas del torneo<\/strong><\/h3>\n<ul>\n<li>2 Mulligans por jugador. Se pueden utilizar en un drive, fairway o putting green, pero no en hoyos de premio. Las mujeres tienen 3 Mulligans en lugar de la Power Ball.<\/li>\n<li>1 Powerball per player &#8211; may move to the green tee.<\/li>\n<li>Los hombres juegan desde los tees negros, los mayores (70+) desde los tees blancos y las mujeres desde los tees verdes. Los mayores (80+) con un h\u00e1ndicap mayor a 10 pueden jugar desde los tees verdes.<\/li>\n<li>Se debe incluir al menos un golpe de salida por jugador. Un palo de golf en el fairway y en el rough, no m\u00e1s cerca del hoyo. No se puede mover del rough al fairway. Rastrille y coloque en las trampas de arena. Coloque la bola en el green.<\/li>\n<li>Puntuaci\u00f3n: Puntuaci\u00f3n m\u00e1xima del par.<\/li>\n<li>Please keep the play moving. This course takes approximately 4 hours. Keep up with the team ahead of you. If you lose a ball, look, but don&#8217;t linger.<\/li>\n<li>Los empates se decidir\u00e1n seg\u00fan las puntuaciones en el hoyo con el h\u00e1ndicap m\u00e1s bajo.<\/li>\n<\/ul>\n<p>&nbsp;<\/p>\n<h2>\n\t\t\tGRACIAS A NUESTROS PATROCINADORES DE 2026\t<\/h2>\n<h3>\n\t\t\tPatrocinador principal\t<\/h3>\n<figure itemscope itemtype=\"https:\/\/schema.org\/ImageObject\">\n\t\t\t\t<img decoding=\"async\" src=\"https:\/\/www.easternmennonite.org\/wp-content\/uploads\/2025\/03\/ldb_logo-transparent.png\" alt=\"ldb_logo transparent\" height=\"145\" width=\"217\" title=\"ldb_logo transparente\" onerror=\"this.style.display='none'\" loading=\"lazy\" \/>\n\t<\/figure>\n<figure itemscope itemtype=\"https:\/\/schema.org\/ImageObject\">\n\t\t\t\t<img decoding=\"async\" src=\"https:\/\/www.easternmennonite.org\/wp-content\/uploads\/2023\/02\/ERIETwoColorNoTag-300x118.png\" alt=\"Erie Insurance Logo\" height=\"118\" width=\"300\" title=\"ERIIEdos coloressin etiqueta\" onerror=\"this.style.display='none'\" loading=\"lazy\" \/>\n\t<\/figure>\n<h3>\n\t\t\tFamilia de las llamas\t<\/h3>\n<figure itemscope itemtype=\"https:\/\/schema.org\/ImageObject\">\n\t\t\t\t<img decoding=\"async\" src=\"https:\/\/www.easternmennonite.org\/wp-content\/uploads\/2024\/03\/Rockingham-Redi-Mix-Logo-300x148.png\" alt=\"Rockingham Redi-Mix Logo\" height=\"148\" width=\"300\" title=\"Logotipo de Rockingham Redi-Mix\" onerror=\"this.style.display='none'\" loading=\"lazy\" \/>\n\t<\/figure>\n<h3>\n\t\t\tPatrocinadores exclusivos\t<\/h3>\n<figure itemscope itemtype=\"https:\/\/schema.org\/ImageObject\">\n\t\t\t\t<img decoding=\"async\" src=\"https:\/\/www.easternmennonite.org\/wp-content\/uploads\/2025\/03\/Partners-50th-Logo-Full-Width-300x64.png\" alt=\"Partners 50th Logo Full Width\" height=\"64\" width=\"300\" title=\"Logotipo del 50.\u00ba aniversario de Partners en ancho completo\" onerror=\"this.style.display='none'\" loading=\"lazy\" \/>\n\t<\/figure>\n<figure itemscope itemtype=\"https:\/\/schema.org\/ImageObject\">\n\t\t\t\t<img decoding=\"async\" src=\"https:\/\/www.easternmennonite.org\/wp-content\/uploads\/2025\/03\/3.-Logo-300x156.jpg\" alt=\"3. Blauch Brothers Logo\" height=\"156\" width=\"300\" title=\"3. Logotipo de Blauch Brothers\" onerror=\"this.style.display='none'\" loading=\"lazy\" \/>\n\t<\/figure>\n<figure itemscope itemtype=\"https:\/\/schema.org\/ImageObject\">\n\t\t\t\t<img decoding=\"async\" src=\"https:\/\/www.easternmennonite.org\/wp-content\/uploads\/2026\/04\/Woodstone-Meadows-GC-Logo-300x211.jpg\" alt=\"Woodstone Meadows GC Logo\" height=\"211\" width=\"300\" title=\"Logotipo del club de golf Woodstone Meadows\" onerror=\"this.style.display='none'\" loading=\"lazy\" \/>\n\t<\/figure>\n<figure itemscope itemtype=\"https:\/\/schema.org\/ImageObject\">\n\t\t\t\t<img decoding=\"async\" src=\"https:\/\/www.easternmennonite.org\/wp-content\/uploads\/2019\/04\/Momentum.jpg\" alt=\"Momentum\" height=\"155\" width=\"200\" title=\"Impulso\" onerror=\"this.style.display='none'\" loading=\"lazy\" \/>\n\t<\/figure>\n<figure itemscope itemtype=\"https:\/\/schema.org\/ImageObject\">\n\t\t\t\t<img decoding=\"async\" src=\"https:\/\/www.easternmennonite.org\/wp-content\/uploads\/2026\/02\/Weiler-Horizontal-Logo-300x91.jpg\" alt=\"Weiler Horizontal Logo\" height=\"91\" width=\"300\" title=\"Logotipo horizontal de Weiler\" onerror=\"this.style.display='none'\" loading=\"lazy\" \/>\n\t<\/figure>\n<figure itemscope itemtype=\"https:\/\/schema.org\/ImageObject\">\n\t\t\t\t<img decoding=\"async\" src=\"https:\/\/www.easternmennonite.org\/wp-content\/uploads\/2019\/04\/WeaversFlooring.2-300x95.jpg\" alt=\"Weaver&#039;s Flooring\" height=\"95\" width=\"300\" title=\"Pisos Weaver&#039;s\" onerror=\"this.style.display='none'\" loading=\"lazy\" \/>\n\t<\/figure>\n<h1>\n\t\t\tEdgar y Char Miller\t<\/h1>\n<figure itemscope itemtype=\"https:\/\/schema.org\/ImageObject\">\n\t\t\t\t<img decoding=\"async\" src=\"https:\/\/www.easternmennonite.org\/wp-content\/uploads\/2026\/02\/image001.gif\" alt=\"PBMares\" height=\"48\" width=\"153\" title=\"PBMares\" onerror=\"this.style.display='none'\" loading=\"lazy\" \/>\n\t<\/figure>\n<figure itemscope itemtype=\"https:\/\/schema.org\/ImageObject\">\n\t\t\t\t<img decoding=\"async\" src=\"https:\/\/www.easternmennonite.org\/wp-content\/uploads\/2025\/12\/RFS-Logo-transparent-background-300x150.png\" alt=\"Riverside Family Logo transparent background\" height=\"150\" width=\"300\" title=\"Logotipo de la familia Riverside con fondo transparente\" onerror=\"this.style.display='none'\" loading=\"lazy\" \/>\n\t<\/figure>\n<h3>\n\t\t\tPatrocinios de hoyos\t<\/h3>\n<figure itemscope itemtype=\"https:\/\/schema.org\/ImageObject\">\n\t\t\t\t<img decoding=\"async\" src=\"https:\/\/www.easternmennonite.org\/wp-content\/uploads\/2026\/03\/AM-Yoder-Cabinetworks-300x200.jpg\" alt=\"AM Yoder Cabinetworks\" height=\"200\" width=\"300\" title=\"Ebanister\u00eda AM Yoder\" onerror=\"this.style.display='none'\" loading=\"lazy\" \/>\n\t<\/figure>\n<figure itemscope itemtype=\"https:\/\/schema.org\/ImageObject\">\n\t\t\t\t<img decoding=\"async\" src=\"https:\/\/www.easternmennonite.org\/wp-content\/uploads\/2024\/02\/MAPLEWOOD-VALLEY-2023-DTF_300x175.jpg\" alt=\"MAPLEWOOD VALLEY 2023 DTF_300x175\" height=\"175\" width=\"250\" title=\"VALLE DE MAPLEWOOD 2023 DTF_300x175\" onerror=\"this.style.display='none'\" loading=\"lazy\" \/>\n\t<\/figure>\n<figure itemscope itemtype=\"https:\/\/schema.org\/ImageObject\">\n\t\t\t\t<img decoding=\"async\" src=\"https:\/\/www.easternmennonite.org\/wp-content\/uploads\/2022\/02\/Harman-High-Res.-Logo-with-ESOP-300x120.jpg\" alt=\"Harman High.2022. Res. Logo with ESOP\" height=\"120\" width=\"300\" title=\"Harman High.2022. Logotipo de Res. con ESOP\" onerror=\"this.style.display='none'\" loading=\"lazy\" \/>\n\t<\/figure>\n<figure itemscope itemtype=\"https:\/\/schema.org\/ImageObject\">\n\t\t\t\t<img decoding=\"async\" src=\"https:\/\/www.easternmennonite.org\/wp-content\/uploads\/2019\/04\/ParkViewLogo-300x75.jpg\" alt=\"Park View Federal Credit Union\" height=\"75\" width=\"300\" title=\"Park View Federal Credit Union\" onerror=\"this.style.display='none'\" loading=\"lazy\" \/>\n\t<\/figure>\n<figure itemscope itemtype=\"https:\/\/schema.org\/ImageObject\">\n\t\t\t\t<img decoding=\"async\" src=\"https:\/\/www.easternmennonite.org\/wp-content\/uploads\/2025\/03\/BRC-Anniversary-Badge-4C-Primary-300x300.png\" alt=\"BRC Anniversary Badge - 4C - Primary\" height=\"300\" width=\"300\" title=\"Insignia de aniversario de BRC - 4C - Primaria\" onerror=\"this.style.display='none'\" loading=\"lazy\" \/>\n\t<\/figure>\n<h1>\n\t\t\tFamilia McEneely\t<\/h1>\n<figure itemscope itemtype=\"https:\/\/schema.org\/ImageObject\">\n\t\t\t\t<img decoding=\"async\" src=\"https:\/\/www.easternmennonite.org\/wp-content\/uploads\/2020\/03\/Park-Rose-Village-300x85.jpg\" alt=\"Park Rose Village\" height=\"85\" width=\"300\" title=\"Park Rose Village\" onerror=\"this.style.display='none'\" loading=\"lazy\" \/>\n\t<\/figure>\n<figure itemscope itemtype=\"https:\/\/schema.org\/ImageObject\">\n\t\t\t\t<img decoding=\"async\" src=\"https:\/\/www.easternmennonite.org\/wp-content\/uploads\/2024\/02\/R.S.-Monger-350X112-300x96.jpg\" alt=\"R.S. Monger 350X112\" height=\"96\" width=\"300\" title=\"RS Monger 350X112\" onerror=\"this.style.display='none'\" loading=\"lazy\" \/>\n\t<\/figure>\n<figure itemscope itemtype=\"https:\/\/schema.org\/ImageObject\">\n\t\t\t\t<img decoding=\"async\" src=\"https:\/\/www.easternmennonite.org\/wp-content\/uploads\/2026\/04\/Woodstone-Meadows-GC-Logo-300x211.jpg\" alt=\"Woodstone Meadows GC Logo\" height=\"211\" width=\"300\" title=\"Logotipo del club de golf Woodstone Meadows\" onerror=\"this.style.display='none'\" loading=\"lazy\" \/>\n\t<\/figure>\n<figure itemscope itemtype=\"https:\/\/schema.org\/ImageObject\">\n\t\t\t\t<img decoding=\"async\" src=\"https:\/\/www.easternmennonite.org\/wp-content\/uploads\/2019\/04\/InterChange-300x47.jpg\" alt=\"InterChange\" height=\"47\" width=\"300\" title=\"Intercambio\" onerror=\"this.style.display='none'\" loading=\"lazy\" \/>\n\t<\/figure>\n<figure itemscope itemtype=\"https:\/\/schema.org\/ImageObject\">\n\t\t\t\t<img decoding=\"async\" src=\"https:\/\/www.easternmennonite.org\/wp-content\/uploads\/2025\/03\/2025.BWW_WIDE_2-COLOR-2-300x160.png\" alt=\"2025.BWW_WIDE_2-COLOR (2)\" height=\"160\" width=\"300\" title=\"2025.BWW_ANCHO_2-COLOR (2)\" onerror=\"this.style.display='none'\" loading=\"lazy\" \/>\n\t<\/figure>\n<figure itemscope itemtype=\"https:\/\/schema.org\/ImageObject\">\n\t\t\t\t<img decoding=\"async\" src=\"https:\/\/www.easternmennonite.org\/wp-content\/uploads\/2026\/04\/Mountain-Greens-GC-retroLogo-300x282.jpg\" alt=\"Mountain Greens GC (retro)Logo\" height=\"282\" width=\"300\" title=\"Logotipo (retro) de Mountain Greens GC\" onerror=\"this.style.display='none'\" loading=\"lazy\" \/>\n\t<\/figure>\n<figure itemscope itemtype=\"https:\/\/schema.org\/ImageObject\">\n\t\t\t\t<img decoding=\"async\" src=\"https:\/\/www.easternmennonite.org\/wp-content\/uploads\/2021\/03\/Schlabach-1507744_orig-300x150.jpg\" alt=\"Schlabach 1507744_orig\" height=\"150\" width=\"300\" title=\"Schlabach 1507744_orig\" onerror=\"this.style.display='none'\" loading=\"lazy\" \/>\n\t<\/figure>\n<h1>\n\t\t\tThe Graves Family\t<\/h1>\n<figure itemscope itemtype=\"https:\/\/schema.org\/ImageObject\">\n\t\t\t\t<img decoding=\"async\" src=\"https:\/\/www.easternmennonite.org\/wp-content\/uploads\/2019\/04\/Venture-Builders-Logo-300x96.png\" alt=\"Venture Builders Logo\" height=\"96\" width=\"300\" onerror=\"this.style.display='none'\" loading=\"lazy\" \/>\n\t<\/figure>\n<figure itemscope itemtype=\"https:\/\/schema.org\/ImageObject\">\n\t\t\t\t<img decoding=\"async\" src=\"https:\/\/www.easternmennonite.org\/wp-content\/uploads\/2025\/09\/Herr.WhiteBackground-300x160.png\" alt=\"Herr.WhiteBackground\" height=\"160\" width=\"300\" title=\"Se\u00f1or Fondo Blanco\" onerror=\"this.style.display='none'\" loading=\"lazy\" \/>\n\t<\/figure>\n<figure itemscope itemtype=\"https:\/\/schema.org\/ImageObject\">\n\t\t\t\t<img decoding=\"async\" src=\"https:\/\/www.easternmennonite.org\/wp-content\/uploads\/2026\/02\/Funkhouser-Real-Estate-Logo-300x232.png\" alt=\"Funkhouser Real Estate Logo\" height=\"232\" width=\"300\" title=\"Logotipo de Funkhouser Real Estate\" onerror=\"this.style.display='none'\" loading=\"lazy\" \/>\n\t<\/figure>\n<h3>\n\t\t\tPatrocinios de apoyo\t<\/h3>\n<figure itemscope itemtype=\"https:\/\/schema.org\/ImageObject\">\n\t\t\t\t<img decoding=\"async\" src=\"https:\/\/www.easternmennonite.org\/wp-content\/uploads\/2024\/04\/Suter-Eng-Logo-basic-tall-Large-300x130.png\" alt=\"Suter Eng Logo - basic-tall - Large\" height=\"130\" width=\"300\" title=\"Logotipo de Suter Eng - b\u00e1sico-alto - Grande\" onerror=\"this.style.display='none'\" loading=\"lazy\" \/>\n\t<\/figure>\n<figure itemscope itemtype=\"https:\/\/schema.org\/ImageObject\">\n\t\t\t\t<img decoding=\"async\" src=\"https:\/\/www.easternmennonite.org\/wp-content\/uploads\/2025\/03\/VMRC-Logo-RGB.Banner-300x119.jpg\" alt=\"VMRC.Basic RGB\" height=\"119\" width=\"300\" title=\"VMRC.RGB b\u00e1sico\" onerror=\"this.style.display='none'\" loading=\"lazy\" \/>\n\t<\/figure>\n<h1>\n\t\t\tHigdon Electric\t<\/h1>\n<h2>\n\t\t\tTaller de gabinetes de molino\t<\/h2>\n<figure itemscope itemtype=\"https:\/\/schema.org\/ImageObject\">\n\t\t\t\t<img decoding=\"async\" src=\"https:\/\/www.easternmennonite.org\/wp-content\/uploads\/2025\/03\/DCBLogo-Textured-300x111.png\" alt=\"DCBLogo Textured\" height=\"111\" width=\"300\" title=\"Logotipo DCB texturizado\" onerror=\"this.style.display='none'\" loading=\"lazy\" \/>\n\t<\/figure>\n<h3>\n\t\t\tPatrocinadores en especie\t<\/h3>\n<figure itemscope itemtype=\"https:\/\/schema.org\/ImageObject\">\n\t\t\t\t<img decoding=\"async\" src=\"https:\/\/www.easternmennonite.org\/wp-content\/uploads\/2023\/02\/WBTX-50-Years-logo-ALT2023-300x131.png\" alt=\"WBTX 50 Years logo ALT2023\" height=\"131\" width=\"300\" title=\"Logotipo de 50 a\u00f1os de WBTX ALT2023\" onerror=\"this.style.display='none'\" loading=\"lazy\" \/>\n\t<\/figure>\n<figure itemscope itemtype=\"https:\/\/schema.org\/ImageObject\">\n\t\t\t\t<img decoding=\"async\" src=\"https:\/\/www.easternmennonite.org\/wp-content\/plugins\/bb-plugin\/img\/pixel.png\" alt=\"\" onerror=\"this.style.display='none'\" loading=\"lazy\" \/>\n\t<\/figure>\n<figure itemscope itemtype=\"https:\/\/schema.org\/ImageObject\">\n\t\t\t\t<img decoding=\"async\" src=\"https:\/\/www.easternmennonite.org\/wp-content\/uploads\/2020\/03\/pepsi.jpg\" alt=\"pepsi\" height=\"100\" width=\"140\" title=\"pepsi\" onerror=\"this.style.display='none'\" loading=\"lazy\" \/>\n\t<\/figure>\n<figure itemscope itemtype=\"https:\/\/schema.org\/ImageObject\">\n\t\t\t\t<img decoding=\"async\" src=\"https:\/\/www.easternmennonite.org\/wp-content\/uploads\/2021\/02\/Eddie-Edwards-Signs-from-web-300x90.jpg\" alt=\"Eddie Edwards Signs - from web\" height=\"90\" width=\"300\" title=\"Signos de Eddie Edwards - de la web\" onerror=\"this.style.display='none'\" loading=\"lazy\" \/>\n\t<\/figure>\n\t<br \/>\n<strong>abril sachs<\/strong><br \/>\n<strong>Clase de nutrici\u00f3n de ciencias de los alimentos de EMHS<\/strong>\n<p>&nbsp;<\/p>\n<figure itemscope itemtype=\"https:\/\/schema.org\/ImageObject\">\n\t\t\t\t<img decoding=\"async\" src=\"https:\/\/www.easternmennonite.org\/wp-content\/plugins\/bb-plugin\/img\/pixel.png\" alt=\"\" onerror=\"this.style.display='none'\" loading=\"lazy\" \/>\n\t<\/figure>","protected":false},"excerpt":{"rendered":"<p>Friday, May 1, 2026 Heritage Oaks Golf Course Harrisonburg, VA Register Here! Sponsor today! Register to play in the EMS Golf Tournament! Enjoy a day on the greens with friends or colleagues while supporting our athletes and students who receive financial aid. Student athletes benefit from funding for essential costs like uniforms, equipment, and professional&hellip;<\/p>","protected":false},"author":1,"featured_media":9800,"parent":9802,"menu_order":0,"comment_status":"closed","ping_status":"closed","template":"","meta":{"_acf_changed":false,"footnotes":""},"class_list":["post-8524","page","type-page","status-publish","has-post-thumbnail","hentry"],"acf":[],"_links":{"self":[{"href":"https:\/\/www.easternmennonite.org\/es\/wp-json\/wp\/v2\/pages\/8524","targetHints":{"allow":["GET"]}}],"collection":[{"href":"https:\/\/www.easternmennonite.org\/es\/wp-json\/wp\/v2\/pages"}],"about":[{"href":"https:\/\/www.easternmennonite.org\/es\/wp-json\/wp\/v2\/types\/page"}],"author":[{"embeddable":true,"href":"https:\/\/www.easternmennonite.org\/es\/wp-json\/wp\/v2\/users\/1"}],"replies":[{"embeddable":true,"href":"https:\/\/www.easternmennonite.org\/es\/wp-json\/wp\/v2\/comments?post=8524"}],"version-history":[{"count":6,"href":"https:\/\/www.easternmennonite.org\/es\/wp-json\/wp\/v2\/pages\/8524\/revisions"}],"predecessor-version":[{"id":79611,"href":"https:\/\/www.easternmennonite.org\/es\/wp-json\/wp\/v2\/pages\/8524\/revisions\/79611"}],"up":[{"embeddable":true,"href":"https:\/\/www.easternmennonite.org\/es\/wp-json\/wp\/v2\/pages\/9802"}],"wp:featuredmedia":[{"embeddable":true,"href":"https:\/\/www.easternmennonite.org\/es\/wp-json\/wp\/v2\/media\/9800"}],"wp:attachment":[{"href":"https:\/\/www.easternmennonite.org\/es\/wp-json\/wp\/v2\/media?parent=8524"}],"curies":[{"name":"gracias","href":"https:\/\/api.w.org\/{rel}","templated":true}]}}