{"id":9076,"date":"2019-03-07T13:40:31","date_gmt":"2019-03-07T18:40:31","guid":{"rendered":"https:\/\/emsdev.clayshowalter.com\/?page_id=9076"},"modified":"2024-08-28T14:22:09","modified_gmt":"2024-08-28T18:22:09","slug":"renting-space-at-ems","status":"publish","type":"page","link":"https:\/\/www.easternmennonite.org\/es\/renting-space-at-ems\/","title":{"rendered":"Alquiler de instalaciones"},"content":{"rendered":"<p>Comprometidos con la buena administraci\u00f3n de nuestras instalaciones y el fortalecimiento de las relaciones con las personas y organizaciones de nuestra comunidad, ofrecemos m\u00faltiples locales en alquiler durante el verano y las horas no lectivas. Las instalaciones incluyen:<\/p>\n<ul>\n<li>un auditorio de 660 plazas con un gran escenario, proyecci\u00f3n, caja de resonancia y zona de bastidores (asientos equipados con Biblias e Hymnal: A Worship Book).<\/li>\n<li>un vest\u00edbulo auditorio con grandes ventanales (luz natural en horas diurnas) con capacidad para acoger una peque\u00f1a reuni\u00f3n de tertulia.<\/li>\n<li>un comedor con capacidad para 250 personas en m\u00faltiples configuraciones.<\/li>\n<li>un vest\u00edbulo comedor con acceso a los aseos con capacidad para 50 personas en m\u00faltiples configuraciones.<\/li>\n<li>un peque\u00f1o auditorio con capacidad para 250 personas, que incluye acceso a un patio exterior con hoguera.<\/li>\n<li>un gimnasio completo equipado con seis canchas de baloncesto o dos de voleibol y vestuarios.<\/li>\n<li>M\u00faltiples campos de atletismo, incluidos los de f\u00fatbol, softball y b\u00e9isbol, con acceso a aseos.<\/li>\n<li>aulas de varios tama\u00f1os, algunas equipadas con proyecci\u00f3n, y una con cocina.<\/li>\n<\/ul>\n<p>Tambi\u00e9n ofrecemos servicios de catering para banquetes desde nuestra gran cocina comercial o en colaboraci\u00f3n con <a href=\"https:\/\/abowlofgood.com\/\">Un cuenco del bien\u00a0<\/a> restaurante, situado en las inmediaciones.<\/p>\n<p>Para visitar el espacio, discutir los detalles o concertar el alquiler, p\u00f3ngase en contacto con Chris Eberly de nuestra oficina comercial en el 540-236-6035 o en el <a href=\"mailto:eberlyc@easternmennonite.org\">eberlyc@easternmennonite.org.<\/a><\/p>\n<p>&nbsp;<\/p>","protected":false},"excerpt":{"rendered":"<p>Comprometidos con la buena administraci\u00f3n de nuestras instalaciones y el fortalecimiento de las relaciones con personas y organizaciones de nuestra comunidad, ofrecemos m\u00faltiples lugares para alquilar durante el verano y en horario no escolar. Las instalaciones incluyen: un auditorio de 660 asientos con un gran escenario para presentaciones, proyecci\u00f3n, caja de resonancia y \u00e1rea detr\u00e1s del escenario (asientos equipados con Biblias e Himnario: Un libro de adoraci\u00f3n). un vest\u00edbulo de auditorio\u2026<\/p>","protected":false},"author":4,"featured_media":9081,"parent":0,"menu_order":0,"comment_status":"closed","ping_status":"closed","template":"","meta":{"_acf_changed":false,"footnotes":""},"class_list":["post-9076","page","type-page","status-publish","has-post-thumbnail","hentry"],"acf":[],"_links":{"self":[{"href":"https:\/\/www.easternmennonite.org\/es\/wp-json\/wp\/v2\/pages\/9076","targetHints":{"allow":["GET"]}}],"collection":[{"href":"https:\/\/www.easternmennonite.org\/es\/wp-json\/wp\/v2\/pages"}],"about":[{"href":"https:\/\/www.easternmennonite.org\/es\/wp-json\/wp\/v2\/types\/page"}],"author":[{"embeddable":true,"href":"https:\/\/www.easternmennonite.org\/es\/wp-json\/wp\/v2\/users\/4"}],"replies":[{"embeddable":true,"href":"https:\/\/www.easternmennonite.org\/es\/wp-json\/wp\/v2\/comments?post=9076"}],"version-history":[{"count":0,"href":"https:\/\/www.easternmennonite.org\/es\/wp-json\/wp\/v2\/pages\/9076\/revisions"}],"wp:featuredmedia":[{"embeddable":true,"href":"https:\/\/www.easternmennonite.org\/es\/wp-json\/wp\/v2\/media\/9081"}],"wp:attachment":[{"href":"https:\/\/www.easternmennonite.org\/es\/wp-json\/wp\/v2\/media?parent=9076"}],"curies":[{"name":"gracias","href":"https:\/\/api.w.org\/{rel}","templated":true}]}}