{"id":9110,"date":"2019-03-11T11:46:41","date_gmt":"2019-03-11T15:46:41","guid":{"rendered":"https:\/\/emsdev.clayshowalter.com\/?page_id=9110"},"modified":"2025-07-21T12:30:36","modified_gmt":"2025-07-21T16:30:36","slug":"library","status":"publish","type":"page","link":"https:\/\/www.easternmennonite.org\/es\/about\/library\/","title":{"rendered":"Biblioteca"},"content":{"rendered":"<p>La biblioteca de nuestra escuela intermedia y secundaria ofrece un espacio para la investigaci\u00f3n, el estudio independiente y el trabajo tranquilo en grupo. Los estudiantes pueden sacar Chromebooks, comprar una bebida caliente y disfrutar del apoyo de investigaci\u00f3n o redacci\u00f3n de la Sra. Julianne Ross u otros profesores. La Sra. Ross planifica temas y actividades durante todo el a\u00f1o para promover la lectura, incluida una semana DEAR (Drop Everything And Read), desaf\u00edos de lectura con premios y m\u00e1s.<\/p>\n<p>La biblioteca de primaria de al lado est\u00e1 llena de libros de ficci\u00f3n y no ficci\u00f3n apropiados para cada edad. La Sra. Ross planifica actividades tem\u00e1ticas y trabaja con padres de primaria cada primavera para organizar una feria del libro Scholastic.<\/p>\n\n\t<p>La biblioteca de EMS se esfuerza por ser un entorno de aprendizaje del siglo XXI donde se anima a los miembros de nuestra comunidad escolar a ser usuarios eficaces de ideas e informaci\u00f3n haciendo preguntas, leyendo con entusiasmo, pensando cr\u00edticamente y demostrando creatividad.<\/p>\n<p>-Adaptado de AASL Empowering Learners<\/p>\n\t<a id=\"hours\"><\/a>\n<h2>\n\t\t\tBiblioteca<br \/>Horas\t<\/h2>\n\tL, M, J, V: 8 AM \u2013 3 PM Mi\u00e9: 8 AM \u2013 3 PM\n<h2>\n\t\t\tComun\u00edquese con<br \/>Informaci\u00f3n\t<\/h2>\n\tJulianne Ross, bibliotecaria\n<a href=\"mailto:rossj@easternmennonite.org\">rossj@easternmennonite.org<\/a>\n\t<a id=\"resources\"><\/a>\n<h2>\n\t\t\tRecursos de la biblioteca\t<\/h2>\n\t\t\t\t<a href=\"https:\/\/ems.goalexandria.com\"  target=\"_blank\" rel=\"noopener\"  itemprop=\"url\">\n\t\t\t\t<img decoding=\"async\" src=\"https:\/\/www.easternmennonite.org\/wp-content\/uploads\/2019\/03\/Alexandria-logo-retina.png\" alt=\"Alexandria-logo-retina\" itemprop=\"image\" height=\"95\" width=\"400\" title=\"Alexandria-logo-retina\" onerror=\"this.style.display='none'\" loading=\"lazy\" \/>\n\t\t\t\t<\/a>\n<h3><a href=\"https:\/\/ems.goalexandria.com\" target=\"_blank\"  rel=\"noopener\">Cat\u00e1logo de la biblioteca<\/a><\/h3>\t\n\t\t\t\t<a href=\"https:\/\/wbb48485.follettshelf.com\/shelf\/servlet\/presentshelfform.do?site=48485\"  target=\"_blank\" rel=\"noopener\"  itemprop=\"url\">\n\t\t\t\t<img decoding=\"async\" src=\"https:\/\/www.easternmennonite.org\/wp-content\/uploads\/2019\/03\/follettlogo.png\" alt=\"follettlogo\" itemprop=\"image\" height=\"60\" width=\"207\" title=\"follettlogo\" onerror=\"this.style.display='none'\" loading=\"lazy\" \/>\n\t\t\t\t<\/a>\n<h3><a href=\"https:\/\/wbb48485.follettshelf.com\/shelf\/servlet\/presentshelfform.do?site=48485\" target=\"_blank\"  rel=\"noopener\">Destino Descubrir<\/a><\/h3>\t\n\t\t\t\t<a href=\"http:\/\/emennreads.blogspot.com\/\"  target=\"_blank\" rel=\"noopener\"  itemprop=\"url\">\n\t\t\t\t<img decoding=\"async\" src=\"https:\/\/www.easternmennonite.org\/wp-content\/uploads\/2019\/03\/Book-Blog-Logo.png\" alt=\"Book Blog Logo\" itemprop=\"image\" height=\"250\" width=\"865\" title=\"Logotipo del blog del libro\" onerror=\"this.style.display='none'\" loading=\"lazy\" \/>\n\t\t\t\t<\/a>\n<h3><a href=\"http:\/\/emennreads.blogspot.com\/\" target=\"_blank\"  rel=\"noopener\">Blog de libros de EMS<\/a><\/h3>\t\n\t\t\t\t<a href=\"http:\/\/www.pearltrees.com\/ems_library\"  target=\"_blank\" rel=\"noopener\"  itemprop=\"url\">\n\t\t\t\t<img decoding=\"async\" src=\"https:\/\/www.easternmennonite.org\/wp-content\/uploads\/2019\/03\/Book-Blog-Logo.png\" alt=\"Book Blog Logo\" itemprop=\"image\" height=\"250\" width=\"865\" title=\"Logotipo del blog del libro\" onerror=\"this.style.display='none'\" loading=\"lazy\" \/>\n\t\t\t\t<\/a>\n<h3><a href=\"http:\/\/www.pearltrees.com\/ems_library\" target=\"_blank\"  rel=\"noopener\">Recursos seleccionados<\/a><\/h3>\t\n\t<a id=\"faq\"><\/a>\n<h2>\n\t\t\tPreguntas frecuentes\t<\/h2>\n\t\t\t\t\t<a href=\"#\"  id=\"fl-accordion--label-0\" tabindex=\"0\" aria-controls=\"fl-accordion--panel-0\"> \u00bfDurante cu\u00e1nto tiempo se pueden sacar materiales de la biblioteca de EMS?<\/a>\n\t\t\t\t\t\t\t\t\t\t\t<a href=\"#\" id=\"fl-accordion--icon-0\"  tabindex=\"0\"><i title=\"Expandir\">Expandir<\/i><\/a>\n\t\t\t\t\t<p>Catorce d\u00edas lectivos, lo que acaba siendo unas 3 semanas.<\/p>\n\t\t\t\t\t<a href=\"#\"  id=\"fl-accordion--label-1\" tabindex=\"0\" aria-controls=\"fl-accordion--panel-1\"> \u00bfHay multas por art\u00edculos vencidos?<\/a>\n\t\t\t\t\t\t\t\t\t\t\t<a href=\"#\" id=\"fl-accordion--icon-1\"  tabindex=\"0\"><i title=\"Expandir\">Expandir<\/i><\/a>\n\t\t\t\t\t<p>Cobramos multas de 10 centavos por d\u00eda por art\u00edculo. Sin embargo, incluimos tres d\u00edas de gracia despu\u00e9s de la fecha de vencimiento para permitir tiempo adicional para devolver los art\u00edculos antes de que incurran en multas.<\/p>\n\t\t\t\t\t<a href=\"#\"  id=\"fl-accordion--label-2\" tabindex=\"0\" aria-controls=\"fl-accordion--panel-2\"> \u00bfPueden los estudiantes tener una ayudant\u00eda en la biblioteca?<\/a>\n\t\t\t\t\t\t\t\t\t\t\t<a href=\"#\" id=\"fl-accordion--icon-2\"  tabindex=\"0\"><i title=\"Expandir\">Expandir<\/i><\/a>\n\t\t\t\t\t<p>\u00a1S\u00ed! Nos encanta involucrar a los estudiantes en la biblioteca. Pueden solicitar que se designe un per\u00edodo durante el d\u00eda como profesor asistente de la biblioteca. Esta ser\u00e1 una calificaci\u00f3n de aprobado\/reprobado.<\/p>\n\t\t\t\t\t<a href=\"#\"  id=\"fl-accordion--label-3\" tabindex=\"0\" aria-controls=\"fl-accordion--panel-3\"> Escuch\u00e9 que se ofrecen bebidas calientes en la biblioteca. \u00bfPuedo tomar una taza de t\u00e9?<\/a>\n\t\t\t\t\t\t\t\t\t\t\t<a href=\"#\" id=\"fl-accordion--icon-3\"  tabindex=\"0\"><i title=\"Expandir\">Expandir<\/i><\/a>\n\t\t\t\t\t<p>Contamos con estaci\u00f3n de bebidas calientes \u201cStarbooks\u201d patrocinada por la SCO. Solo est\u00e1 disponible para estudiantes y profesores de secundaria. Tenemos caf\u00e9s, caf\u00e9s con leche, chocolate caliente, sidra especiada y t\u00e9 helado disponibles para su compra a 75 centavos por taza de keurig. Puedes comprar una taza para llevar por 25 centavos adicionales o traer tu propia taza. Hay cestas para guardar tus tazas en la biblioteca si est\u00e1s interesado. La estaci\u00f3n est\u00e1 abierta durante la mayor parte del d\u00eda, salvo la hora del almuerzo.<\/p>\n\t<a id=\"news\"><\/a>\n<h2>\n\t\t\tNuestra biblioteca en las noticias\t<\/h2>\n\t<a id=\"databases\"><\/a>\n<h2>\n\t\t<a href=\"https:\/\/docs.google.com\/document\/d\/1U2CzjMZ3rgqkT-nQ673RzKtiAFPbKnCS018B1p7Tb6M\/edit?usp=sharing\" title=\"Bases de datos\"  target=\"_blank\"  rel=\"noopener nofollow\">\n\t\t\tBases de datos\t\t<\/a>\n\t<\/h2>\n\t\t\t\t<a href=\"http:\/\/www.atozworldculture.com\/?c=3AzCJNrwXT\"  target=\"_blank\" rel=\"noopener\"  itemprop=\"url\">\n\t\t\t\t<img decoding=\"async\" src=\"https:\/\/www.easternmennonite.org\/wp-content\/uploads\/2019\/03\/AtoZ-World-Cultures.jpg\" alt=\"AtoZ World Cultures\" itemprop=\"image\" height=\"63\" width=\"300\" title=\"Culturas del mundo AtoZ\" onerror=\"this.style.display='none'\" loading=\"lazy\" \/>\n\t\t\t\t<\/a>\n<h3>\n\t\t<a href=\"http:\/\/www.atozworldculture.com\/?c=3AzCJNrwXT\" title=\"Base de datos de cultura mundial de la A a la Z\"  target=\"_blank\"  rel=\"noopener\">\n\t\t\tBase de datos de cultura mundial de la A a la Z\t\t<\/a>\n\t<\/h3>\n\tInformaci\u00f3n sobre pa\u00edses de todo el mundo.\n\t\t\t\t<a href=\"http:\/\/www.worldbookonline.com\/?subacct=J9926\"  target=\"_blank\" rel=\"noopener\"  itemprop=\"url\">\n\t\t\t\t<img decoding=\"async\" src=\"https:\/\/www.easternmennonite.org\/wp-content\/uploads\/2019\/03\/world_book_online.jpg\" alt=\"world_book_online\" itemprop=\"image\" height=\"60\" width=\"200\" title=\"libro_mundial_en l\u00ednea\" onerror=\"this.style.display='none'\" loading=\"lazy\" \/>\n\t\t\t\t<\/a>\n<h3>\n\t\t<a href=\"http:\/\/www.worldbookonline.com\/?subacct=J9926\" title=\"Libro mundial en l\u00ednea\"  target=\"_blank\"  rel=\"noopener\">\n\t\t\tLibro mundial en l\u00ednea\t\t<\/a>\n\t<\/h3>\n\tLibro del mundo Ni\u00f1os (primaria) Libro del mundo avanzado (medio\/alto) Libro del mundo Libro del mundo de los primeros pueblos Living Green\n\t\t\t\t<a href=\"http:\/\/explore.proquest.com\/\"  target=\"_blank\" rel=\"noopener\"  itemprop=\"url\">\n\t\t\t\t<img decoding=\"async\" src=\"https:\/\/www.easternmennonite.org\/wp-content\/uploads\/2019\/03\/elibrary.jpg\" alt=\"elibrary\" itemprop=\"image\" height=\"52\" width=\"176\" title=\"biblioteca\" onerror=\"this.style.display='none'\" loading=\"lazy\" \/>\n\t\t\t\t<\/a>\n<h3>\n\t\t<a href=\"http:\/\/explore.proquest.com\/\" title=\"Biblioteca electr\u00f3nica\"  target=\"_blank\"  rel=\"noopener\">\n\t\t\tBiblioteca electr\u00f3nica\t\t<\/a>\n\t<\/h3>\n\t<p>Art\u00edculos en l\u00ednea de una amplia gama de temas.<\/p>\n\t\t\t\t<a href=\"http:\/\/ic.galegroup.com\/ic\/bic1\/?p=BIC1&#038;u=va_p_eastern_me\"  target=\"_blank\" rel=\"noopener\"  itemprop=\"url\">\n\t\t\t\t<img decoding=\"async\" src=\"https:\/\/www.easternmennonite.org\/wp-content\/uploads\/2019\/03\/Bio-in-Context.png\" alt=\"Bio in Context\" itemprop=\"image\" height=\"49\" width=\"254\" title=\"Biograf\u00eda en contexto\" onerror=\"this.style.display='none'\" loading=\"lazy\" \/>\n\t\t\t\t<\/a>\n<h3>\n\t\t<a href=\"http:\/\/ic.galegroup.com\/ic\/bic1\/?p=BIC1&#038;u=va_p_eastern_me\" title=\"Biograf\u00eda en contexto\"  target=\"_blank\"  rel=\"noopener\">\n\t\t\tBiograf\u00eda en contexto\t\t<\/a>\n\t<\/h3>\n\tENORME colecci\u00f3n de art\u00edculos de revistas y diarios, fuentes primarias, videos, podcasts de audio e im\u00e1genes sobre personas hist\u00f3ricas y actuales.\n\t\t\t\t<a href=\"http:\/\/www.finditva.com\/\"  target=\"_blank\" rel=\"noopener\"  itemprop=\"url\">\n\t\t\t\t<img decoding=\"async\" src=\"https:\/\/www.easternmennonite.org\/wp-content\/uploads\/2019\/03\/finditva-150x150.png\" alt=\"finditva\" itemprop=\"image\" height=\"150\" width=\"150\" title=\"encontrar\" onerror=\"this.style.display='none'\" loading=\"lazy\" \/>\n\t\t\t\t<\/a>\n<h3>\n\t\t<a href=\"http:\/\/www.finditva.com\/\" title=\"Encu\u00e9ntralo Virginia\"  target=\"_blank\"  rel=\"noopener\">\n\t\t\tEncu\u00e9ntralo Virginia\t\t<\/a>\n\t<\/h3>\n\tUn recurso en l\u00ednea, disponible para los residentes de Virginia con tarjeta de biblioteca p\u00fablica, que contiene art\u00edculos de revistas y peri\u00f3dicos, enciclopedias y otras obras de referencia.\n\t\t\t\t<img decoding=\"async\" src=\"https:\/\/www.easternmennonite.org\/wp-content\/uploads\/2019\/03\/MRL_logo.png\" alt=\"MRL_logo\" itemprop=\"image\" height=\"175\" width=\"561\" title=\"logotipo_MRL\" onerror=\"this.style.display='none'\" loading=\"lazy\" \/>\n<h3>\n\t\t<a href=\"http:\/\/www.mrlib.org\/SAC\" title=\"Biblioteca Regional de Massanutten Bases de datos y recursos gratuitos\"  target=\"_blank\"  rel=\"noopener\">\n\t\t\tBiblioteca Regional de Massanutten Bases de datos y recursos gratuitos\t\t<\/a>\n\t<\/h3>\n\tUtilice su tarjeta de la biblioteca para obtener acceso a:\n<ul>\n<li>ProQuest (investigaci\u00f3n acad\u00e9mica)<\/li>\n<li>Heritage Quest (Historia familiar, Guerra revolucionaria)<\/li>\n<li>Learning Express (preparaci\u00f3n para ex\u00e1menes universitarios y m\u00e1s)<\/li>\n<li>Rosetta Stone (Aprendizaje de idiomas)<\/li>\n<li>Newsbank (busque peri\u00f3dicos nacionales y locales)<\/li>\n<\/ul>","protected":false},"excerpt":{"rendered":"<p>La biblioteca de nuestra escuela intermedia y secundaria ofrece un espacio para la investigaci\u00f3n, el estudio independiente y el trabajo tranquilo en grupo. Los estudiantes pueden sacar Chromebooks, comprar una bebida caliente y disfrutar del apoyo de investigaci\u00f3n o redacci\u00f3n de la Sra. Julianne Ross u otros profesores. La Sra. Ross planifica temas y actividades durante todo el a\u00f1o para promover la lectura, incluido un DEAR (Drop...<\/p>","protected":false},"author":4,"featured_media":9252,"parent":74,"menu_order":0,"comment_status":"closed","ping_status":"closed","template":"","meta":{"_acf_changed":false,"footnotes":""},"class_list":["post-9110","page","type-page","status-publish","has-post-thumbnail","hentry"],"acf":[],"_links":{"self":[{"href":"https:\/\/www.easternmennonite.org\/es\/wp-json\/wp\/v2\/pages\/9110","targetHints":{"allow":["GET"]}}],"collection":[{"href":"https:\/\/www.easternmennonite.org\/es\/wp-json\/wp\/v2\/pages"}],"about":[{"href":"https:\/\/www.easternmennonite.org\/es\/wp-json\/wp\/v2\/types\/page"}],"author":[{"embeddable":true,"href":"https:\/\/www.easternmennonite.org\/es\/wp-json\/wp\/v2\/users\/4"}],"replies":[{"embeddable":true,"href":"https:\/\/www.easternmennonite.org\/es\/wp-json\/wp\/v2\/comments?post=9110"}],"version-history":[{"count":2,"href":"https:\/\/www.easternmennonite.org\/es\/wp-json\/wp\/v2\/pages\/9110\/revisions"}],"predecessor-version":[{"id":75791,"href":"https:\/\/www.easternmennonite.org\/es\/wp-json\/wp\/v2\/pages\/9110\/revisions\/75791"}],"up":[{"embeddable":true,"href":"https:\/\/www.easternmennonite.org\/es\/wp-json\/wp\/v2\/pages\/74"}],"wp:featuredmedia":[{"embeddable":true,"href":"https:\/\/www.easternmennonite.org\/es\/wp-json\/wp\/v2\/media\/9252"}],"wp:attachment":[{"href":"https:\/\/www.easternmennonite.org\/es\/wp-json\/wp\/v2\/media?parent=9110"}],"curies":[{"name":"gracias","href":"https:\/\/api.w.org\/{rel}","templated":true}]}}