{"id":9511,"date":"2022-03-03T13:04:40","date_gmt":"2022-03-03T18:04:40","guid":{"rendered":"https:\/\/emsdev.clayshowalter.com\/?page_id=9511"},"modified":"2025-10-31T15:57:24","modified_gmt":"2025-10-31T19:57:24","slug":"music-at-ems","status":"publish","type":"page","link":"https:\/\/www.easternmennonite.org\/es\/about\/the-arts\/music-at-ems\/","title":{"rendered":"M\u00fasica"},"content":{"rendered":"<p>\u00a1Eastern Mennonite School es una escuela para amantes de la m\u00fasica!<\/p>\n<p>La educaci\u00f3n musical fue un objetivo primordial cuando se fund\u00f3 EMS hace m\u00e1s de 100 a\u00f1os. Hoy, la chispa creativa de cada estudiante en todas las divisiones se nutre a trav\u00e9s de la m\u00fasica, otras artes esc\u00e9nicas y las artes visuales.<\/p>\n<p><strong>Creemos que la expresi\u00f3n art\u00edstica es parte de c\u00f3mo experimentamos a Dios y nos desarrollamos plenamente como personas de fe. <\/strong><\/p>\n<p><a href=\"https:\/\/www.easternmennonite.org\/es\/visit\/\">Visita la Escuela Menonita del Este <\/a>Hoy, imagina a tu artista en nuestra escuela.<\/p>\n<h3>\n\t\t\tLas Artes\t<\/h3>\n\t<h3>El programa de m\u00fasica de primaria incluye:<\/h3>\n<ul>\n<li>Clases de m\u00fasica dos veces por semana, K-5<\/li>\n<li>Coro semanal, grados 3-5<\/li>\n<li>La reuni\u00f3n semanal K-5 incluye canto<\/li>\n<li>Dos programas K-5 por a\u00f1o incluyen canto, instrumentos y danza.<\/li>\n<\/ul>\n\t\t\t\t<img decoding=\"async\" src=\"https:\/\/www.easternmennonite.org\/wp-content\/uploads\/2025\/02\/EMS-Classrooms-Set-1-2.jpg\" alt=\"EMS Classrooms Set 1-2\" itemprop=\"image\" height=\"1333\" width=\"2000\" title=\"Aulas EMS Conjunto 1-2\" onerror=\"this.style.display='none'\" loading=\"lazy\" \/>\n\t<h3>El programa de m\u00fasica para secundaria y preparatoria incluye:<\/h3>\n<ul>\n<li>Se requiere exploraci\u00f3n musical, grados 6-8<\/li>\n<li>Coro Juvenil, grados 7-10; Coro de mayores, grados 11-12<\/li>\n<li>Banda Sinf\u00f3nica, Orquesta de Cuerdas, Orquesta Sinf\u00f3nica, Banda de Jazz<\/li>\n<li>Audici\u00f3n de cantantes de c\u00e1mara y coros en gira con viajes internacionales semestrales<\/li>\n<li>Grupos de acapella y banda de adoraci\u00f3n dirigidos por estudiantes<\/li>\n<li>Producciones de teatro musical<\/li>\n<li>Clase de grabaci\u00f3n digital<\/li>\n<li>Formaci\u00f3n de operadores AV<\/li>\n<\/ul>\n\t\t<h3>Coros de c\u00e1mara y de gira<\/h3>\n\t\t<p>Obtenga m\u00e1s informaci\u00f3n sobre nuestros coros itinerantes y cantantes de c\u00e1mara audicionados que realizan giras locales cada primavera y a nivel internacional cada dos veranos.<\/p>\n\t\t\t<a href=\"https:\/\/www.easternmennonite.org\/es\/about\/the-arts\/touring-choir\/\" target=\"_self\">\n\t\t\t\t\t\t\tAprende m\u00e1s\n\t\t\t\t\t<\/a>","protected":false},"excerpt":{"rendered":"<p>\u00a1La Escuela Menonita del Este es una escuela para amantes de la m\u00fasica! La educaci\u00f3n musical fue un objetivo primordial cuando se fund\u00f3 la EMS hace m\u00e1s de 100 a\u00f1os. Hoy, la chispa creativa de cada estudiante en todas las divisiones se nutre a trav\u00e9s de la m\u00fasica, otras artes esc\u00e9nicas y las artes visuales. Creemos que la expresi\u00f3n art\u00edstica forma parte de nuestra experiencia...<\/p>","protected":false},"author":4,"featured_media":9539,"parent":793,"menu_order":0,"comment_status":"closed","ping_status":"closed","template":"","meta":{"_acf_changed":false,"footnotes":""},"class_list":["post-9511","page","type-page","status-publish","has-post-thumbnail","hentry"],"acf":[],"_links":{"self":[{"href":"https:\/\/www.easternmennonite.org\/es\/wp-json\/wp\/v2\/pages\/9511","targetHints":{"allow":["GET"]}}],"collection":[{"href":"https:\/\/www.easternmennonite.org\/es\/wp-json\/wp\/v2\/pages"}],"about":[{"href":"https:\/\/www.easternmennonite.org\/es\/wp-json\/wp\/v2\/types\/page"}],"author":[{"embeddable":true,"href":"https:\/\/www.easternmennonite.org\/es\/wp-json\/wp\/v2\/users\/4"}],"replies":[{"embeddable":true,"href":"https:\/\/www.easternmennonite.org\/es\/wp-json\/wp\/v2\/comments?post=9511"}],"version-history":[{"count":6,"href":"https:\/\/www.easternmennonite.org\/es\/wp-json\/wp\/v2\/pages\/9511\/revisions"}],"predecessor-version":[{"id":77572,"href":"https:\/\/www.easternmennonite.org\/es\/wp-json\/wp\/v2\/pages\/9511\/revisions\/77572"}],"up":[{"embeddable":true,"href":"https:\/\/www.easternmennonite.org\/es\/wp-json\/wp\/v2\/pages\/793"}],"wp:featuredmedia":[{"embeddable":true,"href":"https:\/\/www.easternmennonite.org\/es\/wp-json\/wp\/v2\/media\/9539"}],"wp:attachment":[{"href":"https:\/\/www.easternmennonite.org\/es\/wp-json\/wp\/v2\/media?parent=9511"}],"curies":[{"name":"gracias","href":"https:\/\/api.w.org\/{rel}","templated":true}]}}