{"id":9596,"date":"2019-03-25T15:15:01","date_gmt":"2019-03-25T19:15:01","guid":{"rendered":"https:\/\/emsdev.clayshowalter.com\/?page_id=9596"},"modified":"2024-08-28T14:13:31","modified_gmt":"2024-08-28T18:13:31","slug":"visual-arts","status":"publish","type":"page","link":"https:\/\/www.easternmennonite.org\/es\/about\/the-arts\/visual-arts\/","title":{"rendered":"Artes visuales"},"content":{"rendered":"<p>En las artes visuales, ofrecemos educaci\u00f3n art\u00edstica bidimensional y tridimensional que incluye dibujo, pintura, escultura, cer\u00e1mica, grabado y fotograf\u00eda digital.<\/p>\n<p>Adem\u00e1s de su trabajo de curso, los estudiantes tienen oportunidades de usar sus habilidades para la producci\u00f3n de escenarios teatrales, dise\u00f1o de carteles y programas, tarjetas de felicitaci\u00f3n para uso escolar, en el sitio web de la escuela y en materiales promocionales. tarjetas. Realizamos exhibiciones de arte en negocios del \u00e1rea durante los primeros viernes de Harrisonburg y en otros lugares.<\/p>\n\t\t\t<a href=\"https:\/\/www.easternmennonite.org\/es\/about\/the-arts\/visual-arts\/gallery-show-winter-2021\/\" target=\"_blank\" rel=\"noopener\">\n\t\t\t\t\t\t\tExposici\u00f3n de la galer\u00eda OASIS 2021\n\t\t\t\t\t<\/a>\n<h3>\n\t\tLas Artes\n\t<\/h3>","protected":false},"excerpt":{"rendered":"<p>En las artes visuales, ofrecemos educaci\u00f3n art\u00edstica bidimensional y tridimensional que incluye dibujo, pintura, escultura, cer\u00e1mica, grabado y fotograf\u00eda digital. Adem\u00e1s de su trabajo de curso, los estudiantes tienen oportunidades de usar sus habilidades para la producci\u00f3n de escenarios teatrales, carteles y dise\u00f1o de programas, tarjetas de felicitaci\u00f3n para uso escolar, en el sitio web de la escuela y en materiales promocionales.\u2026<\/p>","protected":false},"author":4,"featured_media":9601,"parent":793,"menu_order":0,"comment_status":"closed","ping_status":"closed","template":"","meta":{"_acf_changed":false,"footnotes":""},"class_list":["post-9596","page","type-page","status-publish","has-post-thumbnail","hentry"],"acf":[],"_links":{"self":[{"href":"https:\/\/www.easternmennonite.org\/es\/wp-json\/wp\/v2\/pages\/9596","targetHints":{"allow":["GET"]}}],"collection":[{"href":"https:\/\/www.easternmennonite.org\/es\/wp-json\/wp\/v2\/pages"}],"about":[{"href":"https:\/\/www.easternmennonite.org\/es\/wp-json\/wp\/v2\/types\/page"}],"author":[{"embeddable":true,"href":"https:\/\/www.easternmennonite.org\/es\/wp-json\/wp\/v2\/users\/4"}],"replies":[{"embeddable":true,"href":"https:\/\/www.easternmennonite.org\/es\/wp-json\/wp\/v2\/comments?post=9596"}],"version-history":[{"count":0,"href":"https:\/\/www.easternmennonite.org\/es\/wp-json\/wp\/v2\/pages\/9596\/revisions"}],"up":[{"embeddable":true,"href":"https:\/\/www.easternmennonite.org\/es\/wp-json\/wp\/v2\/pages\/793"}],"wp:featuredmedia":[{"embeddable":true,"href":"https:\/\/www.easternmennonite.org\/es\/wp-json\/wp\/v2\/media\/9601"}],"wp:attachment":[{"href":"https:\/\/www.easternmennonite.org\/es\/wp-json\/wp\/v2\/media?parent=9596"}],"curies":[{"name":"gracias","href":"https:\/\/api.w.org\/{rel}","templated":true}]}}