{"id":9802,"date":"2019-03-27T22:05:32","date_gmt":"2019-03-28T02:05:32","guid":{"rendered":"https:\/\/emsdev.clayshowalter.com\/?page_id=9802"},"modified":"2026-03-17T10:56:20","modified_gmt":"2026-03-17T14:56:20","slug":"alumni","status":"publish","type":"page","link":"https:\/\/www.easternmennonite.org\/es\/alumni\/","title":{"rendered":"Antiguos alumnos"},"content":{"rendered":"<a href=\"https:\/\/app.donorview.com\/Y4QGR\"  target=\"_blank\" rel=\"noopener\">\n\t\t\t\t\t\tCompartir actualizaciones\n\t\t\t\t\t<\/a>\n\t\t\t<a href=\"https:\/\/www.easternmennonite.org\/es\/today\/\"  target=\"_blank\" rel=\"noopener\">\n\t\t\t\t\t\tArchivo de manga de viento\n\t\t\t\t\t<\/a>\n\t\t\t<a href=\"https:\/\/docs.google.com\/forms\/d\/e\/1FAIpQLSdwry7jv_EQoH6zvWniOwpo9mdTGFGjDR_XCRAO_7pl0KTMsw\/viewform?usp=header\"  target=\"_blank\" rel=\"noopener\">\n\t\t\t\t\t\t\tSolicitud de transcripci\u00f3n\n\t\t\t\t\t<\/a>\n\t\t\t<a href=\"https:\/\/app.donorview.com\/kJZO\"  target=\"_blank\" rel=\"noopener\">\n\t\t\t\t\t\tObtenga noticias electr\u00f3nicas\n\t\t\t\t\t<\/a>\n\t\t\t<a href=\"https:\/\/www.easternmennonite.org\/es\/today\/\"  target=\"_blank\" rel=\"noopener\">\n\t\t\t\t\t\t\tLeer HOY\n\t\t\t\t\t<\/a>\n\t\t<figure itemscope itemtype=\"https:\/\/schema.org\/ImageObject\">\n\t\t\t\t<a href=\"https:\/\/www.easternmennonite.org\/es\/alumni\/homecoming\/\"  target=\"_self\" itemprop=\"url\">\n\t\t\t\t<img decoding=\"async\" src=\"https:\/\/www.easternmennonite.org\/wp-content\/uploads\/2022\/02\/Class-of-70-IMG_2886.jpg\" alt=\"Class of 1970 from Pat Hertzler&#039;s blog post\" height=\"266\" width=\"398\" title=\"Class of &#039;70 IMG_2886\" onerror=\"this.style.display='none'\" loading=\"lazy\" \/>\n\t\t\t\t<\/a>\n\t<\/figure>\n<h3><a href=\"https:\/\/www.easternmennonite.org\/es\/alumni\/homecoming\/\" target=\"_self\">regreso a casa<\/a><\/h3>\t\n\t\t<figure itemscope itemtype=\"https:\/\/schema.org\/ImageObject\">\n\t\t\t\t<a href=\"https:\/\/www.easternmennonite.org\/es\/alumni\/alumni-awards\/\"  target=\"_self\" itemprop=\"url\">\n\t\t\t\t<img decoding=\"async\" src=\"https:\/\/www.easternmennonite.org\/wp-content\/uploads\/2021\/10\/IMG_7368-scaled.jpg\" alt=\"Dr. Justin Weirich with his wife Sarah and family\" height=\"1714\" width=\"2560\" title=\"IMG_7368\" onerror=\"this.style.display='none'\" loading=\"lazy\" \/>\n\t\t\t\t<\/a>\n\t<\/figure>\n<h3><a href=\"https:\/\/www.easternmennonite.org\/es\/alumni\/alumni-awards\/\" target=\"_self\">Historias de antiguos alumnos<\/a><\/h3>\t\n\t\t\t<a href=\"https:\/\/docs.google.com\/forms\/d\/e\/1FAIpQLScPPtKAczdCW_69Z0QYDzga1b9a1cGHBq0wZQANTFctGLfGog\/viewform\"  target=\"_blank\" rel=\"noopener\">\n\t\t\t\t\t\t\t\u00a1Nomina a un exalumno!\n\t\t\t\t\t<\/a>\n\t\t<figure itemscope itemtype=\"https:\/\/schema.org\/ImageObject\">\n\t\t\t\t<a href=\"https:\/\/www.easternmennonite.org\/es\/alumni\/golf-tournament\/\"  target=\"_self\" itemprop=\"url\">\n\t\t\t\t<img decoding=\"async\" src=\"https:\/\/www.easternmennonite.org\/wp-content\/uploads\/2022\/02\/IMG_8156.jpg\" alt=\"Men riding in a golf cart at the Fore the Flame 2018 golf fundraiser\" height=\"683\" width=\"1024\" title=\"IMG_8156\" onerror=\"this.style.display='none'\" loading=\"lazy\" \/>\n\t\t\t\t<\/a>\n\t<\/figure>\n<h3><a href=\"https:\/\/www.easternmennonite.org\/es\/alumni\/golf-tournament\/\" target=\"_self\">Torneo de golf<\/a><\/h3>\t\n\t<h3>Maneras de mantenerse involucrado...<\/h3>\n<p>Ya sea que te graduaste hace dos a\u00f1os o hace d\u00e9cadas, eres un pilar fundamental para el futuro de nuestra escuela. Queremos mantenernos conectados... \u00a1y que t\u00fa tambi\u00e9n est\u00e9s conectado con tus compa\u00f1eros y amigos!<\/p>\n<p><strong>Mantente conectado<\/strong><\/p>\n<ul>\n<li class=\"translation-block\"><strong>Env\u00ede una actualizaci\u00f3n<\/strong> cuando cambie su correo electr\u00f3nico, tel\u00e9fono o direcci\u00f3n postal. Esto nos ayudar\u00e1 a informarle sobre eventos, reuniones y noticias que puedan interesarle. Env\u00ede un correo electr\u00f3nico <a href=\"mailto:alumni@easternmennonite.org\" target=\"_blank\" rel=\"noopener\">a alumni@easternmennonite.org<\/a> o <a href=\"https:\/\/app.donorview.com\/Y4QGR\" target=\"_self\">complete nuestro sencillo formulario<\/a> .<\/li>\n<li><strong>Asistir <\/strong><a href=\"https:\/\/www.easternmennonite.org\/es\/alumni\/homecoming\/\">homecoming<\/a> actividades, tu reuni\u00f3n y eventos escolares.<\/li>\n<\/ul>\n<p><strong>Construir conexiones<\/strong><\/p>\n<ul>\n<li><strong>Env\u00ede una nominaci\u00f3n para nuestros exalumnos<\/strong> cuentos <a href=\"https:\/\/www.easternmennonite.org\/es\/alumni\/alumni-awards\/\" target=\"_blank\" rel=\"noopener\">celebration<\/a> each fall at homecoming. <a href=\"https:\/\/docs.google.com\/forms\/d\/e\/1FAIpQLScPPtKAczdCW_69Z0QYDzga1b9a1cGHBq0wZQANTFctGLfGog\/viewform\">Sugiera un exalumno aqu\u00ed.<\/a><\/li>\n<li class=\"translation-block\"><strong>Recomiende a un estudiante:<\/strong> env\u00ede los nombres de los estudiantes K-12 (o sus padres) que crea que considerar\u00edan que EMS es una buena opci\u00f3n. Env\u00ede un correo electr\u00f3nico <a href=\"mailto:admissions@easternmennonite.org\" target=\"_self\">a admisiones@easternmennonite.org.<\/a> \u00a1An\u00edmelos a <a href=\"https:\/\/www.easternmennonite.org\/es\/admissions\/visit\/\" target=\"_self\">programar una visita<\/a> !<\/li>\n<\/ul>\n<p><strong>Support<\/strong><\/p>\n<ul>\n<li class=\"translation-block\"><strong>Haz un regalo<\/strong> . <a href=\"https:\/\/www.easternmennonite.org\/es\/support\/\" target=\"_self\">Las donaciones<\/a> de ex alumnos y amigos hacen que la educaci\u00f3n EMS sea accesible para m\u00e1s estudiantes.<\/li>\n<li class=\"translation-block\"><strong>Voluntario:<\/strong> H\u00e1ganos saber si le gustar\u00eda hablar en la capilla, ayudar con el mantenimiento de los jardines, servir en la <a href=\"https:\/\/docs.google.com\/forms\/d\/1uFUb_2nVwDQWvwuo2-gtUaAtHgAOt46Th9fgubEraEY\/\" target=\"_self\">junta de exalumnos<\/a> , la junta directiva o ayudar con eventos.<\/li>\n<li class=\"translation-block\"><strong>Oren<\/strong> por nuestros estudiantes, maestros y personal. Vea <a href=\"https:\/\/www.easternmennonite.org\/es\/about\/news\/\" target=\"_self\">art\u00edculos de noticias<\/a> o nuestro <a href=\"https:\/\/www.easternmennonite.org\/es\/about\/board-of-directors\/strategic-pathways-2020\/\" target=\"_self\">plan estrat\u00e9gico<\/a> para obtener ideas espec\u00edficas.<\/li>\n<\/ul>\n<p>&nbsp;<\/p>\n\t<h3>Junta de la Asociaci\u00f3n de Antiguos Alumnos<\/h3>\n\t\t\t<a href=\"https:\/\/docs.google.com\/forms\/d\/1uFUb_2nVwDQWvwuo2-gtUaAtHgAOt46Th9fgubEraEY\/\"  target=\"_blank\" rel=\"noopener\">\n\t\t\t\t\t\t\t\u00a1Aplica para unirte!\n\t\t\t\t\t<\/a>\n\t<p><strong>Comit\u00e9 Ejecutivo<\/strong><\/p>\n<ul>\n<li>Joel Shank &#039;02, presidente<\/li>\n<li>Khampha Stempel &#039;17, vicepresidente<\/li>\n<li>Annette Helmuth &#039;96 Loker, secretaria<\/li>\n<\/ul>\n<strong>Miembros en general:<\/strong>\n<ul>\n<li>Juan Augsburger &#039;79<\/li>\n<li>Dana Blauch &#039;82<\/li>\n<li>Jan Emswiler &#039;92<\/li>\n<li>Karen Heatwole &#039;82 Verde<\/li>\n<li>Josh Holsapple &#039;15<\/li>\n<li>Eric Mart\u00edn &#039;72<\/li>\n<li>Caroline Reid &#039;11 Turner<\/li>\n<li>Jan Showalter &#039;61<\/li>\n<li>Kayla Sauder &#039;15 Zook<\/li>\n<\/ul>\n<p><strong>Personal:<\/strong><\/p>\n<ul>\n<li>Trisha Maust &#039;95 Blosser<\/li>\n<li>Erin Kennedy Hess<\/li>\n<\/ul>\n\t\t\t<a href=\"https:\/\/www.easternmennonite.org\/es\/about\/touring-choir-history\/\"  target=\"_blank\" rel=\"noopener\">\n\t\t\t\t\t\t\tHistoria del coro itinerante\n\t\t\t\t\t<\/a>\n\t\t\t<a href=\"https:\/\/www.easternmennonite.org\/es\/alumni\/alumni-awards\/science-hall-of-honor\/\"  target=\"_blank\" rel=\"noopener\">\n\t\t\t\t\t\t\tSal\u00f3n de Honor de Ciencias\n\t\t\t\t\t<\/a>\n\t\t\t<a href=\"https:\/\/www.easternmennonite.org\/es\/alumni\/alumni-awards\/athletic-hall-of-honor\/\"  target=\"_blank\" rel=\"noopener\">\n\t\t\t\t\t\t\tSal\u00f3n de Honor Atl\u00e9tico\n\t\t\t\t\t<\/a>\n<h2>\n\t\t\t\u00a1Tus regalos importan!\t<\/h2>\n\t<p>Los exalumnos nos ayudan a hacer posible la educaci\u00f3n en EMS para personas de diversas tradiciones y or\u00edgenes. Es una bendici\u00f3n ver a nuestros exalumnos prosperar en su trabajo y servicio, y tambi\u00e9n en su contribuci\u00f3n a nuestra comunidad educativa.<\/p>\n<p>Considere c\u00f3mo podr\u00eda empoderar a futuros l\u00edderes \u00edntegros haciendo una donaci\u00f3n a:<\/p>\n<ul>\n<li>the EMS <a href=\"https:\/\/www.easternmennonite.org\/es\/support\/2nd-century-fund\/\">Fondo anual de llamas<\/a><\/li>\n<li class=\"translation-block\">la <a href=\"https:\/\/www.easternmennonite.org\/es\/support\/christmas-fund-drive\/\" target=\"_self\">colecta de fondos de Navidad<\/a> cuando un estudiante llama o escribe<\/li>\n<li class=\"translation-block\">el programa <a href=\"https:\/\/www.easternmennonite.org\/es\/support\/virginia-tax-credits\/\" target=\"_self\">de becas de cr\u00e9dito fiscal de Virginia<\/a> .<\/li>\n<li class=\"translation-block\">una <a href=\"https:\/\/www.easternmennonite.org\/es\/support\/endowments\/\" target=\"_blank\" rel=\"noopener\">beca dotada<\/a><\/li>\n<\/ul>\n<p class=\"translation-block\">Tambi\u00e9n lo invitamos a considerar una donaci\u00f3n heredada uni\u00e9ndose a nuestro programa de donaciones planificadas <a href=\"https:\/\/www.easternmennonite.org\/es\/support\/planned-giving\/\" target=\"_self\">1917 Circle<\/a> . Los legados de los donantes son la piedra angular de la ayuda financiera del SME.<\/p>\nCon gratitud,<br \/>\n<a href=\"https:\/\/www.easternmennonite.org\/facultystaff\/paul-leaman\/\">Paul Leaman<\/a>, Director de la escuela\n<p>&nbsp;<\/p>\n<figure itemscope itemtype=\"https:\/\/schema.org\/ImageObject\">\n\t\t\t\t<img decoding=\"async\" src=\"https:\/\/www.easternmennonite.org\/wp-content\/uploads\/2019\/01\/Leaman-Paul-1-500x600.jpg\" alt=\"Paul Leaman, head of school\" height=\"600\" width=\"500\" title=\"Paul Leaman\" onerror=\"this.style.display='none'\" loading=\"lazy\" \/>\n\t<\/figure>\n\t<strong>Paul Leaman<br \/>\n<\/strong>director de escuela\n\t\t\t<a href=\"https:\/\/www.easternmennonite.org\/es\/support\/\"  target=\"_self\">\n\t\t\t\t\t\t\tSoporte EMS\n\t\t\t\t\t<\/a>","protected":false},"excerpt":{"rendered":"<p>Share updates Windsock Archive Request a Transcript Get E-News Read TODAY Homecoming Alumni Stories Nominate an alum! Golf Tournament Ways to stay involved&#8230; Whether you graduated two years ago or decades ago, you are a cornerstone of our school&#8217;s future. We want to stay connected&#8230;and keep you connected with your classmates and friends! Stay Connected&hellip;<\/p>","protected":false},"author":4,"featured_media":0,"parent":0,"menu_order":0,"comment_status":"closed","ping_status":"closed","template":"","meta":{"_acf_changed":false,"footnotes":""},"class_list":["post-9802","page","type-page","status-publish","hentry"],"acf":[],"_links":{"self":[{"href":"https:\/\/www.easternmennonite.org\/es\/wp-json\/wp\/v2\/pages\/9802","targetHints":{"allow":["GET"]}}],"collection":[{"href":"https:\/\/www.easternmennonite.org\/es\/wp-json\/wp\/v2\/pages"}],"about":[{"href":"https:\/\/www.easternmennonite.org\/es\/wp-json\/wp\/v2\/types\/page"}],"author":[{"embeddable":true,"href":"https:\/\/www.easternmennonite.org\/es\/wp-json\/wp\/v2\/users\/4"}],"replies":[{"embeddable":true,"href":"https:\/\/www.easternmennonite.org\/es\/wp-json\/wp\/v2\/comments?post=9802"}],"version-history":[{"count":4,"href":"https:\/\/www.easternmennonite.org\/es\/wp-json\/wp\/v2\/pages\/9802\/revisions"}],"predecessor-version":[{"id":79405,"href":"https:\/\/www.easternmennonite.org\/es\/wp-json\/wp\/v2\/pages\/9802\/revisions\/79405"}],"wp:attachment":[{"href":"https:\/\/www.easternmennonite.org\/es\/wp-json\/wp\/v2\/media?parent=9802"}],"curies":[{"name":"gracias","href":"https:\/\/api.w.org\/{rel}","templated":true}]}}