{"id":9803,"date":"2026-02-20T07:53:00","date_gmt":"2026-02-20T12:53:00","guid":{"rendered":"https:\/\/emsdev.clayshowalter.com\/?page_id=9803"},"modified":"2026-02-20T15:27:22","modified_gmt":"2026-02-20T20:27:22","slug":"homecoming","status":"publish","type":"page","link":"https:\/\/www.easternmennonite.org\/es\/alumni\/homecoming\/","title":{"rendered":"regreso a casa"},"content":{"rendered":"<h2><strong>Regreso a casa de EMHS 2026: 16 y 17 de octubre<\/strong><\/h2>\n\t<ul>\n<li>Reuniones de cinco a\u00f1os para los graduados de las clases que terminan en 6 y 1.\n<ul>\n<li>Comun\u00edquese con <a href=\"https:\/\/www.easternmennonite.org\/facultystaff\/erin-kennedy-hess\/\">Erin Kennedy Hess<\/a> Si deseas coordinar la reuni\u00f3n de tu clase.<\/li>\n<\/ul>\n<\/li>\n<li>Los antiguos alumnos, el profesorado y el personal, los estudiantes y las familias son bienvenidos a todos los actos.<\/li>\n<li><a href=\"https:\/\/app.donorview.com\/Survey\/Start?prm=1ll7PRF8QmErcAyv1bQsRqRvCJ8mkZ1xH4AiDWXRu-Z50vohLiiv40gvFRgD_jGiGqPs-M4I4hyEl5itcFciow9H-UH5MHliAnaz4a6BxgMUJ18qz3Op1gdQsaAotKf-RMUhm8_B_-jp9I9Uq0_gvpZreUWxAbbNV6zy1OWDH7tLQp6SP0F3ThWfYmQgolhDizt3vwVVYh6wNCAIXS4Khb7Z33wL0rUFirRD1alhNei_7krWO-HwWfwPc4fc2Kb80\" target=\"_blank\" rel=\"noopener\">Actualice su informaci\u00f3n de contacto<\/a> para asegurarse de que recibe nuestro correo electr\u00f3nico mensual <em>Informe sobre las llamas<\/em>, Informaci\u00f3n de regreso a casa y\u00a0<em>TODAY<\/em><\/li>\n<li>\u00a1Abast\u00e9cete de ropa de Flames! Tu pedido ser\u00e1 enviado directamente a tu domicilio. <a href=\"https:\/\/teamlocker.squadlocker.com\/#\/lockers\/eastern-mennonite-school\" target=\"_blank\" rel=\"noopener\">Comercio<\/a><\/li>\n<\/ul>\n\t\t\t<a href=\"https:\/\/www.easternmennonite.org\/es\/alumni\/alumni-awards\/\"  target=\"_blank\" rel=\"noopener\">\n\t\t\t\t\t\t\t\u00a1Nomina una historia de exalumno para 2026!\n\t\t\t\t\t<\/a>\n\t\t\t<a href=\"https:\/\/www.easternmennonite.org\/es\/alumni\/\"  target=\"_blank\" rel=\"noopener\">\n\t\t\t\t\t\t\tP\u00e1gina de Alumni\n\t\t\t\t\t<\/a>\n\t<h2><strong>Horario de regreso a casa <\/strong><strong>2026 <\/strong><\/h2>\n<h3><strong>Viernes 16 de octubre<br \/>\n<\/strong><\/h3>\n<ul>\n<li><strong>Capilla, Auditorio EMS, 10:15 a. m.<\/strong>\n<ul>\n<li>Todos son bienvenidos<\/li>\n<\/ul>\n<\/li>\n<li><strong>Picnic de bienvenida, espacio de reuni\u00f3n EMES, 5 p. m.*<\/strong>\n<ul>\n<li>Todos son bienvenidos<\/li>\n<li>Disfruta de la m\u00fasica de Randy Harry &#039;78<\/li>\n<li>Se pueden reservar mesas, previa solicitud, para reuniones.<\/li>\n<li>Se aceptan donaciones para cubrir el costo de la comida.<\/li>\n<\/ul>\n<\/li>\n<li><strong>Concierto de bienvenida, Auditorio EMS, 19:00 h<\/strong>\n<ul>\n<li>Conjuntos corales e instrumentales de la escuela secundaria<\/li>\n<\/ul>\n<\/li>\n<\/ul>\n<h3>S\u00e1bado 17 de octubre<\/h3>\n<ul>\n<li><strong>Desayuno de bienvenida, comedor EMS, de 8:30 a 10 a. m.**<\/strong>\n<ul>\n<li>Todos son bienvenidos<\/li>\n<li>Se pueden reservar mesas, previa solicitud, para reuniones.<\/li>\n<li>Escucharemos a Paul Leaman, director de la escuela, y celebraremos las historias de nuestros exalumnos.<\/li>\n<li>Se sugiere una donaci\u00f3n de $10, que se puede pagar en la puerta.<\/li>\n<\/ul>\n<\/li>\n<li><strong>Visitas autoguiadas al edificio, de 10:00 a 17:00 horas<\/strong>\n<ul>\n<li>A trav\u00e9s del edificio superior<\/li>\n<\/ul>\n<\/li>\n<li><strong>Voleibol femenino JV y Varsity vs. Broadway, Gimnasio EMS, 11:00 y 12:30<\/strong>\n<ul>\n<li>Todos son bienvenidos<\/li>\n<li>Los exalumnos y los invitados reciben entrada gratuita.<\/li>\n<\/ul>\n<\/li>\n<li><strong>F\u00fatbol universitario masculino contra Veritas, campos de f\u00fatbol EMS, 15:00 h<\/strong>\n<ul>\n<li>Todos son bienvenidos<\/li>\n<li>La entrada es gratuita para los partidos de f\u00fatbol.<\/li>\n<\/ul>\n<\/li>\n<\/ul>\n<p><strong>Durante todo el fin de semana<\/strong> \u2013 Reuniones de clases que terminan en 6 y 1 seg\u00fan lo planeado y promovido por los compa\u00f1eros.<\/p>\n<p><em><strong>*Se recomienda registrarse<\/strong><\/em><\/p>\n<p><em><strong>** Es necesario registrarse<\/strong><\/em><\/p>\n\t\t\t<a href=\"https:\/\/www.easternmennonite.org\/es\/2025\/10\/homecoming-2025-putting-in-the-time-to-connect\/\"  target=\"_blank\" rel=\"noopener\">\n\t\t\t\t\t\t\tResumen del regreso a casa 2025\n\t\t\t\t\t<\/a>\n\t\t\t<a href=\"https:\/\/drive.google.com\/file\/d\/1PIf2V46oV6VPtRyCggPI8pDr4_u-sG0T\/view?usp=drive_link\"  target=\"_self\">\n\t\t\t\t\t\t\tFolleto de bienvenida 2025\n\t\t\t\t\t<\/a>\n\t<h2>Exalumnos celebrados en la fiesta de bienvenida &#039;25<\/h2>\n<figure itemscope itemtype=\"https:\/\/schema.org\/ImageObject\">\n\t\t\t\t<a href=\"https:\/\/www.easternmennonite.org\/es\/2025\/08\/alumni-stories-rolando-santiago-75\/\"  target=\"_self\" itemprop=\"url\">\n\t\t\t\t<img decoding=\"async\" src=\"https:\/\/www.easternmennonite.org\/wp-content\/uploads\/2025\/08\/Profile-2.1-300x297.jpg\" alt=\"Rolando Santiago &#039;75\" height=\"297\" width=\"300\" title=\"Perfil #2.1\" onerror=\"this.style.display='none'\" loading=\"lazy\" \/>\n\t\t\t\t<\/a>\n\t\t<figcaption>Rolando Santiago &#039;75<\/figcaption>\n\t<\/figure>\n<figure itemscope itemtype=\"https:\/\/schema.org\/ImageObject\">\n\t\t\t\t<a href=\"https:\/\/www.easternmennonite.org\/es\/2025\/08\/alumni-stories-wendy-wenger-95-hochstedler\/\"  target=\"_self\" itemprop=\"url\">\n\t\t\t\t<img decoding=\"async\" src=\"https:\/\/www.easternmennonite.org\/wp-content\/uploads\/2025\/08\/IMG_2553-e1755612292650-273x300.jpeg\" alt=\"Wendy Wenger &#039;95 Hochstedler\" height=\"300\" width=\"273\" title=\"Imagen_2553\" onerror=\"this.style.display='none'\" loading=\"lazy\" \/>\n\t\t\t\t<\/a>\n\t\t<figcaption>Wendy Wenger &#039;95 Hochstedler<\/figcaption>\n\t<\/figure>\n<figure itemscope itemtype=\"https:\/\/schema.org\/ImageObject\">\n\t\t\t\t<a href=\"https:\/\/www.easternmennonite.org\/es\/2025\/08\/alumni-stories-everett-brubaker-10\/\"  target=\"_self\" itemprop=\"url\">\n\t\t\t\t<img decoding=\"async\" src=\"https:\/\/www.easternmennonite.org\/wp-content\/uploads\/2025\/08\/unnamed-1-300x300.jpg\" alt=\"Everett Brubaker &#039;10\" height=\"300\" width=\"300\" title=\"Everett Brubaker &#039;10\" onerror=\"this.style.display='none'\" loading=\"lazy\" \/>\n\t\t\t\t<\/a>\n\t\t<figcaption>Everett Brubaker &#039;10<\/figcaption>\n\t<\/figure>\n\t\t\t<a href=\"https:\/\/www.easternmennonite.org\/es\/alumni\/alumni-awards\/\"  target=\"_blank\" rel=\"noopener\">\n\t\t\t\t\t\t\tVea todas las historias de exalumnos que hemos celebrado\n\t\t\t\t\t<\/a>\n\t<p><em>Descargo de responsabilidad fotogr\u00e1fica:<\/em> <i>El personal de EMS tomar\u00e1 fotos y v\u00eddeos durante el fin de semana de Homecoming. Tenga en cuenta que al asistir a las actividades, usted da su consentimiento para ser fotografiado y grabado en v\u00eddeo y su imagen puede ser utilizada por EMS para futuros fines promocionales, publicitarios y editoriales.\u00a0<\/i><\/p>","protected":false},"excerpt":{"rendered":"<p>Regreso a casa de EMHS 2026: 16 y 17 de octubre. Reuniones de cinco a\u00f1os para los graduados de las clases que terminan en 6.\u00ba y 1.\u00ba. Contacta a Erin Kennedy Hess si deseas coordinar tu reuni\u00f3n de promoci\u00f3n. Exalumnos, profesores, personal, estudiantes y familias son bienvenidos a todos los eventos. Actualiza tu informaci\u00f3n de contacto para asegurarte de recibir nuestro bolet\u00edn mensual por correo electr\u00f3nico.<\/p>","protected":false},"author":4,"featured_media":9813,"parent":9802,"menu_order":0,"comment_status":"closed","ping_status":"closed","template":"","meta":{"_acf_changed":false,"footnotes":""},"class_list":["post-9803","page","type-page","status-publish","has-post-thumbnail","hentry"],"acf":[],"_links":{"self":[{"href":"https:\/\/www.easternmennonite.org\/es\/wp-json\/wp\/v2\/pages\/9803","targetHints":{"allow":["GET"]}}],"collection":[{"href":"https:\/\/www.easternmennonite.org\/es\/wp-json\/wp\/v2\/pages"}],"about":[{"href":"https:\/\/www.easternmennonite.org\/es\/wp-json\/wp\/v2\/types\/page"}],"author":[{"embeddable":true,"href":"https:\/\/www.easternmennonite.org\/es\/wp-json\/wp\/v2\/users\/4"}],"replies":[{"embeddable":true,"href":"https:\/\/www.easternmennonite.org\/es\/wp-json\/wp\/v2\/comments?post=9803"}],"version-history":[{"count":6,"href":"https:\/\/www.easternmennonite.org\/es\/wp-json\/wp\/v2\/pages\/9803\/revisions"}],"predecessor-version":[{"id":79003,"href":"https:\/\/www.easternmennonite.org\/es\/wp-json\/wp\/v2\/pages\/9803\/revisions\/79003"}],"up":[{"embeddable":true,"href":"https:\/\/www.easternmennonite.org\/es\/wp-json\/wp\/v2\/pages\/9802"}],"wp:featuredmedia":[{"embeddable":true,"href":"https:\/\/www.easternmennonite.org\/es\/wp-json\/wp\/v2\/media\/9813"}],"wp:attachment":[{"href":"https:\/\/www.easternmennonite.org\/es\/wp-json\/wp\/v2\/media?parent=9803"}],"curies":[{"name":"gracias","href":"https:\/\/api.w.org\/{rel}","templated":true}]}}