{"id":9840,"date":"2019-03-28T09:29:11","date_gmt":"2019-03-28T13:29:11","guid":{"rendered":"https:\/\/emsdev.clayshowalter.com\/?page_id=9840"},"modified":"2025-10-21T08:05:11","modified_gmt":"2025-10-21T12:05:11","slug":"dining-hall","status":"publish","type":"page","link":"https:\/\/www.easternmennonite.org\/es\/about\/dining-hall\/","title":{"rendered":"Dining hall"},"content":{"rendered":"<h2>\n\t\t\tMen\u00fa de mediod\u00eda\t<\/h2>\n\t<p><a id=\"download-pdf\" title=\"Click here for a printable lunch menu for this month\" href=\"https:\/\/s.wordpress.com\/mshots\/v1\/https%3A%2F%2Fwww.easternmennonite.org%2Fabout%2Fcalendar%2Flunch-calendar-print%2F?w=2000\" target=\"_blank\" rel=\"noopener\"><strong>Descargar\/Imprimir el men\u00fa de almuerzo de este mes<\/strong><\/a><\/p>\n\t<div id=\"eo_fullcalendar_1_loading\" class=\"eo-fullcalendar-loading\" ><img decoding=\"async\" src=\"https:\/\/www.easternmennonite.org\/wp-content\/plugins\/event-organiser\/css\/images\/loading-image.gif\" class=\"eo-fullcalendar-loading-icon\" alt=\"Loading&#8230;\" \/> Cargando\u2026<\/div><div class=\"eo-fullcalendar eo-fullcalendar-shortcode eo-fullcalendar-reset eo-fullcalendar-responsive\" id=\"eo_fullcalendar_1\"><\/div>\n\t<h1>Paying for lunch<\/h1>\n<p>Las familias que cumplan los requisitos pueden solicitar almuerzos gratuitos o a precio reducido. Para saber si cumple los requisitos, solicite aqu\u00ed: <a href=\"https:\/\/drive.google.com\/file\/d\/1aq8L_QPXLXkEKRRf4B2xXQ72kZjJ220z\/view?usp=sharing\" target=\"_blank\" rel=\"noopener\">Solicitud de comidas gratuitas y reducidas.<\/a><\/p>\n<p>EMS uses <a href=\"https:\/\/www.mymealtime.com\/\" target=\"_blank\" rel=\"noopener\">MealTime<\/a> to maintain lunch accounts. MealTime balances are imported monthly into our FACTS billing system so that you do <em>NOT<\/em> necesita agregar dinero a la cuenta MealTime de su estudiante. Crear una cuenta es <em>OPTIONAL<\/em>, pero le permite a usted, padre\/tutor, acceder a toda la actividad del almuerzo de su estudiante en un solo lugar. Cree una cuenta en: <a href=\"https:\/\/www.mymealtime.com\/\" target=\"_blank\" rel=\"noopener\">Hora de comer.<\/a><\/p>\n<p>Descubra m\u00e1s sobre nuestros: <a href=\"https:\/\/www.easternmennonite.org\/wp-content\/uploads\/2025\/10\/Meal-Charge-Policy-PDF-1.pdf\">Pol\u00edtica de cobro de comidas<\/a>.<\/p>\n<ul>\n<li>Almuerzo de estudiantes \u2013 $4.30<\/li>\n<li>Almuerzo reducido para estudiantes \u2013 $ .40<\/li>\n<li>Almuerzo para adultos \u2013 $4.90<\/li>\n<\/ul>\n\t<h1><strong>Eating together builds community<\/strong><\/h1>\n<p>Nuestro personal del comedor prepara comidas caseras nutritivas a diario. La mayor\u00eda de los platos del men\u00fa se preparan desde cero o se hornean cada ma\u00f1ana. Cada comida proporciona los grupos de alimentos requeridos, cumpliendo con las normas y recomendaciones del USDA y otros est\u00e1ndares de cumplimiento.<\/p>\n<p>Almuerzo caliente y ensalada disponibles a diario. Consulte el men\u00fa arriba y en la p\u00e1gina siguiente. <a href=\"http:\/\/track.spe.schoolmessenger.com\/f\/a\/lx4M0fOL-ckRNB6zLNQBuQ~~\/AAAAAQA~\/RgRhPOCeP0QwaHR0cHM6Ly93d3cuZWFzdGVybm1lbm5vbml0ZS5vcmcvYWJvdXQvY2FsZW5kYXIvVwdzY2hvb2xtQgoARx6tW18VY5I6UhB3ZW5nZXJhQGVtaHMubmV0WAQAAAAB\" target=\"_blank\" rel=\"noopener\" data-saferedirecturl=\"https:\/\/www.google.com\/url?q=http:\/\/track.spe.schoolmessenger.com\/f\/a\/lx4M0fOL-ckRNB6zLNQBuQ~~\/AAAAAQA~\/RgRhPOCeP0QwaHR0cHM6Ly93d3cuZWFzdGVybm1lbm5vbml0ZS5vcmcvYWJvdXQvY2FsZW5kYXIvVwdzY2hvb2xtQgoARx6tW18VY5I6UhB3ZW5nZXJhQGVtaHMubmV0WAQAAAAB&amp;source=gmail&amp;ust=1599931651663000&amp;usg=AFQjCNEulfTz0-CJL3DlfZztBiK7O6mV-w\">web calendar.<\/a> Lunch count is taken at the beginning of each day, so students can decide to purchase at the last moment. Packers can choose to purchase milk, ice cream, or a dinner roll to supplement their packed lunch.<\/p>\n<p>Students are welcome to eat outside of the building in designated monitored spots. or in the dining hall.<\/p>\n<p>Our kitchen maintains a restaurant license and staff holds ServSafe certifications, ensuring that our food is prepared in a clean and safe environment.<\/p>\n<h3>Informaci\u00f3n Adicional<\/h3>\n<p><a href=\"https:\/\/www.easternmennonite.org\/es\/renting-space-at-ems\/\">Facility rental information.<\/a> Find out more about banquet services provided by our dining hall staff.<\/p>\n<p><a href=\"https:\/\/www.easternmennonite.org\/es\/food-allergies-and-ems\/\">Food allergies<\/a>. EMS commits to work with students and families to assure that all students are safe in the dining hall.<\/p>\n<p><a href=\"https:\/\/www.dss.virginia.gov\/files\/division\/pa\/news_releases\/2021\/P-EBT_Benefits_Aug-25.pdf\" target=\"_blank\" rel=\"noopener\">P-EBT Benefits<\/a><\/p>\n<p><a href=\"https:\/\/www.easternmennonite.org\/es\/2020\/11\/students-initiate-and-manage-lunchtime-composting-system\/\" target=\"_blank\" rel=\"noopener\">Sustainability<\/a> (composting and recycling) efforts, started during the Covid pandemic.<\/p>\n<p><a href=\"https:\/\/www.easternmennonite.org\/wp-content\/uploads\/2025\/10\/2025-EMS-Wellness-Policies-on-Physical-Activity-and-Nutrition.pdf\">EMS Wellness Policies on Physical Activity and Nutrition<\/a><\/p>\n<p><a href=\"https:\/\/www.easternmennonite.org\/wp-content\/uploads\/2025\/10\/2025-Triennial-Assessment-1.pdf\">Wellness Policy Triennial Assessment<\/a><\/p>\n<p><a href=\"https:\/\/www.easternmennonite.org\/wp-content\/uploads\/2022\/12\/smartsnacks.pdf\" target=\"_blank\" rel=\"noopener\">Guide to Smart Snacks in Schools<\/a><\/p>\n<a href=\"https:\/\/www.fns.usda.gov\/summer\/sitefinder#:~:text=The%20Summer%20Meals%20for%20Kids%20Site%20Finder%20was%20developed%20by,to%20children%2018%20and%20younger.\">Buscador de sitios de comidas de verano para ni\u00f1os<\/a>\n\t<ol>\n<li>\n<p>De conformidad con la ley federal de derechos civiles y las normas y pol\u00edticas de derechos civiles del USDA, el USDA, sus agencias, oficinas, empleados e instituciones que participan o administran programas del USDA tienen prohibido discriminar por motivos de raza, color, nacionalidad, religi\u00f3n, sexo, discapacidad, edad, estado civil, situaci\u00f3n familiar\/parental, ingresos provenientes de un programa de asistencia p\u00fablica, creencias pol\u00edticas o represalias por actividades previas en materia de derechos civiles, en cualquier programa o actividad realizada o financiada por el USDA (no todas las bases se aplican a todos los programas). Los recursos y los plazos para presentar quejas var\u00edan seg\u00fan el programa o incidente.<\/p>\n<p>Las personas con discapacidad que requieran medios alternativos de comunicaci\u00f3n para la informaci\u00f3n del programa (por ejemplo, braille, letra grande, audiocasete, lenguaje de se\u00f1as americano, etc.) deben comunicarse con la agencia estatal o local que administra el programa o con el USDA a trav\u00e9s del Servicio de Retransmisi\u00f3n de Telecomunicaciones al 711 (voz y TTY). Adem\u00e1s, la informaci\u00f3n del programa podr\u00eda estar disponible en otros idiomas adem\u00e1s del ingl\u00e9s.<\/p>\n<p>Para presentar una queja por discriminaci\u00f3n en el programa, complete el Formulario de queja por discriminaci\u00f3n en el programa del USDA, <a href=\"https:\/\/www.usda.gov\/sites\/default\/files\/documents\/ad-3027.pdf\">A\u00f1o 3027 d. C.<\/a>, disponible en l\u00ednea en C\u00f3mo presentar una queja por discriminaci\u00f3n en el programa y en cualquier oficina del USDA, o bien, escriba una carta dirigida al USDA e incluya en ella toda la informaci\u00f3n solicitada en el formulario. Para solicitar una copia del formulario de queja, llame al (866) 632-9992. Env\u00ede su formulario o carta completos al USDA por:<\/p>\n<ol>\n<li>Correo: Servicio de Alimentos y Nutrici\u00f3n del USDA, 1320 Braddock Place, Sala 334 Alexandria, VA 22314; o<\/li>\n<li>Email: <a href=\"mailto:FNSCIVILRIGHTSCOMPLAINTS@usda.gov\">FNSCIVILRIGHTSCOMPLAINTS@usda.gov<\/a>.<\/li>\n<\/ol>\n<p>El USDA es un proveedor, empleador y prestamista que ofrece igualdad de oportunidades.<\/p>\n<\/li>\n<\/ol>\n\t<strong>VDOE Office of School Nutrition Programs<\/strong><br \/>\nPO BOX 2120<br \/>\nRichmond, VA 23218-2120\n\t<strong>USDA Mid-Atlantic Regional Office<\/strong><br \/>\nMercer Corporate Park<br \/>\n300 Corporate Boulevard<br \/>\nRobbinsville, NJ 08691-1518\n\t<strong>USDA Office of Civil Rights<\/strong><br \/>\n1400 Independence Ave, SW,<br \/>\nWashington, DC 20250-9410","protected":false},"excerpt":{"rendered":"<p>Men\u00fa del almuerzo Descargar\/Imprimir el men\u00fa del almuerzo de este mes Pago del almuerzo Las familias que cumplan con los requisitos pueden solicitar almuerzos gratuitos o a precio reducido. Para saber si usted cumple con los requisitos, solicite aqu\u00ed: Solicitud de almuerzos gratuitos o a precio reducido. EMS utiliza MealTime para administrar las cuentas de almuerzo. Los saldos de MealTime se importan mensualmente a nuestro sistema de facturaci\u00f3n FACTS para que usted NO\u2026<\/p>","protected":false},"author":4,"featured_media":9849,"parent":74,"menu_order":0,"comment_status":"closed","ping_status":"closed","template":"","meta":{"_acf_changed":false,"footnotes":""},"class_list":["post-9840","page","type-page","status-publish","has-post-thumbnail","hentry"],"acf":[],"_links":{"self":[{"href":"https:\/\/www.easternmennonite.org\/es\/wp-json\/wp\/v2\/pages\/9840","targetHints":{"allow":["GET"]}}],"collection":[{"href":"https:\/\/www.easternmennonite.org\/es\/wp-json\/wp\/v2\/pages"}],"about":[{"href":"https:\/\/www.easternmennonite.org\/es\/wp-json\/wp\/v2\/types\/page"}],"author":[{"embeddable":true,"href":"https:\/\/www.easternmennonite.org\/es\/wp-json\/wp\/v2\/users\/4"}],"replies":[{"embeddable":true,"href":"https:\/\/www.easternmennonite.org\/es\/wp-json\/wp\/v2\/comments?post=9840"}],"version-history":[{"count":6,"href":"https:\/\/www.easternmennonite.org\/es\/wp-json\/wp\/v2\/pages\/9840\/revisions"}],"predecessor-version":[{"id":77397,"href":"https:\/\/www.easternmennonite.org\/es\/wp-json\/wp\/v2\/pages\/9840\/revisions\/77397"}],"up":[{"embeddable":true,"href":"https:\/\/www.easternmennonite.org\/es\/wp-json\/wp\/v2\/pages\/74"}],"wp:featuredmedia":[{"embeddable":true,"href":"https:\/\/www.easternmennonite.org\/es\/wp-json\/wp\/v2\/media\/9849"}],"wp:attachment":[{"href":"https:\/\/www.easternmennonite.org\/es\/wp-json\/wp\/v2\/media?parent=9840"}],"curies":[{"name":"gracias","href":"https:\/\/api.w.org\/{rel}","templated":true}]}}