{"id":9875,"date":"2019-03-28T11:53:55","date_gmt":"2019-03-28T15:53:55","guid":{"rendered":"https:\/\/emsdev.clayshowalter.com\/?page_id=9875"},"modified":"2024-07-23T16:20:07","modified_gmt":"2024-07-23T20:20:07","slug":"parent-teacher-fellowship-ptf","status":"publish","type":"page","link":"https:\/\/www.easternmennonite.org\/es\/about\/parent-portal\/parent-teacher-fellowship-ptf\/","title":{"rendered":"Organizaciones de padres y profesores"},"content":{"rendered":"<h1>\n\t\tOrganizaciones de padres y profesores\n\t<\/h1>\n\t<p>Nuestra <a href=\"https:\/\/www.easternmennonite.org\/es\/about\/\">declaraci\u00f3n de objetivos<\/a> destaca el valor de la colaboraci\u00f3n con el \u201chogar\u201d en la b\u00fasqueda de la excelencia acad\u00e9mica.<\/p>\n<p>En la ense\u00f1anza primaria, el PTF (parent-teacher fellowship) es la organizaci\u00f3n a trav\u00e9s de la cual se relacionan padres, profesores y administradores.<\/p>\n<p>En los grados 6-12, los representantes de clase se relacionan durante las reuniones mensuales con los directores para un Foro de Padres.<\/p>\n<p>Ambos grupos:<\/p>\n<ul>\n<li>ofrecer oportunidades para que padres y profesores interact\u00faen de manera informal;<\/li>\n<li>son un lugar para que los padres compartan ideas y preocupaciones con el profesorado y la administraci\u00f3n;<\/li>\n<li>apoyar la intersecci\u00f3n de la escuela, el hogar y la iglesia en la educaci\u00f3n de nuestros estudiantes;<\/li>\n<li>compartir el aprecio por el personal de la escuela compartiendo comida (\u00a1ver m\u00e1s abajo!);<\/li>\n<li>ofrecen un entorno de apoyo para que los padres interact\u00faen.<\/li>\n<\/ul>\n<p>&nbsp;<\/p>\n\t\t\t\t<img loading=\"lazy\" decoding=\"async\" src=\"https:\/\/www.easternmennonite.org\/wp-content\/uploads\/2018\/07\/IMG_7175-300x200.jpg\" alt=\"Maria Archer and Justin King\" itemprop=\"image\" height=\"200\" width=\"300\" title=\"IMG_7175\" onerror=\"this.style.display='none'\"  \/>\n\t<p><a href=\"https:\/\/www.easternmennonite.org\/es\/2018\/07\/maria-archer-named-k-8-principal\/\">Maria Archer<\/a>Director de K-8, y\u00a0<a href=\"https:\/\/www.easternmennonite.org\/es\/2018\/07\/justin-king-named-new-high-school-principal\/\">Justin King<\/a>, director del instituto, colaboran con los padres a trav\u00e9s del PTF (primaria) y el Foro de Padres (grados 6-12). Para participar, compartir ideas o preocupaciones, o hacer preguntas, p\u00f3ngase en contacto con los directores.<\/p>","protected":false},"excerpt":{"rendered":"<p>Organizaciones de padres y maestros Nuestra declaraci\u00f3n de misi\u00f3n destaca el valor de la colaboraci\u00f3n con el \u201chogar\u201d en la b\u00fasqueda de la excelencia acad\u00e9mica. En el nivel primario, la PTF (compa\u00f1\u00eda de padres y maestros) es la organizaci\u00f3n a trav\u00e9s de la cual se conectan padres, maestros y administradores. En los grados 6-12, los representantes de clase se relacionan durante reuniones mensuales con los directores para un Foro de Padres. Ambos\u2026<\/p>","protected":false},"author":4,"featured_media":9880,"parent":9830,"menu_order":0,"comment_status":"closed","ping_status":"closed","template":"","meta":{"_acf_changed":false,"footnotes":""},"class_list":["post-9875","page","type-page","status-publish","has-post-thumbnail","hentry"],"acf":[],"_links":{"self":[{"href":"https:\/\/www.easternmennonite.org\/es\/wp-json\/wp\/v2\/pages\/9875","targetHints":{"allow":["GET"]}}],"collection":[{"href":"https:\/\/www.easternmennonite.org\/es\/wp-json\/wp\/v2\/pages"}],"about":[{"href":"https:\/\/www.easternmennonite.org\/es\/wp-json\/wp\/v2\/types\/page"}],"author":[{"embeddable":true,"href":"https:\/\/www.easternmennonite.org\/es\/wp-json\/wp\/v2\/users\/4"}],"replies":[{"embeddable":true,"href":"https:\/\/www.easternmennonite.org\/es\/wp-json\/wp\/v2\/comments?post=9875"}],"version-history":[{"count":0,"href":"https:\/\/www.easternmennonite.org\/es\/wp-json\/wp\/v2\/pages\/9875\/revisions"}],"up":[{"embeddable":true,"href":"https:\/\/www.easternmennonite.org\/es\/wp-json\/wp\/v2\/pages\/9830"}],"wp:featuredmedia":[{"embeddable":true,"href":"https:\/\/www.easternmennonite.org\/es\/wp-json\/wp\/v2\/media\/9880"}],"wp:attachment":[{"href":"https:\/\/www.easternmennonite.org\/es\/wp-json\/wp\/v2\/media?parent=9875"}],"curies":[{"name":"gracias","href":"https:\/\/api.w.org\/{rel}","templated":true}]}}