{"id":9950,"date":"2019-03-29T14:54:19","date_gmt":"2019-03-29T18:54:19","guid":{"rendered":"https:\/\/emsdev.clayshowalter.com\/?page_id=9950"},"modified":"2024-08-28T14:19:06","modified_gmt":"2024-08-28T18:19:06","slug":"directions-for-visitors","status":"publish","type":"page","link":"https:\/\/www.easternmennonite.org\/es\/athletics\/directions-for-visitors\/","title":{"rendered":"Instrucciones para visitantes"},"content":{"rendered":"<p><strong><a href=\"https:\/\/www.google.com\/maps\/place\/38%C2%B028'13.3\">Instituto Eastern Mennonite<\/a>\u00a0<\/strong>801 Parkwood Drive, Harrisonburg, VA (540) 236-6000. C\u00f3mo llegar a la escuela:<\/p>\n<p><strong>Del \u00e1rea de Richmond:<\/strong><\/p>\n<p>Tome la I-64 oeste hasta la I-81 norte. Tome la I-81 Norte, salida 247B \u2013 Oeste (33 Oeste). Vaya al tercer sem\u00e1foro. Gire a la derecha en Vine Street. Siga recto por Vine Street; Vine Street se convierte en Mt. Clinton Pike. En el quinto sem\u00e1foro (Exxon a la derecha), gire a la derecha en la Ruta 42 durante aproximadamente 1\/4 de milla. En la siguiente calle (a la izquierda), gire a la izquierda en Parkwood Drive (el Virginia Conference Center est\u00e1 en la esquina). El primer estacionamiento a la izquierda es el gimnasio. Los campos deportivos est\u00e1n ubicados detr\u00e1s del edificio.<\/p>\n<p><strong>Desde la zona de Winchester o m\u00e1s al norte:<\/strong><\/p>\n<p>Tome la I-81 Sur hasta Harrisonburg. Tome la salida 251 (se\u00f1ales para Eastern Mennonite University). Gire a la izquierda en la Rt. 11 (en direcci\u00f3n Sur). Siga hasta llegar al primer sem\u00e1foro (aproximadamente 5 millas). Gire a la derecha en Mt. Clinton Pike. Pase un sem\u00e1foro y las v\u00edas del tren. Gire a la derecha en la Rt. 42 (Virginia Ave, hay un Exxon en la esquina derecha). En la siguiente calle (a la izquierda) gire a la izquierda en Parkwood Drive (Virginia Conference Center est\u00e1 en la esquina). El primer aparcamiento a la izquierda es el gimnasio. Los campos de atletismo se encuentran detr\u00e1s del edificio.<\/p>\n<p><strong>Desde la Rt. 33 viniendo de la Rt.29:<\/strong><\/p>\n<p>Tome la Rt 33 hacia Harrisonburg. Cruce la I-81 y en el tercer sem\u00e1foro despu\u00e9s de la I-81 gire a la derecha en Vine St. Contin\u00fae por Vine St (que se convierte en Mt. Clinton Pike en el segundo sem\u00e1foro) hasta cruzar las v\u00edas del tren. Gire a la derecha en Virginia Ave (Rt. 42 Norte, Exxon en la esquina). En la siguiente calle (a la izquierda) gire a la izquierda en Parkwood Drive (Virginia Conference Center est\u00e1 en la esquina). El primer aparcamiento a la izquierda es el gimnasio. Los campos de atletismo se encuentran detr\u00e1s del edificio.<\/p>\n<p><strong>Pistas de tenis<\/strong><\/p>\n<p>Nuestros partidos se juegan en las canchas de la Eastern Mennonite University, justo al este de la escuela. Viniendo de la Ruta 42, suba por Parkwood Drive hasta College Avenue. Gire a la derecha. Las canchas est\u00e1n a la derecha aproximadamente a un cuarto de milla de la intersecci\u00f3n. El aparcamiento est\u00e1 al otro lado de la calle o a lo largo de la carretera.<\/p>","protected":false},"excerpt":{"rendered":"<p>Escuela secundaria Eastern Mennonite 801 Parkwood Drive, Harrisonburg, VA (540) 236-6000. Indicaciones para llegar a la escuela: Desde el \u00e1rea de Richmond: Tome la I \u2013 64 oeste hasta la I-81 norte. Tome la I-81 Norte, salida 247B \u2013 Oeste (33 Oeste). Vaya al tercer sem\u00e1foro. Gire a la derecha en Vine Street. Siga recto por Vine Street; Vine Street se convierte en Mt. Clinton\u2026<\/p>","protected":false},"author":1,"featured_media":10291,"parent":3590,"menu_order":0,"comment_status":"closed","ping_status":"closed","template":"","meta":{"_acf_changed":false,"footnotes":""},"class_list":["post-9950","page","type-page","status-publish","has-post-thumbnail","hentry"],"acf":[],"_links":{"self":[{"href":"https:\/\/www.easternmennonite.org\/es\/wp-json\/wp\/v2\/pages\/9950","targetHints":{"allow":["GET"]}}],"collection":[{"href":"https:\/\/www.easternmennonite.org\/es\/wp-json\/wp\/v2\/pages"}],"about":[{"href":"https:\/\/www.easternmennonite.org\/es\/wp-json\/wp\/v2\/types\/page"}],"author":[{"embeddable":true,"href":"https:\/\/www.easternmennonite.org\/es\/wp-json\/wp\/v2\/users\/1"}],"replies":[{"embeddable":true,"href":"https:\/\/www.easternmennonite.org\/es\/wp-json\/wp\/v2\/comments?post=9950"}],"version-history":[{"count":0,"href":"https:\/\/www.easternmennonite.org\/es\/wp-json\/wp\/v2\/pages\/9950\/revisions"}],"up":[{"embeddable":true,"href":"https:\/\/www.easternmennonite.org\/es\/wp-json\/wp\/v2\/pages\/3590"}],"wp:featuredmedia":[{"embeddable":true,"href":"https:\/\/www.easternmennonite.org\/es\/wp-json\/wp\/v2\/media\/10291"}],"wp:attachment":[{"href":"https:\/\/www.easternmennonite.org\/es\/wp-json\/wp\/v2\/media?parent=9950"}],"curies":[{"name":"gracias","href":"https:\/\/api.w.org\/{rel}","templated":true}]}}